{"id":732,"date":"2019-09-16T08:12:18","date_gmt":"2019-09-16T08:12:18","guid":{"rendered":"http:\/\/www.donbosco.cz\/?page_id=732"},"modified":"2019-09-16T08:13:42","modified_gmt":"2019-09-16T08:13:42","slug":"vitani-prvnacku-2019-2020","status":"publish","type":"page","link":"https:\/\/www.donbosco.cz\/index.php\/fotogalerie\/vitani-prvnacku-2019-2020\/","title":{"rendered":"V\u00edt\u00e1n\u00ed prv\u0148\u00e1\u010dk\u016f 2019\/2020"},"content":{"rendered":"<p><a href=\"http:\/\/www.donbosco.cz\/wp-content\/uploads\/2019\/09\/DSC1269.jpg\" target=\"_blank\" rel=\"noopener\"><img loading=\"lazy\" class=\"alignnone wp-image-733 size-thumbnail\" src=\"http:\/\/www.donbosco.cz\/wp-content\/uploads\/2019\/09\/DSC1269-150x150.jpg\" alt=\"\" width=\"150\" height=\"150\" srcset=\"https:\/\/www.donbosco.cz\/wp-content\/uploads\/2019\/09\/DSC1269-150x150.jpg 150w, https:\/\/www.donbosco.cz\/wp-content\/uploads\/2019\/09\/DSC1269-100x100.jpg 100w\" sizes=\"(max-width: 150px) 100vw, 150px\" \/><\/a> <a href=\"http:\/\/www.donbosco.cz\/wp-content\/uploads\/2019\/09\/DSC1135.jpg\" target=\"_blank\" rel=\"noopener\"><img loading=\"lazy\" class=\"alignnone wp-image-734 size-thumbnail\" src=\"http:\/\/www.donbosco.cz\/wp-content\/uploads\/2019\/09\/DSC1135-150x150.jpg\" alt=\"\" width=\"150\" height=\"150\" srcset=\"https:\/\/www.donbosco.cz\/wp-content\/uploads\/2019\/09\/DSC1135-150x150.jpg 150w, https:\/\/www.donbosco.cz\/wp-content\/uploads\/2019\/09\/DSC1135-100x100.jpg 100w\" sizes=\"(max-width: 150px) 100vw, 150px\" \/><\/a> <a href=\"http:\/\/www.donbosco.cz\/wp-content\/uploads\/2019\/09\/DSC1137.jpg\" target=\"_blank\" rel=\"noopener\"><img loading=\"lazy\" class=\"alignnone wp-image-735 size-thumbnail\" src=\"http:\/\/www.donbosco.cz\/wp-content\/uploads\/2019\/09\/DSC1137-150x150.jpg\" alt=\"\" width=\"150\" height=\"150\" srcset=\"https:\/\/www.donbosco.cz\/wp-content\/uploads\/2019\/09\/DSC1137-150x150.jpg 150w, https:\/\/www.donbosco.cz\/wp-content\/uploads\/2019\/09\/DSC1137-100x100.jpg 100w\" sizes=\"(max-width: 150px) 100vw, 150px\" \/><\/a> <a href=\"http:\/\/www.donbosco.cz\/wp-content\/uploads\/2019\/09\/DSC1147.jpg\" target=\"_blank\" rel=\"noopener\"><img loading=\"lazy\" class=\"alignnone wp-image-736 size-thumbnail\" src=\"http:\/\/www.donbosco.cz\/wp-content\/uploads\/2019\/09\/DSC1147-150x150.jpg\" alt=\"\" width=\"150\" height=\"150\" srcset=\"https:\/\/www.donbosco.cz\/wp-content\/uploads\/2019\/09\/DSC1147-150x150.jpg 150w, https:\/\/www.donbosco.cz\/wp-content\/uploads\/2019\/09\/DSC1147-100x100.jpg 100w\" sizes=\"(max-width: 150px) 100vw, 150px\" \/><\/a> <a href=\"http:\/\/www.donbosco.cz\/wp-content\/uploads\/2019\/09\/DSC1159.jpg\" target=\"_blank\" rel=\"noopener\"><img loading=\"lazy\" class=\"alignnone wp-image-737 size-thumbnail\" src=\"http:\/\/www.donbosco.cz\/wp-content\/uploads\/2019\/09\/DSC1159-150x150.jpg\" alt=\"\" width=\"150\" height=\"150\" srcset=\"https:\/\/www.donbosco.cz\/wp-content\/uploads\/2019\/09\/DSC1159-150x150.jpg 150w, https:\/\/www.donbosco.cz\/wp-content\/uploads\/2019\/09\/DSC1159-100x100.jpg 100w\" sizes=\"(max-width: 150px) 100vw, 150px\" \/><\/a> <a href=\"http:\/\/www.donbosco.cz\/wp-content\/uploads\/2019\/09\/DSC1160.jpg\" target=\"_blank\" rel=\"noopener\"><img loading=\"lazy\" class=\"alignnone wp-image-738 size-thumbnail\" src=\"http:\/\/www.donbosco.cz\/wp-content\/uploads\/2019\/09\/DSC1160-150x150.jpg\" alt=\"\" width=\"150\" height=\"150\" srcset=\"https:\/\/www.donbosco.cz\/wp-content\/uploads\/2019\/09\/DSC1160-150x150.jpg 150w, https:\/\/www.donbosco.cz\/wp-content\/uploads\/2019\/09\/DSC1160-100x100.jpg 100w\" sizes=\"(max-width: 150px) 100vw, 150px\" \/><\/a> <a href=\"http:\/\/www.donbosco.cz\/wp-content\/uploads\/2019\/09\/DSC1161.jpg\" target=\"_blank\" rel=\"noopener\"><img loading=\"lazy\" class=\"alignnone wp-image-739 size-thumbnail\" src=\"http:\/\/www.donbosco.cz\/wp-content\/uploads\/2019\/09\/DSC1161-150x150.jpg\" alt=\"\" width=\"150\" height=\"150\" srcset=\"https:\/\/www.donbosco.cz\/wp-content\/uploads\/2019\/09\/DSC1161-150x150.jpg 150w, https:\/\/www.donbosco.cz\/wp-content\/uploads\/2019\/09\/DSC1161-100x100.jpg 100w\" sizes=\"(max-width: 150px) 100vw, 150px\" \/><\/a> <a href=\"http:\/\/www.donbosco.cz\/wp-content\/uploads\/2019\/09\/DSC1169.jpg\" target=\"_blank\" rel=\"noopener\"><img loading=\"lazy\" class=\"alignnone wp-image-740 size-thumbnail\" src=\"http:\/\/www.donbosco.cz\/wp-content\/uploads\/2019\/09\/DSC1169-150x150.jpg\" alt=\"\" width=\"150\" height=\"150\" srcset=\"https:\/\/www.donbosco.cz\/wp-content\/uploads\/2019\/09\/DSC1169-150x150.jpg 150w, https:\/\/www.donbosco.cz\/wp-content\/uploads\/2019\/09\/DSC1169-100x100.jpg 100w\" sizes=\"(max-width: 150px) 100vw, 150px\" \/><\/a> <a href=\"http:\/\/www.donbosco.cz\/wp-content\/uploads\/2019\/09\/DSC1171.jpg\" target=\"_blank\" rel=\"noopener\"><img loading=\"lazy\" class=\"alignnone wp-image-741 size-thumbnail\" src=\"http:\/\/www.donbosco.cz\/wp-content\/uploads\/2019\/09\/DSC1171-150x150.jpg\" alt=\"\" width=\"150\" height=\"150\" srcset=\"https:\/\/www.donbosco.cz\/wp-content\/uploads\/2019\/09\/DSC1171-150x150.jpg 150w, https:\/\/www.donbosco.cz\/wp-content\/uploads\/2019\/09\/DSC1171-100x100.jpg 100w\" sizes=\"(max-width: 150px) 100vw, 150px\" \/><\/a> <a href=\"http:\/\/www.donbosco.cz\/wp-content\/uploads\/2019\/09\/DSC1177.jpg\" target=\"_blank\" rel=\"noopener\"><img loading=\"lazy\" class=\"alignnone wp-image-742 size-thumbnail\" src=\"http:\/\/www.donbosco.cz\/wp-content\/uploads\/2019\/09\/DSC1177-150x150.jpg\" alt=\"\" width=\"150\" height=\"150\" srcset=\"https:\/\/www.donbosco.cz\/wp-content\/uploads\/2019\/09\/DSC1177-150x150.jpg 150w, https:\/\/www.donbosco.cz\/wp-content\/uploads\/2019\/09\/DSC1177-100x100.jpg 100w\" sizes=\"(max-width: 150px) 100vw, 150px\" \/><\/a> <a href=\"http:\/\/www.donbosco.cz\/wp-content\/uploads\/2019\/09\/DSC1180.jpg\" target=\"_blank\" rel=\"noopener\"><img loading=\"lazy\" class=\"alignnone wp-image-743 size-thumbnail\" src=\"http:\/\/www.donbosco.cz\/wp-content\/uploads\/2019\/09\/DSC1180-150x150.jpg\" alt=\"\" width=\"150\" height=\"150\" srcset=\"https:\/\/www.donbosco.cz\/wp-content\/uploads\/2019\/09\/DSC1180-150x150.jpg 150w, https:\/\/www.donbosco.cz\/wp-content\/uploads\/2019\/09\/DSC1180-100x100.jpg 100w\" sizes=\"(max-width: 150px) 100vw, 150px\" \/><\/a> <a href=\"http:\/\/www.donbosco.cz\/wp-content\/uploads\/2019\/09\/DSC1183.jpg\" target=\"_blank\" rel=\"noopener\"><img loading=\"lazy\" class=\"alignnone wp-image-744 size-thumbnail\" src=\"http:\/\/www.donbosco.cz\/wp-content\/uploads\/2019\/09\/DSC1183-150x150.jpg\" alt=\"\" width=\"150\" height=\"150\" srcset=\"https:\/\/www.donbosco.cz\/wp-content\/uploads\/2019\/09\/DSC1183-150x150.jpg 150w, https:\/\/www.donbosco.cz\/wp-content\/uploads\/2019\/09\/DSC1183-100x100.jpg 100w\" sizes=\"(max-width: 150px) 100vw, 150px\" \/><\/a> <a href=\"http:\/\/www.donbosco.cz\/wp-content\/uploads\/2019\/09\/DSC1186.jpg\" target=\"_blank\" rel=\"noopener\"><img loading=\"lazy\" class=\"alignnone wp-image-745 size-thumbnail\" src=\"http:\/\/www.donbosco.cz\/wp-content\/uploads\/2019\/09\/DSC1186-150x150.jpg\" alt=\"\" width=\"150\" height=\"150\" srcset=\"https:\/\/www.donbosco.cz\/wp-content\/uploads\/2019\/09\/DSC1186-150x150.jpg 150w, https:\/\/www.donbosco.cz\/wp-content\/uploads\/2019\/09\/DSC1186-100x100.jpg 100w\" sizes=\"(max-width: 150px) 100vw, 150px\" \/><\/a> <a href=\"http:\/\/www.donbosco.cz\/wp-content\/uploads\/2019\/09\/DSC1191.jpg\" target=\"_blank\" rel=\"noopener\"><img loading=\"lazy\" class=\"alignnone wp-image-746 size-thumbnail\" src=\"http:\/\/www.donbosco.cz\/wp-content\/uploads\/2019\/09\/DSC1191-150x150.jpg\" alt=\"\" width=\"150\" height=\"150\" srcset=\"https:\/\/www.donbosco.cz\/wp-content\/uploads\/2019\/09\/DSC1191-150x150.jpg 150w, https:\/\/www.donbosco.cz\/wp-content\/uploads\/2019\/09\/DSC1191-100x100.jpg 100w\" sizes=\"(max-width: 150px) 100vw, 150px\" \/><\/a> <a href=\"http:\/\/www.donbosco.cz\/wp-content\/uploads\/2019\/09\/DSC1192.jpg\" target=\"_blank\" rel=\"noopener\"><img loading=\"lazy\" class=\"alignnone wp-image-747 size-thumbnail\" src=\"http:\/\/www.donbosco.cz\/wp-content\/uploads\/2019\/09\/DSC1192-150x150.jpg\" alt=\"\" width=\"150\" height=\"150\" srcset=\"https:\/\/www.donbosco.cz\/wp-content\/uploads\/2019\/09\/DSC1192-150x150.jpg 150w, https:\/\/www.donbosco.cz\/wp-content\/uploads\/2019\/09\/DSC1192-100x100.jpg 100w\" sizes=\"(max-width: 150px) 100vw, 150px\" \/><\/a> <a href=\"http:\/\/www.donbosco.cz\/wp-content\/uploads\/2019\/09\/DSC1196.jpg\" target=\"_blank\" rel=\"noopener\"><img loading=\"lazy\" class=\"alignnone wp-image-748 size-thumbnail\" src=\"http:\/\/www.donbosco.cz\/wp-content\/uploads\/2019\/09\/DSC1196-150x150.jpg\" alt=\"\" width=\"150\" height=\"150\" srcset=\"https:\/\/www.donbosco.cz\/wp-content\/uploads\/2019\/09\/DSC1196-150x150.jpg 150w, https:\/\/www.donbosco.cz\/wp-content\/uploads\/2019\/09\/DSC1196-100x100.jpg 100w\" sizes=\"(max-width: 150px) 100vw, 150px\" \/><\/a> <a href=\"http:\/\/www.donbosco.cz\/wp-content\/uploads\/2019\/09\/DSC1204.jpg\" target=\"_blank\" rel=\"noopener\"><img loading=\"lazy\" class=\"alignnone wp-image-749 size-thumbnail\" src=\"http:\/\/www.donbosco.cz\/wp-content\/uploads\/2019\/09\/DSC1204-150x150.jpg\" alt=\"\" width=\"150\" height=\"150\" srcset=\"https:\/\/www.donbosco.cz\/wp-content\/uploads\/2019\/09\/DSC1204-150x150.jpg 150w, https:\/\/www.donbosco.cz\/wp-content\/uploads\/2019\/09\/DSC1204-100x100.jpg 100w\" sizes=\"(max-width: 150px) 100vw, 150px\" \/><\/a> <a href=\"http:\/\/www.donbosco.cz\/wp-content\/uploads\/2019\/09\/DSC1207.jpg\" target=\"_blank\" rel=\"noopener\"><img loading=\"lazy\" class=\"alignnone wp-image-750 size-thumbnail\" src=\"http:\/\/www.donbosco.cz\/wp-content\/uploads\/2019\/09\/DSC1207-150x150.jpg\" alt=\"\" width=\"150\" height=\"150\" srcset=\"https:\/\/www.donbosco.cz\/wp-content\/uploads\/2019\/09\/DSC1207-150x150.jpg 150w, https:\/\/www.donbosco.cz\/wp-content\/uploads\/2019\/09\/DSC1207-100x100.jpg 100w\" sizes=\"(max-width: 150px) 100vw, 150px\" \/><\/a> <a href=\"http:\/\/www.donbosco.cz\/wp-content\/uploads\/2019\/09\/DSC1211.jpg\" target=\"_blank\" rel=\"noopener\"><img loading=\"lazy\" class=\"alignnone wp-image-751 size-thumbnail\" src=\"http:\/\/www.donbosco.cz\/wp-content\/uploads\/2019\/09\/DSC1211-150x150.jpg\" alt=\"\" width=\"150\" height=\"150\" srcset=\"https:\/\/www.donbosco.cz\/wp-content\/uploads\/2019\/09\/DSC1211-150x150.jpg 150w, https:\/\/www.donbosco.cz\/wp-content\/uploads\/2019\/09\/DSC1211-100x100.jpg 100w\" sizes=\"(max-width: 150px) 100vw, 150px\" \/><\/a> <a href=\"http:\/\/www.donbosco.cz\/wp-content\/uploads\/2019\/09\/DSC1215.jpg\" target=\"_blank\" rel=\"noopener\"><img loading=\"lazy\" class=\"alignnone wp-image-752 size-thumbnail\" src=\"http:\/\/www.donbosco.cz\/wp-content\/uploads\/2019\/09\/DSC1215-150x150.jpg\" alt=\"\" width=\"150\" height=\"150\" srcset=\"https:\/\/www.donbosco.cz\/wp-content\/uploads\/2019\/09\/DSC1215-150x150.jpg 150w, https:\/\/www.donbosco.cz\/wp-content\/uploads\/2019\/09\/DSC1215-100x100.jpg 100w\" sizes=\"(max-width: 150px) 100vw, 150px\" \/><\/a> <a href=\"http:\/\/www.donbosco.cz\/wp-content\/uploads\/2019\/09\/DSC1216.jpg\" target=\"_blank\" rel=\"noopener\"><img loading=\"lazy\" class=\"alignnone wp-image-753 size-thumbnail\" src=\"http:\/\/www.donbosco.cz\/wp-content\/uploads\/2019\/09\/DSC1216-150x150.jpg\" alt=\"\" width=\"150\" height=\"150\" srcset=\"https:\/\/www.donbosco.cz\/wp-content\/uploads\/2019\/09\/DSC1216-150x150.jpg 150w, https:\/\/www.donbosco.cz\/wp-content\/uploads\/2019\/09\/DSC1216-100x100.jpg 100w\" sizes=\"(max-width: 150px) 100vw, 150px\" \/><\/a> <a href=\"http:\/\/www.donbosco.cz\/wp-content\/uploads\/2019\/09\/DSC1217.jpg\" target=\"_blank\" rel=\"noopener\"><img loading=\"lazy\" class=\"alignnone wp-image-754 size-thumbnail\" src=\"http:\/\/www.donbosco.cz\/wp-content\/uploads\/2019\/09\/DSC1217-150x150.jpg\" alt=\"\" width=\"150\" height=\"150\" srcset=\"https:\/\/www.donbosco.cz\/wp-content\/uploads\/2019\/09\/DSC1217-150x150.jpg 150w, https:\/\/www.donbosco.cz\/wp-content\/uploads\/2019\/09\/DSC1217-100x100.jpg 100w\" sizes=\"(max-width: 150px) 100vw, 150px\" \/><\/a> <a href=\"http:\/\/www.donbosco.cz\/wp-content\/uploads\/2019\/09\/DSC1226.jpg\" target=\"_blank\" rel=\"noopener\"><img loading=\"lazy\" class=\"alignnone wp-image-755 size-thumbnail\" src=\"http:\/\/www.donbosco.cz\/wp-content\/uploads\/2019\/09\/DSC1226-150x150.jpg\" alt=\"\" width=\"150\" height=\"150\" srcset=\"https:\/\/www.donbosco.cz\/wp-content\/uploads\/2019\/09\/DSC1226-150x150.jpg 150w, https:\/\/www.donbosco.cz\/wp-content\/uploads\/2019\/09\/DSC1226-100x100.jpg 100w\" sizes=\"(max-width: 150px) 100vw, 150px\" \/><\/a> <a href=\"http:\/\/www.donbosco.cz\/wp-content\/uploads\/2019\/09\/DSC1234.jpg\" target=\"_blank\" rel=\"noopener\"><img loading=\"lazy\" class=\"alignnone wp-image-756 size-thumbnail\" src=\"http:\/\/www.donbosco.cz\/wp-content\/uploads\/2019\/09\/DSC1234-150x150.jpg\" alt=\"\" width=\"150\" height=\"150\" srcset=\"https:\/\/www.donbosco.cz\/wp-content\/uploads\/2019\/09\/DSC1234-150x150.jpg 150w, https:\/\/www.donbosco.cz\/wp-content\/uploads\/2019\/09\/DSC1234-100x100.jpg 100w\" sizes=\"(max-width: 150px) 100vw, 150px\" \/><\/a> <a href=\"http:\/\/www.donbosco.cz\/wp-content\/uploads\/2019\/09\/DSC1236.jpg\" target=\"_blank\" rel=\"noopener\"><img loading=\"lazy\" class=\"alignnone wp-image-757 size-thumbnail\" src=\"http:\/\/www.donbosco.cz\/wp-content\/uploads\/2019\/09\/DSC1236-150x150.jpg\" alt=\"\" width=\"150\" height=\"150\" srcset=\"https:\/\/www.donbosco.cz\/wp-content\/uploads\/2019\/09\/DSC1236-150x150.jpg 150w, https:\/\/www.donbosco.cz\/wp-content\/uploads\/2019\/09\/DSC1236-100x100.jpg 100w\" sizes=\"(max-width: 150px) 100vw, 150px\" \/><\/a> <a href=\"http:\/\/www.donbosco.cz\/wp-content\/uploads\/2019\/09\/DSC1240.jpg\" target=\"_blank\" rel=\"noopener\"><img loading=\"lazy\" class=\"alignnone wp-image-758 size-thumbnail\" src=\"http:\/\/www.donbosco.cz\/wp-content\/uploads\/2019\/09\/DSC1240-150x150.jpg\" alt=\"\" width=\"150\" height=\"150\" srcset=\"https:\/\/www.donbosco.cz\/wp-content\/uploads\/2019\/09\/DSC1240-150x150.jpg 150w, https:\/\/www.donbosco.cz\/wp-content\/uploads\/2019\/09\/DSC1240-100x100.jpg 100w\" sizes=\"(max-width: 150px) 100vw, 150px\" \/><\/a> <a href=\"http:\/\/www.donbosco.cz\/wp-content\/uploads\/2019\/09\/DSC1245.jpg\" target=\"_blank\" rel=\"noopener\"><img loading=\"lazy\" class=\"alignnone wp-image-759 size-thumbnail\" src=\"http:\/\/www.donbosco.cz\/wp-content\/uploads\/2019\/09\/DSC1245-150x150.jpg\" alt=\"\" width=\"150\" height=\"150\" srcset=\"https:\/\/www.donbosco.cz\/wp-content\/uploads\/2019\/09\/DSC1245-150x150.jpg 150w, https:\/\/www.donbosco.cz\/wp-content\/uploads\/2019\/09\/DSC1245-100x100.jpg 100w\" sizes=\"(max-width: 150px) 100vw, 150px\" \/><\/a> <a href=\"http:\/\/www.donbosco.cz\/wp-content\/uploads\/2019\/09\/DSC1249.jpg\" target=\"_blank\" rel=\"noopener\"><img loading=\"lazy\" class=\"alignnone wp-image-760 size-thumbnail\" src=\"http:\/\/www.donbosco.cz\/wp-content\/uploads\/2019\/09\/DSC1249-150x150.jpg\" alt=\"\" width=\"150\" height=\"150\" srcset=\"https:\/\/www.donbosco.cz\/wp-content\/uploads\/2019\/09\/DSC1249-150x150.jpg 150w, https:\/\/www.donbosco.cz\/wp-content\/uploads\/2019\/09\/DSC1249-100x100.jpg 100w\" sizes=\"(max-width: 150px) 100vw, 150px\" \/><\/a> <a href=\"http:\/\/www.donbosco.cz\/wp-content\/uploads\/2019\/09\/DSC1260.jpg\" target=\"_blank\" rel=\"noopener\"><img loading=\"lazy\" class=\"alignnone wp-image-761 size-thumbnail\" src=\"http:\/\/www.donbosco.cz\/wp-content\/uploads\/2019\/09\/DSC1260-150x150.jpg\" alt=\"\" width=\"150\" height=\"150\" srcset=\"https:\/\/www.donbosco.cz\/wp-content\/uploads\/2019\/09\/DSC1260-150x150.jpg 150w, https:\/\/www.donbosco.cz\/wp-content\/uploads\/2019\/09\/DSC1260-100x100.jpg 100w\" sizes=\"(max-width: 150px) 100vw, 150px\" \/><\/a><\/p>\n","protected":false},"excerpt":{"rendered":"","protected":false},"author":2,"featured_media":0,"parent":505,"menu_order":0,"comment_status":"closed","ping_status":"closed","template":"","meta":[],"_links":{"self":[{"href":"https:\/\/www.donbosco.cz\/index.php\/wp-json\/wp\/v2\/pages\/732"}],"collection":[{"href":"https:\/\/www.donbosco.cz\/index.php\/wp-json\/wp\/v2\/pages"}],"about":[{"href":"https:\/\/www.donbosco.cz\/index.php\/wp-json\/wp\/v2\/types\/page"}],"author":[{"embeddable":true,"href":"https:\/\/www.donbosco.cz\/index.php\/wp-json\/wp\/v2\/users\/2"}],"replies":[{"embeddable":true,"href":"https:\/\/www.donbosco.cz\/index.php\/wp-json\/wp\/v2\/comments?post=732"}],"version-history":[{"count":1,"href":"https:\/\/www.donbosco.cz\/index.php\/wp-json\/wp\/v2\/pages\/732\/revisions"}],"predecessor-version":[{"id":762,"href":"https:\/\/www.donbosco.cz\/index.php\/wp-json\/wp\/v2\/pages\/732\/revisions\/762"}],"up":[{"embeddable":true,"href":"https:\/\/www.donbosco.cz\/index.php\/wp-json\/wp\/v2\/pages\/505"}],"wp:attachment":[{"href":"https:\/\/www.donbosco.cz\/index.php\/wp-json\/wp\/v2\/media?parent=732"}],"curies":[{"name":"wp","href":"https:\/\/api.w.org\/{rel}","templated":true}]}}