{"id":607,"date":"2019-08-27T18:37:52","date_gmt":"2019-08-27T18:37:52","guid":{"rendered":"http:\/\/www.donbosco.cz\/?page_id=607"},"modified":"2019-08-27T18:37:52","modified_gmt":"2019-08-27T18:37:52","slug":"denni-rezim","status":"publish","type":"page","link":"https:\/\/www.donbosco.cz\/index.php\/materska-skola\/denni-rezim\/","title":{"rendered":"Denn\u00ed\u00a0re\u017eim"},"content":{"rendered":"<p>Denn\u00ed\u00a0re\u017eim\u00a0je rozd\u011blen na bloky:<\/p>\n<table>\n<tbody>\n<tr>\n<td width=\"100\"><strong>\u010cAS<\/strong><\/td>\n<td width=\"100\"><strong>BLOKY<\/strong><\/td>\n<td width=\"200\"><strong>OBSAHOV\u00c1 \u010c\u00c1ST<\/strong><\/td>\n<\/tr>\n<tr>\n<td width=\"100\">6,45 &#8211; 9,30<\/td>\n<td width=\"100\">rann\u00ed<\/td>\n<td width=\"200\">sch\u00e1zen\u00ed d\u011bt\u00ed (do 7:45)<br \/>\nhudebn\u011b-pohybov\u00e1 chvilka<br \/>\n1.\u010d\u00e1st terapie (individu\u00e1ln\u00ed logopedie,<br \/>\nskupinov\u00e1 logopedie \u010di skupinov\u00e1 \u010dinnost)<\/td>\n<\/tr>\n<tr>\n<td width=\"100\">9,30 &#8211; 12<\/td>\n<td width=\"100\">dopoledn\u00ed<\/td>\n<td width=\"200\">2.\u010d\u00e1st terapie (individu\u00e1ln\u00ed \u010di skupinov\u00e1<br \/>\nlogopedie; skupinov\u00e1 \u010dinnost), pobyt venku<br \/>\n(proch\u00e1zky do okol\u00ed, aktivity na zahrad\u011b)<\/td>\n<\/tr>\n<tr>\n<td width=\"100\">12 &#8211; 15<\/td>\n<td width=\"100\">poledn\u00ed<\/td>\n<td width=\"200\">odpo\u010dinek (\u010detba \u010di poslech poh\u00e1dek p\u0159ed span\u00edm)<\/td>\n<\/tr>\n<tr>\n<td width=\"100\">15 &#8211; 17<\/td>\n<td width=\"100\">odpoledn\u00ed<\/td>\n<td width=\"200\">skupinov\u00e9 aktivity, z\u00e1jmov\u00e9 krou\u017eky<br \/>\n(\u0161ikovn\u00e9 ruce, sportovn\u00ed krou\u017eek; za\u010d\u00e1tek<br \/>\ndle budovy a typu krou\u017eku), hra ve t\u0159\u00edd\u00e1ch,<br \/>\nrozch\u00e1zen\u00ed d\u011bt\u00ed<\/td>\n<\/tr>\n<\/tbody>\n<\/table>\n<p>&nbsp;<\/p>\n","protected":false},"excerpt":{"rendered":"<p>Denn\u00ed\u00a0re\u017eim\u00a0je rozd\u011blen na bloky: \u010cAS BLOKY OBSAHOV\u00c1 \u010c\u00c1ST 6,45 &#8211; 9,30 rann\u00ed sch\u00e1zen\u00ed d\u011bt\u00ed (do 7:45) hudebn\u011b-pohybov\u00e1 chvilka 1.\u010d\u00e1st terapie (individu\u00e1ln\u00ed logopedie, skupinov\u00e1 logopedie \u010di skupinov\u00e1 \u010dinnost) 9,30 &#8211; 12 dopoledn\u00ed 2.\u010d\u00e1st terapie (individu\u00e1ln\u00ed \u010di skupinov\u00e1 logopedie; skupinov\u00e1 \u010dinnost), pobyt venku (proch\u00e1zky do okol\u00ed, aktivity na zahrad\u011b) 12 &#8211; 15 poledn\u00ed odpo\u010dinek (\u010detba \u010di poslech &hellip; <\/p>\n<p class=\"link-more\"><a href=\"https:\/\/www.donbosco.cz\/index.php\/materska-skola\/denni-rezim\/\" class=\"more-link\">Pokra\u010dovat ve \u010dten\u00ed<span class=\"screen-reader-text\"> &#8222;Denn\u00ed\u00a0re\u017eim&#8220;<\/span><\/a><\/p>\n","protected":false},"author":2,"featured_media":0,"parent":362,"menu_order":0,"comment_status":"closed","ping_status":"closed","template":"","meta":[],"_links":{"self":[{"href":"https:\/\/www.donbosco.cz\/index.php\/wp-json\/wp\/v2\/pages\/607"}],"collection":[{"href":"https:\/\/www.donbosco.cz\/index.php\/wp-json\/wp\/v2\/pages"}],"about":[{"href":"https:\/\/www.donbosco.cz\/index.php\/wp-json\/wp\/v2\/types\/page"}],"author":[{"embeddable":true,"href":"https:\/\/www.donbosco.cz\/index.php\/wp-json\/wp\/v2\/users\/2"}],"replies":[{"embeddable":true,"href":"https:\/\/www.donbosco.cz\/index.php\/wp-json\/wp\/v2\/comments?post=607"}],"version-history":[{"count":1,"href":"https:\/\/www.donbosco.cz\/index.php\/wp-json\/wp\/v2\/pages\/607\/revisions"}],"predecessor-version":[{"id":608,"href":"https:\/\/www.donbosco.cz\/index.php\/wp-json\/wp\/v2\/pages\/607\/revisions\/608"}],"up":[{"embeddable":true,"href":"https:\/\/www.donbosco.cz\/index.php\/wp-json\/wp\/v2\/pages\/362"}],"wp:attachment":[{"href":"https:\/\/www.donbosco.cz\/index.php\/wp-json\/wp\/v2\/media?parent=607"}],"curies":[{"name":"wp","href":"https:\/\/api.w.org\/{rel}","templated":true}]}}