{"id":3947,"date":"2024-04-05T04:49:55","date_gmt":"2024-04-05T04:49:55","guid":{"rendered":"https:\/\/www.donbosco.cz\/?page_id=3947"},"modified":"2025-06-27T14:25:55","modified_gmt":"2025-06-27T14:25:55","slug":"benaudira-sluchovy-trenink","status":"publish","type":"page","link":"https:\/\/www.donbosco.cz\/index.php\/materska-skola\/benaudira-sluchovy-trenink\/","title":{"rendered":"Terapie v M\u0160"},"content":{"rendered":"\n<h2><strong><span class=\"has-inline-color has-luminous-vivid-amber-color\">BENAUDIRA &#8211; SLUCHOV\u00dd TR\u00c9NINK<\/span><\/strong><\/h2>\n\n\n\n<p>Nejen d\u011btem z na\u0161\u00ed mate\u0159sk\u00e9 \u0161koly i \u017e\u00e1k\u016fm na\u0161\u00ed z\u00e1kladn\u00ed \u0161koly nab\u00edz\u00edme mo\u017enost terapie sluchov\u00e9ho tr\u00e9ninku BENAUDIRA. <\/p>\n\n\n\n<p>Jsme pro\u0161kolen\u00ed tren\u00e9\u0159i t\u00e9to efektivn\u00ed terapie sluchov\u00e9ho vn\u00edm\u00e1n\u00ed a sluchov\u00e9ho zpracov\u00e1n\u00ed.<\/p>\n\n\n\n<p>Pro v\u00edce informac\u00ed n\u00e1s kontaktujte na skolka@donbosco.cz. <\/p>\n\n\n\n<figure class=\"wp-block-image size-full\"><img loading=\"lazy\" width=\"320\" height=\"106\" src=\"https:\/\/www.donbosco.cz\/wp-content\/uploads\/2025\/01\/LogoSK_klein.jpeg\" alt=\"\" class=\"wp-image-4405\" srcset=\"https:\/\/www.donbosco.cz\/wp-content\/uploads\/2025\/01\/LogoSK_klein.jpeg 320w, https:\/\/www.donbosco.cz\/wp-content\/uploads\/2025\/01\/LogoSK_klein-300x99.jpeg 300w\" sizes=\"(max-width: 320px) 100vw, 320px\" \/><\/figure>\n\n\n\n<h2><span class=\"has-inline-color has-vivid-red-color\"><strong>NEUROV\u00ddVOJOV\u00c1 STIMULACE<\/strong><\/span><\/h2>\n\n\n\n<p>Nejen d\u011btem z na\u0161\u00ed mate\u0159sk\u00e9 \u0161koly i \u017e\u00e1k\u016fm na\u0161\u00ed z\u00e1kladn\u00ed \u0161koly nab\u00edz\u00edme mo\u017enost terapie Neurov\u00fdvojov\u00e9 stimulace NVS ( podle p. Volemanov\u00e9).   <\/p>\n\n\n\n<p>Jsme pro\u0161kolen\u00ed tren\u00e9\u0159i t\u00e9to efektivn\u00ed terapie stimulace p\u0159etrv\u00e1vaj\u00edc\u00edch prim\u00e1rn\u00edch reflex\u016f. <\/p>\n\n\n\n<p>Pro v\u00edce informac\u00ed n\u00e1s kontaktujte na skolka@donbosco.cz.  <\/p>\n","protected":false},"excerpt":{"rendered":"<p>BENAUDIRA &#8211; SLUCHOV\u00dd TR\u00c9NINK Nejen d\u011btem z na\u0161\u00ed mate\u0159sk\u00e9 \u0161koly i \u017e\u00e1k\u016fm na\u0161\u00ed z\u00e1kladn\u00ed \u0161koly nab\u00edz\u00edme mo\u017enost terapie sluchov\u00e9ho tr\u00e9ninku BENAUDIRA. Jsme pro\u0161kolen\u00ed tren\u00e9\u0159i t\u00e9to efektivn\u00ed terapie sluchov\u00e9ho vn\u00edm\u00e1n\u00ed a sluchov\u00e9ho zpracov\u00e1n\u00ed. Pro v\u00edce informac\u00ed n\u00e1s kontaktujte na skolka@donbosco.cz. NEUROV\u00ddVOJOV\u00c1 STIMULACE Nejen d\u011btem z na\u0161\u00ed mate\u0159sk\u00e9 \u0161koly i \u017e\u00e1k\u016fm na\u0161\u00ed z\u00e1kladn\u00ed \u0161koly nab\u00edz\u00edme mo\u017enost terapie &hellip; <\/p>\n<p class=\"link-more\"><a href=\"https:\/\/www.donbosco.cz\/index.php\/materska-skola\/benaudira-sluchovy-trenink\/\" class=\"more-link\">Pokra\u010dovat ve \u010dten\u00ed<span class=\"screen-reader-text\"> &#8222;Terapie v M\u0160&#8220;<\/span><\/a><\/p>\n","protected":false},"author":4,"featured_media":0,"parent":362,"menu_order":2,"comment_status":"closed","ping_status":"closed","template":"","meta":[],"_links":{"self":[{"href":"https:\/\/www.donbosco.cz\/index.php\/wp-json\/wp\/v2\/pages\/3947"}],"collection":[{"href":"https:\/\/www.donbosco.cz\/index.php\/wp-json\/wp\/v2\/pages"}],"about":[{"href":"https:\/\/www.donbosco.cz\/index.php\/wp-json\/wp\/v2\/types\/page"}],"author":[{"embeddable":true,"href":"https:\/\/www.donbosco.cz\/index.php\/wp-json\/wp\/v2\/users\/4"}],"replies":[{"embeddable":true,"href":"https:\/\/www.donbosco.cz\/index.php\/wp-json\/wp\/v2\/comments?post=3947"}],"version-history":[{"count":5,"href":"https:\/\/www.donbosco.cz\/index.php\/wp-json\/wp\/v2\/pages\/3947\/revisions"}],"predecessor-version":[{"id":4553,"href":"https:\/\/www.donbosco.cz\/index.php\/wp-json\/wp\/v2\/pages\/3947\/revisions\/4553"}],"up":[{"embeddable":true,"href":"https:\/\/www.donbosco.cz\/index.php\/wp-json\/wp\/v2\/pages\/362"}],"wp:attachment":[{"href":"https:\/\/www.donbosco.cz\/index.php\/wp-json\/wp\/v2\/media?parent=3947"}],"curies":[{"name":"wp","href":"https:\/\/api.w.org\/{rel}","templated":true}]}}