{"id":3941,"date":"2024-04-01T11:49:37","date_gmt":"2024-04-01T11:49:37","guid":{"rendered":"https:\/\/www.donbosco.cz\/?page_id=3941"},"modified":"2024-04-01T11:49:37","modified_gmt":"2024-04-01T11:49:37","slug":"projekt-spikeup-expo-lego-group-7-3-2024","status":"publish","type":"page","link":"https:\/\/www.donbosco.cz\/index.php\/projekt-spikeup-expo-lego-group-7-3-2024\/","title":{"rendered":"Projekt SpikeUp! Expo (Lego Group) 7. 3. 2024"},"content":{"rendered":"\n<p>I na\u0161i \u017e\u00e1ci se z\u00fa\u010dastnili realizace \u00fasp\u011b\u0161n\u00e9ho edukativn\u00edho projektu SpikeUp! EXPO, kter\u00fd v reprezentativn\u00edch prostorech coworkingov\u00e9ho centra Opero 07. b\u0159ezna 2024 pro \u0161est des\u00edtek \u017e\u00e1k\u016f ze t\u0159\u00ed z\u00e1kladn\u00edch \u0161kol za podpory LEGO Group p\u0159ipravil sehran\u00fd t\u00fdm robotik\u016f z technick\u00e9ho odd\u011blen\u00ed DDM Praha 4 Hobby centrum 4.<\/p>\n\n\n\n<figure class=\"wp-block-gallery columns-4 is-cropped\"><ul class=\"blocks-gallery-grid\"><li class=\"blocks-gallery-item\"><figure><img loading=\"lazy\" width=\"578\" height=\"1024\" src=\"http:\/\/www.donbosco.cz\/wp-content\/uploads\/2024\/04\/IMG_20240307_101441-578x1024.jpg\" alt=\"\" data-id=\"3926\" data-full-url=\"http:\/\/www.donbosco.cz\/wp-content\/uploads\/2024\/04\/IMG_20240307_101441-scaled.jpg\" data-link=\"https:\/\/www.donbosco.cz\/img_20240307_101441\/\" class=\"wp-image-3926\" srcset=\"https:\/\/www.donbosco.cz\/wp-content\/uploads\/2024\/04\/IMG_20240307_101441-578x1024.jpg 578w, https:\/\/www.donbosco.cz\/wp-content\/uploads\/2024\/04\/IMG_20240307_101441-169x300.jpg 169w, https:\/\/www.donbosco.cz\/wp-content\/uploads\/2024\/04\/IMG_20240307_101441-768x1362.jpg 768w, https:\/\/www.donbosco.cz\/wp-content\/uploads\/2024\/04\/IMG_20240307_101441-866x1536.jpg 866w, https:\/\/www.donbosco.cz\/wp-content\/uploads\/2024\/04\/IMG_20240307_101441-1155x2048.jpg 1155w, https:\/\/www.donbosco.cz\/wp-content\/uploads\/2024\/04\/IMG_20240307_101441-scaled.jpg 1444w\" sizes=\"(max-width: 578px) 100vw, 578px\" \/><\/figure><\/li><li class=\"blocks-gallery-item\"><figure><img loading=\"lazy\" width=\"578\" height=\"1024\" src=\"http:\/\/www.donbosco.cz\/wp-content\/uploads\/2024\/04\/IMG_20240307_103026-578x1024.jpg\" alt=\"\" data-id=\"3927\" data-full-url=\"http:\/\/www.donbosco.cz\/wp-content\/uploads\/2024\/04\/IMG_20240307_103026-scaled.jpg\" data-link=\"https:\/\/www.donbosco.cz\/img_20240307_103026\/\" class=\"wp-image-3927\" srcset=\"https:\/\/www.donbosco.cz\/wp-content\/uploads\/2024\/04\/IMG_20240307_103026-578x1024.jpg 578w, https:\/\/www.donbosco.cz\/wp-content\/uploads\/2024\/04\/IMG_20240307_103026-169x300.jpg 169w, https:\/\/www.donbosco.cz\/wp-content\/uploads\/2024\/04\/IMG_20240307_103026-768x1362.jpg 768w, https:\/\/www.donbosco.cz\/wp-content\/uploads\/2024\/04\/IMG_20240307_103026-866x1536.jpg 866w, https:\/\/www.donbosco.cz\/wp-content\/uploads\/2024\/04\/IMG_20240307_103026-1155x2048.jpg 1155w, https:\/\/www.donbosco.cz\/wp-content\/uploads\/2024\/04\/IMG_20240307_103026-scaled.jpg 1444w\" sizes=\"(max-width: 578px) 100vw, 578px\" \/><\/figure><\/li><li class=\"blocks-gallery-item\"><figure><img loading=\"lazy\" width=\"578\" height=\"1024\" src=\"http:\/\/www.donbosco.cz\/wp-content\/uploads\/2024\/04\/IMG_20240307_103030-578x1024.jpg\" alt=\"\" data-id=\"3928\" data-full-url=\"http:\/\/www.donbosco.cz\/wp-content\/uploads\/2024\/04\/IMG_20240307_103030-scaled.jpg\" data-link=\"https:\/\/www.donbosco.cz\/img_20240307_103030\/\" class=\"wp-image-3928\" srcset=\"https:\/\/www.donbosco.cz\/wp-content\/uploads\/2024\/04\/IMG_20240307_103030-578x1024.jpg 578w, https:\/\/www.donbosco.cz\/wp-content\/uploads\/2024\/04\/IMG_20240307_103030-169x300.jpg 169w, https:\/\/www.donbosco.cz\/wp-content\/uploads\/2024\/04\/IMG_20240307_103030-768x1362.jpg 768w, https:\/\/www.donbosco.cz\/wp-content\/uploads\/2024\/04\/IMG_20240307_103030-866x1536.jpg 866w, https:\/\/www.donbosco.cz\/wp-content\/uploads\/2024\/04\/IMG_20240307_103030-1155x2048.jpg 1155w, https:\/\/www.donbosco.cz\/wp-content\/uploads\/2024\/04\/IMG_20240307_103030-scaled.jpg 1444w\" sizes=\"(max-width: 578px) 100vw, 578px\" \/><\/figure><\/li><li class=\"blocks-gallery-item\"><figure><img loading=\"lazy\" width=\"578\" height=\"1024\" src=\"http:\/\/www.donbosco.cz\/wp-content\/uploads\/2024\/04\/IMG_20240307_104837-578x1024.jpg\" alt=\"\" data-id=\"3929\" data-full-url=\"http:\/\/www.donbosco.cz\/wp-content\/uploads\/2024\/04\/IMG_20240307_104837-scaled.jpg\" data-link=\"https:\/\/www.donbosco.cz\/img_20240307_104837\/\" class=\"wp-image-3929\" srcset=\"https:\/\/www.donbosco.cz\/wp-content\/uploads\/2024\/04\/IMG_20240307_104837-578x1024.jpg 578w, https:\/\/www.donbosco.cz\/wp-content\/uploads\/2024\/04\/IMG_20240307_104837-169x300.jpg 169w, https:\/\/www.donbosco.cz\/wp-content\/uploads\/2024\/04\/IMG_20240307_104837-768x1362.jpg 768w, https:\/\/www.donbosco.cz\/wp-content\/uploads\/2024\/04\/IMG_20240307_104837-866x1536.jpg 866w, https:\/\/www.donbosco.cz\/wp-content\/uploads\/2024\/04\/IMG_20240307_104837-1155x2048.jpg 1155w, https:\/\/www.donbosco.cz\/wp-content\/uploads\/2024\/04\/IMG_20240307_104837-scaled.jpg 1444w\" sizes=\"(max-width: 578px) 100vw, 578px\" \/><\/figure><\/li><li class=\"blocks-gallery-item\"><figure><img loading=\"lazy\" width=\"578\" height=\"1024\" src=\"http:\/\/www.donbosco.cz\/wp-content\/uploads\/2024\/04\/IMG_20240307_104841-578x1024.jpg\" alt=\"\" data-id=\"3930\" data-full-url=\"http:\/\/www.donbosco.cz\/wp-content\/uploads\/2024\/04\/IMG_20240307_104841-scaled.jpg\" data-link=\"https:\/\/www.donbosco.cz\/img_20240307_104841\/\" class=\"wp-image-3930\" srcset=\"https:\/\/www.donbosco.cz\/wp-content\/uploads\/2024\/04\/IMG_20240307_104841-578x1024.jpg 578w, https:\/\/www.donbosco.cz\/wp-content\/uploads\/2024\/04\/IMG_20240307_104841-169x300.jpg 169w, https:\/\/www.donbosco.cz\/wp-content\/uploads\/2024\/04\/IMG_20240307_104841-768x1362.jpg 768w, https:\/\/www.donbosco.cz\/wp-content\/uploads\/2024\/04\/IMG_20240307_104841-866x1536.jpg 866w, https:\/\/www.donbosco.cz\/wp-content\/uploads\/2024\/04\/IMG_20240307_104841-1155x2048.jpg 1155w, https:\/\/www.donbosco.cz\/wp-content\/uploads\/2024\/04\/IMG_20240307_104841-scaled.jpg 1444w\" sizes=\"(max-width: 578px) 100vw, 578px\" \/><\/figure><\/li><li class=\"blocks-gallery-item\"><figure><img loading=\"lazy\" width=\"578\" height=\"1024\" src=\"http:\/\/www.donbosco.cz\/wp-content\/uploads\/2024\/04\/IMG_20240307_104848-578x1024.jpg\" alt=\"\" data-id=\"3931\" data-full-url=\"http:\/\/www.donbosco.cz\/wp-content\/uploads\/2024\/04\/IMG_20240307_104848-scaled.jpg\" data-link=\"https:\/\/www.donbosco.cz\/img_20240307_104848\/\" class=\"wp-image-3931\" srcset=\"https:\/\/www.donbosco.cz\/wp-content\/uploads\/2024\/04\/IMG_20240307_104848-578x1024.jpg 578w, https:\/\/www.donbosco.cz\/wp-content\/uploads\/2024\/04\/IMG_20240307_104848-169x300.jpg 169w, https:\/\/www.donbosco.cz\/wp-content\/uploads\/2024\/04\/IMG_20240307_104848-768x1362.jpg 768w, https:\/\/www.donbosco.cz\/wp-content\/uploads\/2024\/04\/IMG_20240307_104848-866x1536.jpg 866w, https:\/\/www.donbosco.cz\/wp-content\/uploads\/2024\/04\/IMG_20240307_104848-1155x2048.jpg 1155w, https:\/\/www.donbosco.cz\/wp-content\/uploads\/2024\/04\/IMG_20240307_104848-scaled.jpg 1444w\" sizes=\"(max-width: 578px) 100vw, 578px\" \/><\/figure><\/li><li class=\"blocks-gallery-item\"><figure><img loading=\"lazy\" width=\"578\" height=\"1024\" src=\"http:\/\/www.donbosco.cz\/wp-content\/uploads\/2024\/04\/IMG_20240307_104915-578x1024.jpg\" alt=\"\" data-id=\"3932\" data-full-url=\"http:\/\/www.donbosco.cz\/wp-content\/uploads\/2024\/04\/IMG_20240307_104915-scaled.jpg\" data-link=\"https:\/\/www.donbosco.cz\/img_20240307_104915\/\" class=\"wp-image-3932\" srcset=\"https:\/\/www.donbosco.cz\/wp-content\/uploads\/2024\/04\/IMG_20240307_104915-578x1024.jpg 578w, https:\/\/www.donbosco.cz\/wp-content\/uploads\/2024\/04\/IMG_20240307_104915-169x300.jpg 169w, https:\/\/www.donbosco.cz\/wp-content\/uploads\/2024\/04\/IMG_20240307_104915-768x1362.jpg 768w, https:\/\/www.donbosco.cz\/wp-content\/uploads\/2024\/04\/IMG_20240307_104915-866x1536.jpg 866w, https:\/\/www.donbosco.cz\/wp-content\/uploads\/2024\/04\/IMG_20240307_104915-1155x2048.jpg 1155w, https:\/\/www.donbosco.cz\/wp-content\/uploads\/2024\/04\/IMG_20240307_104915-scaled.jpg 1444w\" sizes=\"(max-width: 578px) 100vw, 578px\" \/><\/figure><\/li><li class=\"blocks-gallery-item\"><figure><img loading=\"lazy\" width=\"578\" height=\"1024\" src=\"http:\/\/www.donbosco.cz\/wp-content\/uploads\/2024\/04\/IMG_20240307_121254-578x1024.jpg\" alt=\"\" data-id=\"3933\" data-full-url=\"http:\/\/www.donbosco.cz\/wp-content\/uploads\/2024\/04\/IMG_20240307_121254-scaled.jpg\" data-link=\"https:\/\/www.donbosco.cz\/img_20240307_121254\/\" class=\"wp-image-3933\" srcset=\"https:\/\/www.donbosco.cz\/wp-content\/uploads\/2024\/04\/IMG_20240307_121254-578x1024.jpg 578w, https:\/\/www.donbosco.cz\/wp-content\/uploads\/2024\/04\/IMG_20240307_121254-169x300.jpg 169w, https:\/\/www.donbosco.cz\/wp-content\/uploads\/2024\/04\/IMG_20240307_121254-768x1362.jpg 768w, https:\/\/www.donbosco.cz\/wp-content\/uploads\/2024\/04\/IMG_20240307_121254-866x1536.jpg 866w, https:\/\/www.donbosco.cz\/wp-content\/uploads\/2024\/04\/IMG_20240307_121254-1155x2048.jpg 1155w, https:\/\/www.donbosco.cz\/wp-content\/uploads\/2024\/04\/IMG_20240307_121254-scaled.jpg 1444w\" sizes=\"(max-width: 578px) 100vw, 578px\" \/><\/figure><\/li><li class=\"blocks-gallery-item\"><figure><img loading=\"lazy\" width=\"578\" height=\"1024\" src=\"http:\/\/www.donbosco.cz\/wp-content\/uploads\/2024\/04\/IMG_20240307_121609-578x1024.jpg\" alt=\"\" data-id=\"3934\" data-full-url=\"http:\/\/www.donbosco.cz\/wp-content\/uploads\/2024\/04\/IMG_20240307_121609-scaled.jpg\" data-link=\"https:\/\/www.donbosco.cz\/img_20240307_121609\/\" class=\"wp-image-3934\" srcset=\"https:\/\/www.donbosco.cz\/wp-content\/uploads\/2024\/04\/IMG_20240307_121609-578x1024.jpg 578w, https:\/\/www.donbosco.cz\/wp-content\/uploads\/2024\/04\/IMG_20240307_121609-169x300.jpg 169w, https:\/\/www.donbosco.cz\/wp-content\/uploads\/2024\/04\/IMG_20240307_121609-768x1362.jpg 768w, https:\/\/www.donbosco.cz\/wp-content\/uploads\/2024\/04\/IMG_20240307_121609-866x1536.jpg 866w, https:\/\/www.donbosco.cz\/wp-content\/uploads\/2024\/04\/IMG_20240307_121609-1155x2048.jpg 1155w, https:\/\/www.donbosco.cz\/wp-content\/uploads\/2024\/04\/IMG_20240307_121609-scaled.jpg 1444w\" sizes=\"(max-width: 578px) 100vw, 578px\" \/><\/figure><\/li><li class=\"blocks-gallery-item\"><figure><img loading=\"lazy\" width=\"578\" height=\"1024\" src=\"http:\/\/www.donbosco.cz\/wp-content\/uploads\/2024\/04\/IMG_20240307_121623-578x1024.jpg\" alt=\"\" data-id=\"3935\" data-full-url=\"http:\/\/www.donbosco.cz\/wp-content\/uploads\/2024\/04\/IMG_20240307_121623-scaled.jpg\" data-link=\"https:\/\/www.donbosco.cz\/img_20240307_121623\/\" class=\"wp-image-3935\" srcset=\"https:\/\/www.donbosco.cz\/wp-content\/uploads\/2024\/04\/IMG_20240307_121623-578x1024.jpg 578w, https:\/\/www.donbosco.cz\/wp-content\/uploads\/2024\/04\/IMG_20240307_121623-169x300.jpg 169w, https:\/\/www.donbosco.cz\/wp-content\/uploads\/2024\/04\/IMG_20240307_121623-768x1362.jpg 768w, https:\/\/www.donbosco.cz\/wp-content\/uploads\/2024\/04\/IMG_20240307_121623-866x1536.jpg 866w, https:\/\/www.donbosco.cz\/wp-content\/uploads\/2024\/04\/IMG_20240307_121623-1155x2048.jpg 1155w, https:\/\/www.donbosco.cz\/wp-content\/uploads\/2024\/04\/IMG_20240307_121623-scaled.jpg 1444w\" sizes=\"(max-width: 578px) 100vw, 578px\" \/><\/figure><\/li><li class=\"blocks-gallery-item\"><figure><img loading=\"lazy\" width=\"578\" height=\"1024\" src=\"http:\/\/www.donbosco.cz\/wp-content\/uploads\/2024\/04\/IMG_20240307_123805-578x1024.jpg\" alt=\"\" data-id=\"3936\" data-full-url=\"http:\/\/www.donbosco.cz\/wp-content\/uploads\/2024\/04\/IMG_20240307_123805-scaled.jpg\" data-link=\"https:\/\/www.donbosco.cz\/img_20240307_123805\/\" class=\"wp-image-3936\" srcset=\"https:\/\/www.donbosco.cz\/wp-content\/uploads\/2024\/04\/IMG_20240307_123805-578x1024.jpg 578w, https:\/\/www.donbosco.cz\/wp-content\/uploads\/2024\/04\/IMG_20240307_123805-169x300.jpg 169w, https:\/\/www.donbosco.cz\/wp-content\/uploads\/2024\/04\/IMG_20240307_123805-768x1362.jpg 768w, https:\/\/www.donbosco.cz\/wp-content\/uploads\/2024\/04\/IMG_20240307_123805-866x1536.jpg 866w, https:\/\/www.donbosco.cz\/wp-content\/uploads\/2024\/04\/IMG_20240307_123805-1155x2048.jpg 1155w, https:\/\/www.donbosco.cz\/wp-content\/uploads\/2024\/04\/IMG_20240307_123805-scaled.jpg 1444w\" sizes=\"(max-width: 578px) 100vw, 578px\" \/><\/figure><\/li><li class=\"blocks-gallery-item\"><figure><img loading=\"lazy\" width=\"578\" height=\"1024\" src=\"http:\/\/www.donbosco.cz\/wp-content\/uploads\/2024\/04\/IMG_20240307_134836-578x1024.jpg\" alt=\"\" data-id=\"3937\" data-full-url=\"http:\/\/www.donbosco.cz\/wp-content\/uploads\/2024\/04\/IMG_20240307_134836-scaled.jpg\" data-link=\"https:\/\/www.donbosco.cz\/img_20240307_134836\/\" class=\"wp-image-3937\" srcset=\"https:\/\/www.donbosco.cz\/wp-content\/uploads\/2024\/04\/IMG_20240307_134836-578x1024.jpg 578w, https:\/\/www.donbosco.cz\/wp-content\/uploads\/2024\/04\/IMG_20240307_134836-169x300.jpg 169w, https:\/\/www.donbosco.cz\/wp-content\/uploads\/2024\/04\/IMG_20240307_134836-768x1362.jpg 768w, https:\/\/www.donbosco.cz\/wp-content\/uploads\/2024\/04\/IMG_20240307_134836-866x1536.jpg 866w, https:\/\/www.donbosco.cz\/wp-content\/uploads\/2024\/04\/IMG_20240307_134836-1155x2048.jpg 1155w, https:\/\/www.donbosco.cz\/wp-content\/uploads\/2024\/04\/IMG_20240307_134836-scaled.jpg 1444w\" sizes=\"(max-width: 578px) 100vw, 578px\" \/><\/figure><\/li><li class=\"blocks-gallery-item\"><figure><img loading=\"lazy\" width=\"1024\" height=\"578\" src=\"http:\/\/www.donbosco.cz\/wp-content\/uploads\/2024\/04\/IMG_20240307_135543-1024x578.jpg\" alt=\"\" data-id=\"3938\" data-full-url=\"http:\/\/www.donbosco.cz\/wp-content\/uploads\/2024\/04\/IMG_20240307_135543-scaled.jpg\" data-link=\"https:\/\/www.donbosco.cz\/img_20240307_135543\/\" class=\"wp-image-3938\" srcset=\"https:\/\/www.donbosco.cz\/wp-content\/uploads\/2024\/04\/IMG_20240307_135543-1024x578.jpg 1024w, https:\/\/www.donbosco.cz\/wp-content\/uploads\/2024\/04\/IMG_20240307_135543-300x169.jpg 300w, https:\/\/www.donbosco.cz\/wp-content\/uploads\/2024\/04\/IMG_20240307_135543-768x433.jpg 768w, https:\/\/www.donbosco.cz\/wp-content\/uploads\/2024\/04\/IMG_20240307_135543-1536x866.jpg 1536w, https:\/\/www.donbosco.cz\/wp-content\/uploads\/2024\/04\/IMG_20240307_135543-2048x1155.jpg 2048w\" sizes=\"(max-width: 767px) 89vw, (max-width: 1000px) 54vw, (max-width: 1071px) 543px, 580px\" \/><\/figure><\/li><li class=\"blocks-gallery-item\"><figure><img loading=\"lazy\" width=\"1024\" height=\"578\" src=\"http:\/\/www.donbosco.cz\/wp-content\/uploads\/2024\/04\/IMG_20240307_135605-1024x578.jpg\" alt=\"\" data-id=\"3940\" data-full-url=\"http:\/\/www.donbosco.cz\/wp-content\/uploads\/2024\/04\/IMG_20240307_135605-scaled.jpg\" data-link=\"https:\/\/www.donbosco.cz\/img_20240307_135605\/\" class=\"wp-image-3940\" srcset=\"https:\/\/www.donbosco.cz\/wp-content\/uploads\/2024\/04\/IMG_20240307_135605-1024x578.jpg 1024w, https:\/\/www.donbosco.cz\/wp-content\/uploads\/2024\/04\/IMG_20240307_135605-300x169.jpg 300w, https:\/\/www.donbosco.cz\/wp-content\/uploads\/2024\/04\/IMG_20240307_135605-768x433.jpg 768w, https:\/\/www.donbosco.cz\/wp-content\/uploads\/2024\/04\/IMG_20240307_135605-1536x866.jpg 1536w, https:\/\/www.donbosco.cz\/wp-content\/uploads\/2024\/04\/IMG_20240307_135605-2048x1155.jpg 2048w\" sizes=\"(max-width: 767px) 89vw, (max-width: 1000px) 54vw, (max-width: 1071px) 543px, 580px\" \/><\/figure><\/li><\/ul><\/figure>\n","protected":false},"excerpt":{"rendered":"<p>I na\u0161i \u017e\u00e1ci se z\u00fa\u010dastnili realizace \u00fasp\u011b\u0161n\u00e9ho edukativn\u00edho projektu SpikeUp! EXPO, kter\u00fd v reprezentativn\u00edch prostorech coworkingov\u00e9ho centra Opero 07. b\u0159ezna 2024 pro \u0161est des\u00edtek \u017e\u00e1k\u016f ze t\u0159\u00ed z\u00e1kladn\u00edch \u0161kol za podpory LEGO Group p\u0159ipravil sehran\u00fd t\u00fdm robotik\u016f z technick\u00e9ho odd\u011blen\u00ed DDM Praha 4 Hobby centrum 4.<\/p>\n","protected":false},"author":5,"featured_media":0,"parent":0,"menu_order":0,"comment_status":"closed","ping_status":"closed","template":"","meta":[],"_links":{"self":[{"href":"https:\/\/www.donbosco.cz\/index.php\/wp-json\/wp\/v2\/pages\/3941"}],"collection":[{"href":"https:\/\/www.donbosco.cz\/index.php\/wp-json\/wp\/v2\/pages"}],"about":[{"href":"https:\/\/www.donbosco.cz\/index.php\/wp-json\/wp\/v2\/types\/page"}],"author":[{"embeddable":true,"href":"https:\/\/www.donbosco.cz\/index.php\/wp-json\/wp\/v2\/users\/5"}],"replies":[{"embeddable":true,"href":"https:\/\/www.donbosco.cz\/index.php\/wp-json\/wp\/v2\/comments?post=3941"}],"version-history":[{"count":1,"href":"https:\/\/www.donbosco.cz\/index.php\/wp-json\/wp\/v2\/pages\/3941\/revisions"}],"predecessor-version":[{"id":3942,"href":"https:\/\/www.donbosco.cz\/index.php\/wp-json\/wp\/v2\/pages\/3941\/revisions\/3942"}],"wp:attachment":[{"href":"https:\/\/www.donbosco.cz\/index.php\/wp-json\/wp\/v2\/media?parent=3941"}],"curies":[{"name":"wp","href":"https:\/\/api.w.org\/{rel}","templated":true}]}}