{"id":3803,"date":"2023-12-30T11:28:21","date_gmt":"2023-12-30T11:28:21","guid":{"rendered":"https:\/\/www.donbosco.cz\/?page_id=3803"},"modified":"2023-12-30T11:28:21","modified_gmt":"2023-12-30T11:28:21","slug":"vanocni-vylet-do-dolnich-chaber-knihovna-kc-chabersky-dvur-kostel-steti-svateho-jana-krtitele-4-b-5-a","status":"publish","type":"page","link":"https:\/\/www.donbosco.cz\/index.php\/vanocni-vylet-do-dolnich-chaber-knihovna-kc-chabersky-dvur-kostel-steti-svateho-jana-krtitele-4-b-5-a\/","title":{"rendered":"V\u00e1no\u010dn\u00ed v\u00fdlet do Doln\u00edch Chaber &#8211; knihovna, KC Chabersk\u00fd dv\u016fr, kostel St\u011bt\u00ed svat\u00e9ho Jana K\u0159titele &#8211; 4. B, 5. A"},"content":{"rendered":"\n<figure class=\"wp-block-gallery columns-4 is-cropped\"><ul class=\"blocks-gallery-grid\"><li class=\"blocks-gallery-item\"><figure><img loading=\"lazy\" width=\"768\" height=\"1024\" src=\"http:\/\/www.donbosco.cz\/wp-content\/uploads\/2023\/12\/IMG_20231221_093526-768x1024.jpg\" alt=\"\" data-id=\"3787\" data-full-url=\"http:\/\/www.donbosco.cz\/wp-content\/uploads\/2023\/12\/IMG_20231221_093526-scaled.jpg\" data-link=\"https:\/\/www.donbosco.cz\/img_20231221_093526\/\" class=\"wp-image-3787\" srcset=\"https:\/\/www.donbosco.cz\/wp-content\/uploads\/2023\/12\/IMG_20231221_093526-768x1024.jpg 768w, https:\/\/www.donbosco.cz\/wp-content\/uploads\/2023\/12\/IMG_20231221_093526-225x300.jpg 225w, https:\/\/www.donbosco.cz\/wp-content\/uploads\/2023\/12\/IMG_20231221_093526-1152x1536.jpg 1152w, https:\/\/www.donbosco.cz\/wp-content\/uploads\/2023\/12\/IMG_20231221_093526-1536x2048.jpg 1536w, https:\/\/www.donbosco.cz\/wp-content\/uploads\/2023\/12\/IMG_20231221_093526-scaled.jpg 1920w\" sizes=\"(max-width: 767px) 89vw, (max-width: 1000px) 54vw, (max-width: 1071px) 543px, 580px\" \/><\/figure><\/li><li class=\"blocks-gallery-item\"><figure><img loading=\"lazy\" width=\"768\" height=\"1024\" src=\"http:\/\/www.donbosco.cz\/wp-content\/uploads\/2023\/12\/IMG_20231221_093547-768x1024.jpg\" alt=\"\" data-id=\"3788\" data-full-url=\"http:\/\/www.donbosco.cz\/wp-content\/uploads\/2023\/12\/IMG_20231221_093547-scaled.jpg\" data-link=\"https:\/\/www.donbosco.cz\/img_20231221_093547\/\" class=\"wp-image-3788\" srcset=\"https:\/\/www.donbosco.cz\/wp-content\/uploads\/2023\/12\/IMG_20231221_093547-768x1024.jpg 768w, https:\/\/www.donbosco.cz\/wp-content\/uploads\/2023\/12\/IMG_20231221_093547-225x300.jpg 225w, https:\/\/www.donbosco.cz\/wp-content\/uploads\/2023\/12\/IMG_20231221_093547-1152x1536.jpg 1152w, https:\/\/www.donbosco.cz\/wp-content\/uploads\/2023\/12\/IMG_20231221_093547-1536x2048.jpg 1536w, https:\/\/www.donbosco.cz\/wp-content\/uploads\/2023\/12\/IMG_20231221_093547-scaled.jpg 1920w\" sizes=\"(max-width: 767px) 89vw, (max-width: 1000px) 54vw, (max-width: 1071px) 543px, 580px\" \/><\/figure><\/li><li class=\"blocks-gallery-item\"><figure><img loading=\"lazy\" width=\"768\" height=\"1024\" src=\"http:\/\/www.donbosco.cz\/wp-content\/uploads\/2023\/12\/IMG_20231221_093729-768x1024.jpg\" alt=\"\" data-id=\"3789\" data-full-url=\"http:\/\/www.donbosco.cz\/wp-content\/uploads\/2023\/12\/IMG_20231221_093729-scaled.jpg\" data-link=\"https:\/\/www.donbosco.cz\/img_20231221_093729\/\" class=\"wp-image-3789\" srcset=\"https:\/\/www.donbosco.cz\/wp-content\/uploads\/2023\/12\/IMG_20231221_093729-768x1024.jpg 768w, https:\/\/www.donbosco.cz\/wp-content\/uploads\/2023\/12\/IMG_20231221_093729-225x300.jpg 225w, https:\/\/www.donbosco.cz\/wp-content\/uploads\/2023\/12\/IMG_20231221_093729-1152x1536.jpg 1152w, https:\/\/www.donbosco.cz\/wp-content\/uploads\/2023\/12\/IMG_20231221_093729-1536x2048.jpg 1536w, https:\/\/www.donbosco.cz\/wp-content\/uploads\/2023\/12\/IMG_20231221_093729-scaled.jpg 1920w\" sizes=\"(max-width: 767px) 89vw, (max-width: 1000px) 54vw, (max-width: 1071px) 543px, 580px\" \/><\/figure><\/li><li class=\"blocks-gallery-item\"><figure><img loading=\"lazy\" width=\"768\" height=\"1024\" src=\"http:\/\/www.donbosco.cz\/wp-content\/uploads\/2023\/12\/IMG_20231221_094222-768x1024.jpg\" alt=\"\" data-id=\"3790\" data-full-url=\"http:\/\/www.donbosco.cz\/wp-content\/uploads\/2023\/12\/IMG_20231221_094222-scaled.jpg\" data-link=\"https:\/\/www.donbosco.cz\/img_20231221_094222\/\" class=\"wp-image-3790\" srcset=\"https:\/\/www.donbosco.cz\/wp-content\/uploads\/2023\/12\/IMG_20231221_094222-768x1024.jpg 768w, https:\/\/www.donbosco.cz\/wp-content\/uploads\/2023\/12\/IMG_20231221_094222-225x300.jpg 225w, https:\/\/www.donbosco.cz\/wp-content\/uploads\/2023\/12\/IMG_20231221_094222-1152x1536.jpg 1152w, https:\/\/www.donbosco.cz\/wp-content\/uploads\/2023\/12\/IMG_20231221_094222-1536x2048.jpg 1536w, https:\/\/www.donbosco.cz\/wp-content\/uploads\/2023\/12\/IMG_20231221_094222-scaled.jpg 1920w\" sizes=\"(max-width: 767px) 89vw, (max-width: 1000px) 54vw, (max-width: 1071px) 543px, 580px\" \/><\/figure><\/li><li class=\"blocks-gallery-item\"><figure><img loading=\"lazy\" width=\"768\" height=\"1024\" src=\"http:\/\/www.donbosco.cz\/wp-content\/uploads\/2023\/12\/IMG_20231221_094232-768x1024.jpg\" alt=\"\" data-id=\"3791\" data-full-url=\"http:\/\/www.donbosco.cz\/wp-content\/uploads\/2023\/12\/IMG_20231221_094232-scaled.jpg\" data-link=\"https:\/\/www.donbosco.cz\/img_20231221_094232\/\" class=\"wp-image-3791\" srcset=\"https:\/\/www.donbosco.cz\/wp-content\/uploads\/2023\/12\/IMG_20231221_094232-768x1024.jpg 768w, https:\/\/www.donbosco.cz\/wp-content\/uploads\/2023\/12\/IMG_20231221_094232-225x300.jpg 225w, https:\/\/www.donbosco.cz\/wp-content\/uploads\/2023\/12\/IMG_20231221_094232-1152x1536.jpg 1152w, https:\/\/www.donbosco.cz\/wp-content\/uploads\/2023\/12\/IMG_20231221_094232-1536x2048.jpg 1536w, https:\/\/www.donbosco.cz\/wp-content\/uploads\/2023\/12\/IMG_20231221_094232-scaled.jpg 1920w\" sizes=\"(max-width: 767px) 89vw, (max-width: 1000px) 54vw, (max-width: 1071px) 543px, 580px\" \/><\/figure><\/li><li class=\"blocks-gallery-item\"><figure><img loading=\"lazy\" width=\"768\" height=\"1024\" src=\"http:\/\/www.donbosco.cz\/wp-content\/uploads\/2023\/12\/IMG_20231221_094254-768x1024.jpg\" alt=\"\" data-id=\"3792\" data-full-url=\"http:\/\/www.donbosco.cz\/wp-content\/uploads\/2023\/12\/IMG_20231221_094254-scaled.jpg\" data-link=\"https:\/\/www.donbosco.cz\/img_20231221_094254\/\" class=\"wp-image-3792\" srcset=\"https:\/\/www.donbosco.cz\/wp-content\/uploads\/2023\/12\/IMG_20231221_094254-768x1024.jpg 768w, https:\/\/www.donbosco.cz\/wp-content\/uploads\/2023\/12\/IMG_20231221_094254-225x300.jpg 225w, https:\/\/www.donbosco.cz\/wp-content\/uploads\/2023\/12\/IMG_20231221_094254-1152x1536.jpg 1152w, https:\/\/www.donbosco.cz\/wp-content\/uploads\/2023\/12\/IMG_20231221_094254-1536x2048.jpg 1536w, https:\/\/www.donbosco.cz\/wp-content\/uploads\/2023\/12\/IMG_20231221_094254-scaled.jpg 1920w\" sizes=\"(max-width: 767px) 89vw, (max-width: 1000px) 54vw, (max-width: 1071px) 543px, 580px\" \/><\/figure><\/li><li class=\"blocks-gallery-item\"><figure><img loading=\"lazy\" width=\"768\" height=\"1024\" src=\"http:\/\/www.donbosco.cz\/wp-content\/uploads\/2023\/12\/IMG_20231221_100811-768x1024.jpg\" alt=\"\" data-id=\"3793\" data-full-url=\"http:\/\/www.donbosco.cz\/wp-content\/uploads\/2023\/12\/IMG_20231221_100811-scaled.jpg\" data-link=\"https:\/\/www.donbosco.cz\/img_20231221_100811\/\" class=\"wp-image-3793\" srcset=\"https:\/\/www.donbosco.cz\/wp-content\/uploads\/2023\/12\/IMG_20231221_100811-768x1024.jpg 768w, https:\/\/www.donbosco.cz\/wp-content\/uploads\/2023\/12\/IMG_20231221_100811-225x300.jpg 225w, https:\/\/www.donbosco.cz\/wp-content\/uploads\/2023\/12\/IMG_20231221_100811-1152x1536.jpg 1152w, https:\/\/www.donbosco.cz\/wp-content\/uploads\/2023\/12\/IMG_20231221_100811-1536x2048.jpg 1536w, https:\/\/www.donbosco.cz\/wp-content\/uploads\/2023\/12\/IMG_20231221_100811-scaled.jpg 1920w\" sizes=\"(max-width: 767px) 89vw, (max-width: 1000px) 54vw, (max-width: 1071px) 543px, 580px\" \/><\/figure><\/li><li class=\"blocks-gallery-item\"><figure><img loading=\"lazy\" width=\"768\" height=\"1024\" src=\"http:\/\/www.donbosco.cz\/wp-content\/uploads\/2023\/12\/IMG_20231221_101057-768x1024.jpg\" alt=\"\" data-id=\"3794\" data-full-url=\"http:\/\/www.donbosco.cz\/wp-content\/uploads\/2023\/12\/IMG_20231221_101057-scaled.jpg\" data-link=\"https:\/\/www.donbosco.cz\/img_20231221_101057\/\" class=\"wp-image-3794\" srcset=\"https:\/\/www.donbosco.cz\/wp-content\/uploads\/2023\/12\/IMG_20231221_101057-768x1024.jpg 768w, https:\/\/www.donbosco.cz\/wp-content\/uploads\/2023\/12\/IMG_20231221_101057-225x300.jpg 225w, https:\/\/www.donbosco.cz\/wp-content\/uploads\/2023\/12\/IMG_20231221_101057-1152x1536.jpg 1152w, https:\/\/www.donbosco.cz\/wp-content\/uploads\/2023\/12\/IMG_20231221_101057-1536x2048.jpg 1536w, https:\/\/www.donbosco.cz\/wp-content\/uploads\/2023\/12\/IMG_20231221_101057-scaled.jpg 1920w\" sizes=\"(max-width: 767px) 89vw, (max-width: 1000px) 54vw, (max-width: 1071px) 543px, 580px\" \/><\/figure><\/li><li class=\"blocks-gallery-item\"><figure><img loading=\"lazy\" width=\"768\" height=\"1024\" src=\"http:\/\/www.donbosco.cz\/wp-content\/uploads\/2023\/12\/IMG_20231221_101130-768x1024.jpg\" alt=\"\" data-id=\"3795\" data-full-url=\"http:\/\/www.donbosco.cz\/wp-content\/uploads\/2023\/12\/IMG_20231221_101130-scaled.jpg\" data-link=\"https:\/\/www.donbosco.cz\/bsh\/\" class=\"wp-image-3795\" srcset=\"https:\/\/www.donbosco.cz\/wp-content\/uploads\/2023\/12\/IMG_20231221_101130-768x1024.jpg 768w, https:\/\/www.donbosco.cz\/wp-content\/uploads\/2023\/12\/IMG_20231221_101130-225x300.jpg 225w, https:\/\/www.donbosco.cz\/wp-content\/uploads\/2023\/12\/IMG_20231221_101130-1152x1536.jpg 1152w, https:\/\/www.donbosco.cz\/wp-content\/uploads\/2023\/12\/IMG_20231221_101130-1536x2048.jpg 1536w, https:\/\/www.donbosco.cz\/wp-content\/uploads\/2023\/12\/IMG_20231221_101130-scaled.jpg 1920w\" sizes=\"(max-width: 767px) 89vw, (max-width: 1000px) 54vw, (max-width: 1071px) 543px, 580px\" \/><figcaption class=\"blocks-gallery-item__caption\">bsh<\/figcaption><\/figure><\/li><li class=\"blocks-gallery-item\"><figure><img loading=\"lazy\" width=\"768\" height=\"1024\" src=\"http:\/\/www.donbosco.cz\/wp-content\/uploads\/2023\/12\/IMG_20231221_101236-768x1024.jpg\" alt=\"\" data-id=\"3796\" data-full-url=\"http:\/\/www.donbosco.cz\/wp-content\/uploads\/2023\/12\/IMG_20231221_101236-scaled.jpg\" data-link=\"https:\/\/www.donbosco.cz\/bsh-2\/\" class=\"wp-image-3796\" srcset=\"https:\/\/www.donbosco.cz\/wp-content\/uploads\/2023\/12\/IMG_20231221_101236-768x1024.jpg 768w, https:\/\/www.donbosco.cz\/wp-content\/uploads\/2023\/12\/IMG_20231221_101236-225x300.jpg 225w, https:\/\/www.donbosco.cz\/wp-content\/uploads\/2023\/12\/IMG_20231221_101236-1152x1536.jpg 1152w, https:\/\/www.donbosco.cz\/wp-content\/uploads\/2023\/12\/IMG_20231221_101236-1536x2048.jpg 1536w, https:\/\/www.donbosco.cz\/wp-content\/uploads\/2023\/12\/IMG_20231221_101236-scaled.jpg 1920w\" sizes=\"(max-width: 767px) 89vw, (max-width: 1000px) 54vw, (max-width: 1071px) 543px, 580px\" \/><figcaption class=\"blocks-gallery-item__caption\">bsh<\/figcaption><\/figure><\/li><li class=\"blocks-gallery-item\"><figure><img loading=\"lazy\" width=\"768\" height=\"1024\" src=\"http:\/\/www.donbosco.cz\/wp-content\/uploads\/2023\/12\/IMG_20231221_101323-768x1024.jpg\" alt=\"\" data-id=\"3797\" data-full-url=\"http:\/\/www.donbosco.cz\/wp-content\/uploads\/2023\/12\/IMG_20231221_101323-scaled.jpg\" data-link=\"https:\/\/www.donbosco.cz\/img_20231221_101323\/\" class=\"wp-image-3797\" srcset=\"https:\/\/www.donbosco.cz\/wp-content\/uploads\/2023\/12\/IMG_20231221_101323-768x1024.jpg 768w, https:\/\/www.donbosco.cz\/wp-content\/uploads\/2023\/12\/IMG_20231221_101323-225x300.jpg 225w, https:\/\/www.donbosco.cz\/wp-content\/uploads\/2023\/12\/IMG_20231221_101323-1152x1536.jpg 1152w, https:\/\/www.donbosco.cz\/wp-content\/uploads\/2023\/12\/IMG_20231221_101323-1536x2048.jpg 1536w, https:\/\/www.donbosco.cz\/wp-content\/uploads\/2023\/12\/IMG_20231221_101323-scaled.jpg 1920w\" sizes=\"(max-width: 767px) 89vw, (max-width: 1000px) 54vw, (max-width: 1071px) 543px, 580px\" \/><\/figure><\/li><li class=\"blocks-gallery-item\"><figure><img loading=\"lazy\" width=\"768\" height=\"1024\" src=\"http:\/\/www.donbosco.cz\/wp-content\/uploads\/2023\/12\/IMG_20231221_101342-768x1024.jpg\" alt=\"\" data-id=\"3798\" data-full-url=\"http:\/\/www.donbosco.cz\/wp-content\/uploads\/2023\/12\/IMG_20231221_101342-scaled.jpg\" data-link=\"https:\/\/www.donbosco.cz\/img_20231221_101342\/\" class=\"wp-image-3798\" srcset=\"https:\/\/www.donbosco.cz\/wp-content\/uploads\/2023\/12\/IMG_20231221_101342-768x1024.jpg 768w, https:\/\/www.donbosco.cz\/wp-content\/uploads\/2023\/12\/IMG_20231221_101342-225x300.jpg 225w, https:\/\/www.donbosco.cz\/wp-content\/uploads\/2023\/12\/IMG_20231221_101342-1152x1536.jpg 1152w, https:\/\/www.donbosco.cz\/wp-content\/uploads\/2023\/12\/IMG_20231221_101342-1536x2048.jpg 1536w, https:\/\/www.donbosco.cz\/wp-content\/uploads\/2023\/12\/IMG_20231221_101342-scaled.jpg 1920w\" sizes=\"(max-width: 767px) 89vw, (max-width: 1000px) 54vw, (max-width: 1071px) 543px, 580px\" \/><\/figure><\/li><li class=\"blocks-gallery-item\"><figure><img loading=\"lazy\" width=\"768\" height=\"1024\" src=\"http:\/\/www.donbosco.cz\/wp-content\/uploads\/2023\/12\/IMG_20231221_101801-768x1024.jpg\" alt=\"\" data-id=\"3799\" data-full-url=\"http:\/\/www.donbosco.cz\/wp-content\/uploads\/2023\/12\/IMG_20231221_101801-scaled.jpg\" data-link=\"https:\/\/www.donbosco.cz\/bsh-3\/\" class=\"wp-image-3799\" srcset=\"https:\/\/www.donbosco.cz\/wp-content\/uploads\/2023\/12\/IMG_20231221_101801-768x1024.jpg 768w, https:\/\/www.donbosco.cz\/wp-content\/uploads\/2023\/12\/IMG_20231221_101801-225x300.jpg 225w, https:\/\/www.donbosco.cz\/wp-content\/uploads\/2023\/12\/IMG_20231221_101801-1152x1536.jpg 1152w, https:\/\/www.donbosco.cz\/wp-content\/uploads\/2023\/12\/IMG_20231221_101801-1536x2048.jpg 1536w, https:\/\/www.donbosco.cz\/wp-content\/uploads\/2023\/12\/IMG_20231221_101801-scaled.jpg 1920w\" sizes=\"(max-width: 767px) 89vw, (max-width: 1000px) 54vw, (max-width: 1071px) 543px, 580px\" \/><figcaption class=\"blocks-gallery-item__caption\">bsh<\/figcaption><\/figure><\/li><li class=\"blocks-gallery-item\"><figure><img loading=\"lazy\" width=\"768\" height=\"1024\" src=\"http:\/\/www.donbosco.cz\/wp-content\/uploads\/2023\/12\/IMG_20231221_101821-768x1024.jpg\" alt=\"\" data-id=\"3800\" data-full-url=\"http:\/\/www.donbosco.cz\/wp-content\/uploads\/2023\/12\/IMG_20231221_101821-scaled.jpg\" data-link=\"https:\/\/www.donbosco.cz\/bsh-4\/\" class=\"wp-image-3800\" srcset=\"https:\/\/www.donbosco.cz\/wp-content\/uploads\/2023\/12\/IMG_20231221_101821-768x1024.jpg 768w, https:\/\/www.donbosco.cz\/wp-content\/uploads\/2023\/12\/IMG_20231221_101821-225x300.jpg 225w, https:\/\/www.donbosco.cz\/wp-content\/uploads\/2023\/12\/IMG_20231221_101821-1152x1536.jpg 1152w, https:\/\/www.donbosco.cz\/wp-content\/uploads\/2023\/12\/IMG_20231221_101821-1536x2048.jpg 1536w, https:\/\/www.donbosco.cz\/wp-content\/uploads\/2023\/12\/IMG_20231221_101821-scaled.jpg 1920w\" sizes=\"(max-width: 767px) 89vw, (max-width: 1000px) 54vw, (max-width: 1071px) 543px, 580px\" \/><figcaption class=\"blocks-gallery-item__caption\">bsh<\/figcaption><\/figure><\/li><li class=\"blocks-gallery-item\"><figure><img loading=\"lazy\" width=\"768\" height=\"1024\" src=\"http:\/\/www.donbosco.cz\/wp-content\/uploads\/2023\/12\/IMG_20231221_101852-768x1024.jpg\" alt=\"\" data-id=\"3801\" data-full-url=\"http:\/\/www.donbosco.cz\/wp-content\/uploads\/2023\/12\/IMG_20231221_101852-scaled.jpg\" data-link=\"https:\/\/www.donbosco.cz\/bsh-5\/\" class=\"wp-image-3801\" srcset=\"https:\/\/www.donbosco.cz\/wp-content\/uploads\/2023\/12\/IMG_20231221_101852-768x1024.jpg 768w, https:\/\/www.donbosco.cz\/wp-content\/uploads\/2023\/12\/IMG_20231221_101852-225x300.jpg 225w, https:\/\/www.donbosco.cz\/wp-content\/uploads\/2023\/12\/IMG_20231221_101852-1152x1536.jpg 1152w, https:\/\/www.donbosco.cz\/wp-content\/uploads\/2023\/12\/IMG_20231221_101852-1536x2048.jpg 1536w, https:\/\/www.donbosco.cz\/wp-content\/uploads\/2023\/12\/IMG_20231221_101852-scaled.jpg 1920w\" sizes=\"(max-width: 767px) 89vw, (max-width: 1000px) 54vw, (max-width: 1071px) 543px, 580px\" \/><figcaption class=\"blocks-gallery-item__caption\">bsh<\/figcaption><\/figure><\/li><li class=\"blocks-gallery-item\"><figure><img loading=\"lazy\" width=\"768\" height=\"1024\" src=\"http:\/\/www.donbosco.cz\/wp-content\/uploads\/2023\/12\/IMG_20231221_102033-768x1024.jpg\" alt=\"\" data-id=\"3802\" data-full-url=\"http:\/\/www.donbosco.cz\/wp-content\/uploads\/2023\/12\/IMG_20231221_102033-scaled.jpg\" data-link=\"https:\/\/www.donbosco.cz\/img_20231221_102033\/\" class=\"wp-image-3802\" srcset=\"https:\/\/www.donbosco.cz\/wp-content\/uploads\/2023\/12\/IMG_20231221_102033-768x1024.jpg 768w, https:\/\/www.donbosco.cz\/wp-content\/uploads\/2023\/12\/IMG_20231221_102033-225x300.jpg 225w, https:\/\/www.donbosco.cz\/wp-content\/uploads\/2023\/12\/IMG_20231221_102033-1152x1536.jpg 1152w, https:\/\/www.donbosco.cz\/wp-content\/uploads\/2023\/12\/IMG_20231221_102033-1536x2048.jpg 1536w, https:\/\/www.donbosco.cz\/wp-content\/uploads\/2023\/12\/IMG_20231221_102033-scaled.jpg 1920w\" sizes=\"(max-width: 767px) 89vw, (max-width: 1000px) 54vw, (max-width: 1071px) 543px, 580px\" \/><\/figure><\/li><\/ul><\/figure>\n","protected":false},"excerpt":{"rendered":"","protected":false},"author":5,"featured_media":0,"parent":0,"menu_order":0,"comment_status":"closed","ping_status":"closed","template":"","meta":[],"_links":{"self":[{"href":"https:\/\/www.donbosco.cz\/index.php\/wp-json\/wp\/v2\/pages\/3803"}],"collection":[{"href":"https:\/\/www.donbosco.cz\/index.php\/wp-json\/wp\/v2\/pages"}],"about":[{"href":"https:\/\/www.donbosco.cz\/index.php\/wp-json\/wp\/v2\/types\/page"}],"author":[{"embeddable":true,"href":"https:\/\/www.donbosco.cz\/index.php\/wp-json\/wp\/v2\/users\/5"}],"replies":[{"embeddable":true,"href":"https:\/\/www.donbosco.cz\/index.php\/wp-json\/wp\/v2\/comments?post=3803"}],"version-history":[{"count":1,"href":"https:\/\/www.donbosco.cz\/index.php\/wp-json\/wp\/v2\/pages\/3803\/revisions"}],"predecessor-version":[{"id":3804,"href":"https:\/\/www.donbosco.cz\/index.php\/wp-json\/wp\/v2\/pages\/3803\/revisions\/3804"}],"wp:attachment":[{"href":"https:\/\/www.donbosco.cz\/index.php\/wp-json\/wp\/v2\/media?parent=3803"}],"curies":[{"name":"wp","href":"https:\/\/api.w.org\/{rel}","templated":true}]}}