{"id":3495,"date":"2023-06-28T17:41:18","date_gmt":"2023-06-28T17:41:18","guid":{"rendered":"https:\/\/www.donbosco.cz\/?page_id=3495"},"modified":"2023-06-28T17:41:18","modified_gmt":"2023-06-28T17:41:18","slug":"louceni-s-devatymi-tridami","status":"publish","type":"page","link":"https:\/\/www.donbosco.cz\/index.php\/louceni-s-devatymi-tridami\/","title":{"rendered":"Lou\u010den\u00ed s dev\u00e1t\u00fdmi t\u0159\u00eddami"},"content":{"rendered":"\n<p><em>V&nbsp;\u00fater\u00fd 27.6.2023 jsme se na Zahrad\u011b Don Bosco rozlou\u010dili s&nbsp;na\u0161imi leto\u0161n\u00edm dev\u00e1t\u00fdm ro\u010dn\u00edkem. 9.A nato\u010dila kr\u00e1tk\u00fd vtipn\u00fd film ze \u0161koln\u00edho \u017eivota, 9.B tane\u010dn\u011b ztv\u00e1rnila svou soudr\u017enost sc\u00e9nami z mafi\u00e1nsk\u00e9 camorry. Dev\u00e1\u0165\u00e1ci pak ve sv\u00fdch osobn\u00edch prezentac\u00edch pod\u011bkovali v\u0161em u\u010ditel\u016fm, na z\u00e1v\u011br p\u0159ipravili bohat\u00e9 poho\u0161t\u011bn\u00ed od sv\u00fdch maminek.<\/em><\/p>\n\n\n\n<p><em>A\u0165 je slunce a humor neopou\u0161t\u00ed na jejich dal\u0161\u00ed cest\u011b!<\/em><\/p>\n\n\n\n<figure class=\"wp-block-gallery columns-3 is-cropped\"><ul class=\"blocks-gallery-grid\"><li class=\"blocks-gallery-item\"><figure><img loading=\"lazy\" width=\"1024\" height=\"768\" src=\"http:\/\/www.donbosco.cz\/wp-content\/uploads\/2023\/06\/IMG_0466-1024x768.jpg\" alt=\"\" data-id=\"3484\" data-full-url=\"http:\/\/www.donbosco.cz\/wp-content\/uploads\/2023\/06\/IMG_0466-scaled.jpg\" data-link=\"https:\/\/www.donbosco.cz\/img_0466\/\" class=\"wp-image-3484\" srcset=\"https:\/\/www.donbosco.cz\/wp-content\/uploads\/2023\/06\/IMG_0466-1024x768.jpg 1024w, https:\/\/www.donbosco.cz\/wp-content\/uploads\/2023\/06\/IMG_0466-300x225.jpg 300w, https:\/\/www.donbosco.cz\/wp-content\/uploads\/2023\/06\/IMG_0466-768x576.jpg 768w, https:\/\/www.donbosco.cz\/wp-content\/uploads\/2023\/06\/IMG_0466-1536x1152.jpg 1536w, https:\/\/www.donbosco.cz\/wp-content\/uploads\/2023\/06\/IMG_0466-2048x1536.jpg 2048w\" sizes=\"(max-width: 767px) 89vw, (max-width: 1000px) 54vw, (max-width: 1071px) 543px, 580px\" \/><\/figure><\/li><li class=\"blocks-gallery-item\"><figure><img loading=\"lazy\" width=\"1024\" height=\"768\" src=\"http:\/\/www.donbosco.cz\/wp-content\/uploads\/2023\/06\/IMG_0468-1024x768.jpg\" alt=\"\" data-id=\"3485\" data-full-url=\"http:\/\/www.donbosco.cz\/wp-content\/uploads\/2023\/06\/IMG_0468-scaled.jpg\" data-link=\"https:\/\/www.donbosco.cz\/img_0468\/\" class=\"wp-image-3485\" srcset=\"https:\/\/www.donbosco.cz\/wp-content\/uploads\/2023\/06\/IMG_0468-1024x768.jpg 1024w, https:\/\/www.donbosco.cz\/wp-content\/uploads\/2023\/06\/IMG_0468-300x225.jpg 300w, https:\/\/www.donbosco.cz\/wp-content\/uploads\/2023\/06\/IMG_0468-768x576.jpg 768w, https:\/\/www.donbosco.cz\/wp-content\/uploads\/2023\/06\/IMG_0468-1536x1152.jpg 1536w, https:\/\/www.donbosco.cz\/wp-content\/uploads\/2023\/06\/IMG_0468-2048x1536.jpg 2048w\" sizes=\"(max-width: 767px) 89vw, (max-width: 1000px) 54vw, (max-width: 1071px) 543px, 580px\" \/><\/figure><\/li><li class=\"blocks-gallery-item\"><figure><img loading=\"lazy\" width=\"1024\" height=\"768\" src=\"http:\/\/www.donbosco.cz\/wp-content\/uploads\/2023\/06\/IMG_0472-1024x768.jpg\" alt=\"\" data-id=\"3486\" data-full-url=\"http:\/\/www.donbosco.cz\/wp-content\/uploads\/2023\/06\/IMG_0472-scaled.jpg\" data-link=\"https:\/\/www.donbosco.cz\/img_0472\/\" class=\"wp-image-3486\" srcset=\"https:\/\/www.donbosco.cz\/wp-content\/uploads\/2023\/06\/IMG_0472-1024x768.jpg 1024w, https:\/\/www.donbosco.cz\/wp-content\/uploads\/2023\/06\/IMG_0472-300x225.jpg 300w, https:\/\/www.donbosco.cz\/wp-content\/uploads\/2023\/06\/IMG_0472-768x576.jpg 768w, https:\/\/www.donbosco.cz\/wp-content\/uploads\/2023\/06\/IMG_0472-1536x1152.jpg 1536w, https:\/\/www.donbosco.cz\/wp-content\/uploads\/2023\/06\/IMG_0472-2048x1536.jpg 2048w\" sizes=\"(max-width: 767px) 89vw, (max-width: 1000px) 54vw, (max-width: 1071px) 543px, 580px\" \/><\/figure><\/li><li class=\"blocks-gallery-item\"><figure><img loading=\"lazy\" width=\"1024\" height=\"768\" src=\"http:\/\/www.donbosco.cz\/wp-content\/uploads\/2023\/06\/IMG_0474-1024x768.jpg\" alt=\"\" data-id=\"3487\" data-full-url=\"http:\/\/www.donbosco.cz\/wp-content\/uploads\/2023\/06\/IMG_0474-scaled.jpg\" data-link=\"https:\/\/www.donbosco.cz\/img_0474\/\" class=\"wp-image-3487\" srcset=\"https:\/\/www.donbosco.cz\/wp-content\/uploads\/2023\/06\/IMG_0474-1024x768.jpg 1024w, https:\/\/www.donbosco.cz\/wp-content\/uploads\/2023\/06\/IMG_0474-300x225.jpg 300w, https:\/\/www.donbosco.cz\/wp-content\/uploads\/2023\/06\/IMG_0474-768x576.jpg 768w, https:\/\/www.donbosco.cz\/wp-content\/uploads\/2023\/06\/IMG_0474-1536x1152.jpg 1536w, https:\/\/www.donbosco.cz\/wp-content\/uploads\/2023\/06\/IMG_0474-2048x1536.jpg 2048w\" sizes=\"(max-width: 767px) 89vw, (max-width: 1000px) 54vw, (max-width: 1071px) 543px, 580px\" \/><\/figure><\/li><li class=\"blocks-gallery-item\"><figure><img loading=\"lazy\" width=\"1024\" height=\"768\" src=\"http:\/\/www.donbosco.cz\/wp-content\/uploads\/2023\/06\/IMG_0494-1024x768.jpg\" alt=\"\" data-id=\"3488\" data-full-url=\"http:\/\/www.donbosco.cz\/wp-content\/uploads\/2023\/06\/IMG_0494-scaled.jpg\" data-link=\"https:\/\/www.donbosco.cz\/img_0494\/\" class=\"wp-image-3488\" srcset=\"https:\/\/www.donbosco.cz\/wp-content\/uploads\/2023\/06\/IMG_0494-1024x768.jpg 1024w, https:\/\/www.donbosco.cz\/wp-content\/uploads\/2023\/06\/IMG_0494-300x225.jpg 300w, https:\/\/www.donbosco.cz\/wp-content\/uploads\/2023\/06\/IMG_0494-768x576.jpg 768w, https:\/\/www.donbosco.cz\/wp-content\/uploads\/2023\/06\/IMG_0494-1536x1152.jpg 1536w, https:\/\/www.donbosco.cz\/wp-content\/uploads\/2023\/06\/IMG_0494-2048x1536.jpg 2048w\" sizes=\"(max-width: 767px) 89vw, (max-width: 1000px) 54vw, (max-width: 1071px) 543px, 580px\" \/><\/figure><\/li><li class=\"blocks-gallery-item\"><figure><img loading=\"lazy\" width=\"1024\" height=\"768\" src=\"http:\/\/www.donbosco.cz\/wp-content\/uploads\/2023\/06\/IMG_0496-1024x768.jpg\" alt=\"\" data-id=\"3489\" data-full-url=\"http:\/\/www.donbosco.cz\/wp-content\/uploads\/2023\/06\/IMG_0496-scaled.jpg\" data-link=\"https:\/\/www.donbosco.cz\/img_0496\/\" class=\"wp-image-3489\" srcset=\"https:\/\/www.donbosco.cz\/wp-content\/uploads\/2023\/06\/IMG_0496-1024x768.jpg 1024w, https:\/\/www.donbosco.cz\/wp-content\/uploads\/2023\/06\/IMG_0496-300x225.jpg 300w, https:\/\/www.donbosco.cz\/wp-content\/uploads\/2023\/06\/IMG_0496-768x576.jpg 768w, https:\/\/www.donbosco.cz\/wp-content\/uploads\/2023\/06\/IMG_0496-1536x1152.jpg 1536w, https:\/\/www.donbosco.cz\/wp-content\/uploads\/2023\/06\/IMG_0496-2048x1536.jpg 2048w\" sizes=\"(max-width: 767px) 89vw, (max-width: 1000px) 54vw, (max-width: 1071px) 543px, 580px\" \/><\/figure><\/li><li class=\"blocks-gallery-item\"><figure><img loading=\"lazy\" width=\"1024\" height=\"768\" src=\"http:\/\/www.donbosco.cz\/wp-content\/uploads\/2023\/06\/IMG_0501-1024x768.jpg\" alt=\"\" data-id=\"3490\" data-full-url=\"http:\/\/www.donbosco.cz\/wp-content\/uploads\/2023\/06\/IMG_0501-scaled.jpg\" data-link=\"https:\/\/www.donbosco.cz\/img_0501\/\" class=\"wp-image-3490\" srcset=\"https:\/\/www.donbosco.cz\/wp-content\/uploads\/2023\/06\/IMG_0501-1024x768.jpg 1024w, https:\/\/www.donbosco.cz\/wp-content\/uploads\/2023\/06\/IMG_0501-300x225.jpg 300w, https:\/\/www.donbosco.cz\/wp-content\/uploads\/2023\/06\/IMG_0501-768x576.jpg 768w, https:\/\/www.donbosco.cz\/wp-content\/uploads\/2023\/06\/IMG_0501-1536x1152.jpg 1536w, https:\/\/www.donbosco.cz\/wp-content\/uploads\/2023\/06\/IMG_0501-2048x1536.jpg 2048w\" sizes=\"(max-width: 767px) 89vw, (max-width: 1000px) 54vw, (max-width: 1071px) 543px, 580px\" \/><\/figure><\/li><li class=\"blocks-gallery-item\"><figure><img loading=\"lazy\" width=\"1024\" height=\"768\" src=\"http:\/\/www.donbosco.cz\/wp-content\/uploads\/2023\/06\/IMG_0545-1024x768.jpg\" alt=\"\" data-id=\"3491\" data-full-url=\"http:\/\/www.donbosco.cz\/wp-content\/uploads\/2023\/06\/IMG_0545-scaled.jpg\" data-link=\"https:\/\/www.donbosco.cz\/img_0545\/\" class=\"wp-image-3491\" srcset=\"https:\/\/www.donbosco.cz\/wp-content\/uploads\/2023\/06\/IMG_0545-1024x768.jpg 1024w, https:\/\/www.donbosco.cz\/wp-content\/uploads\/2023\/06\/IMG_0545-300x225.jpg 300w, https:\/\/www.donbosco.cz\/wp-content\/uploads\/2023\/06\/IMG_0545-768x576.jpg 768w, https:\/\/www.donbosco.cz\/wp-content\/uploads\/2023\/06\/IMG_0545-1536x1152.jpg 1536w, https:\/\/www.donbosco.cz\/wp-content\/uploads\/2023\/06\/IMG_0545-2048x1536.jpg 2048w\" sizes=\"(max-width: 767px) 89vw, (max-width: 1000px) 54vw, (max-width: 1071px) 543px, 580px\" \/><\/figure><\/li><li class=\"blocks-gallery-item\"><figure><img loading=\"lazy\" width=\"1024\" height=\"768\" src=\"http:\/\/www.donbosco.cz\/wp-content\/uploads\/2023\/06\/IMG_0547-1024x768.jpg\" alt=\"\" data-id=\"3492\" data-full-url=\"http:\/\/www.donbosco.cz\/wp-content\/uploads\/2023\/06\/IMG_0547-scaled.jpg\" data-link=\"https:\/\/www.donbosco.cz\/img_0547\/\" class=\"wp-image-3492\" srcset=\"https:\/\/www.donbosco.cz\/wp-content\/uploads\/2023\/06\/IMG_0547-1024x768.jpg 1024w, https:\/\/www.donbosco.cz\/wp-content\/uploads\/2023\/06\/IMG_0547-300x225.jpg 300w, https:\/\/www.donbosco.cz\/wp-content\/uploads\/2023\/06\/IMG_0547-768x576.jpg 768w, https:\/\/www.donbosco.cz\/wp-content\/uploads\/2023\/06\/IMG_0547-1536x1152.jpg 1536w, https:\/\/www.donbosco.cz\/wp-content\/uploads\/2023\/06\/IMG_0547-2048x1536.jpg 2048w\" sizes=\"(max-width: 767px) 89vw, (max-width: 1000px) 54vw, (max-width: 1071px) 543px, 580px\" \/><\/figure><\/li><li class=\"blocks-gallery-item\"><figure><img loading=\"lazy\" width=\"1024\" height=\"768\" src=\"http:\/\/www.donbosco.cz\/wp-content\/uploads\/2023\/06\/IMG_0556-1024x768.jpg\" alt=\"\" data-id=\"3493\" data-full-url=\"http:\/\/www.donbosco.cz\/wp-content\/uploads\/2023\/06\/IMG_0556-scaled.jpg\" data-link=\"https:\/\/www.donbosco.cz\/img_0556\/\" class=\"wp-image-3493\" srcset=\"https:\/\/www.donbosco.cz\/wp-content\/uploads\/2023\/06\/IMG_0556-1024x768.jpg 1024w, https:\/\/www.donbosco.cz\/wp-content\/uploads\/2023\/06\/IMG_0556-300x225.jpg 300w, https:\/\/www.donbosco.cz\/wp-content\/uploads\/2023\/06\/IMG_0556-768x576.jpg 768w, https:\/\/www.donbosco.cz\/wp-content\/uploads\/2023\/06\/IMG_0556-1536x1152.jpg 1536w, https:\/\/www.donbosco.cz\/wp-content\/uploads\/2023\/06\/IMG_0556-2048x1536.jpg 2048w\" sizes=\"(max-width: 767px) 89vw, (max-width: 1000px) 54vw, (max-width: 1071px) 543px, 580px\" \/><\/figure><\/li><li class=\"blocks-gallery-item\"><figure><img loading=\"lazy\" width=\"1024\" height=\"768\" src=\"http:\/\/www.donbosco.cz\/wp-content\/uploads\/2023\/06\/IMG_0566-1024x768.jpg\" alt=\"\" data-id=\"3494\" data-full-url=\"http:\/\/www.donbosco.cz\/wp-content\/uploads\/2023\/06\/IMG_0566-scaled.jpg\" data-link=\"https:\/\/www.donbosco.cz\/img_0566\/\" class=\"wp-image-3494\" srcset=\"https:\/\/www.donbosco.cz\/wp-content\/uploads\/2023\/06\/IMG_0566-1024x768.jpg 1024w, https:\/\/www.donbosco.cz\/wp-content\/uploads\/2023\/06\/IMG_0566-300x225.jpg 300w, https:\/\/www.donbosco.cz\/wp-content\/uploads\/2023\/06\/IMG_0566-768x576.jpg 768w, https:\/\/www.donbosco.cz\/wp-content\/uploads\/2023\/06\/IMG_0566-1536x1152.jpg 1536w, https:\/\/www.donbosco.cz\/wp-content\/uploads\/2023\/06\/IMG_0566-2048x1536.jpg 2048w\" sizes=\"(max-width: 767px) 89vw, (max-width: 1000px) 54vw, (max-width: 1071px) 543px, 580px\" \/><\/figure><\/li><\/ul><\/figure>\n","protected":false},"excerpt":{"rendered":"<p>V&nbsp;\u00fater\u00fd 27.6.2023 jsme se na Zahrad\u011b Don Bosco rozlou\u010dili s&nbsp;na\u0161imi leto\u0161n\u00edm dev\u00e1t\u00fdm ro\u010dn\u00edkem. 9.A nato\u010dila kr\u00e1tk\u00fd vtipn\u00fd film ze \u0161koln\u00edho \u017eivota, 9.B tane\u010dn\u011b ztv\u00e1rnila svou soudr\u017enost sc\u00e9nami z mafi\u00e1nsk\u00e9 camorry. Dev\u00e1\u0165\u00e1ci pak ve sv\u00fdch osobn\u00edch prezentac\u00edch pod\u011bkovali v\u0161em u\u010ditel\u016fm, na z\u00e1v\u011br p\u0159ipravili bohat\u00e9 poho\u0161t\u011bn\u00ed od sv\u00fdch maminek. A\u0165 je slunce a humor neopou\u0161t\u00ed na jejich &hellip; <\/p>\n<p class=\"link-more\"><a href=\"https:\/\/www.donbosco.cz\/index.php\/louceni-s-devatymi-tridami\/\" class=\"more-link\">Pokra\u010dovat ve \u010dten\u00ed<span class=\"screen-reader-text\"> &#8222;Lou\u010den\u00ed s dev\u00e1t\u00fdmi t\u0159\u00eddami&#8220;<\/span><\/a><\/p>\n","protected":false},"author":5,"featured_media":0,"parent":0,"menu_order":0,"comment_status":"closed","ping_status":"closed","template":"","meta":[],"_links":{"self":[{"href":"https:\/\/www.donbosco.cz\/index.php\/wp-json\/wp\/v2\/pages\/3495"}],"collection":[{"href":"https:\/\/www.donbosco.cz\/index.php\/wp-json\/wp\/v2\/pages"}],"about":[{"href":"https:\/\/www.donbosco.cz\/index.php\/wp-json\/wp\/v2\/types\/page"}],"author":[{"embeddable":true,"href":"https:\/\/www.donbosco.cz\/index.php\/wp-json\/wp\/v2\/users\/5"}],"replies":[{"embeddable":true,"href":"https:\/\/www.donbosco.cz\/index.php\/wp-json\/wp\/v2\/comments?post=3495"}],"version-history":[{"count":1,"href":"https:\/\/www.donbosco.cz\/index.php\/wp-json\/wp\/v2\/pages\/3495\/revisions"}],"predecessor-version":[{"id":3496,"href":"https:\/\/www.donbosco.cz\/index.php\/wp-json\/wp\/v2\/pages\/3495\/revisions\/3496"}],"wp:attachment":[{"href":"https:\/\/www.donbosco.cz\/index.php\/wp-json\/wp\/v2\/media?parent=3495"}],"curies":[{"name":"wp","href":"https:\/\/api.w.org\/{rel}","templated":true}]}}