{"id":3480,"date":"2023-06-28T17:05:17","date_gmt":"2023-06-28T17:05:17","guid":{"rendered":"https:\/\/www.donbosco.cz\/?page_id=3480"},"modified":"2023-06-28T17:05:17","modified_gmt":"2023-06-28T17:05:17","slug":"tretaci-a-sestaci-v-zoo","status":"publish","type":"page","link":"https:\/\/www.donbosco.cz\/index.php\/tretaci-a-sestaci-v-zoo\/","title":{"rendered":"T\u0159e\u0165\u00e1ci a \u0161es\u0165\u00e1ci v ZOO"},"content":{"rendered":"\n<figure class=\"wp-block-gallery columns-3 is-cropped\"><ul class=\"blocks-gallery-grid\"><li class=\"blocks-gallery-item\"><figure><img loading=\"lazy\" width=\"768\" height=\"1024\" src=\"http:\/\/www.donbosco.cz\/wp-content\/uploads\/2023\/06\/IMG_20230622_090702-768x1024.jpg\" alt=\"\" data-id=\"3460\" data-full-url=\"http:\/\/www.donbosco.cz\/wp-content\/uploads\/2023\/06\/IMG_20230622_090702-scaled.jpg\" data-link=\"https:\/\/www.donbosco.cz\/rbt-12\/\" class=\"wp-image-3460\" srcset=\"https:\/\/www.donbosco.cz\/wp-content\/uploads\/2023\/06\/IMG_20230622_090702-768x1024.jpg 768w, https:\/\/www.donbosco.cz\/wp-content\/uploads\/2023\/06\/IMG_20230622_090702-225x300.jpg 225w, https:\/\/www.donbosco.cz\/wp-content\/uploads\/2023\/06\/IMG_20230622_090702-1152x1536.jpg 1152w, https:\/\/www.donbosco.cz\/wp-content\/uploads\/2023\/06\/IMG_20230622_090702-1536x2048.jpg 1536w, https:\/\/www.donbosco.cz\/wp-content\/uploads\/2023\/06\/IMG_20230622_090702-scaled.jpg 1920w\" sizes=\"(max-width: 767px) 89vw, (max-width: 1000px) 54vw, (max-width: 1071px) 543px, 580px\" \/><figcaption class=\"blocks-gallery-item__caption\">rbt<\/figcaption><\/figure><\/li><li class=\"blocks-gallery-item\"><figure><img loading=\"lazy\" width=\"768\" height=\"1024\" src=\"http:\/\/www.donbosco.cz\/wp-content\/uploads\/2023\/06\/IMG_20230622_092259-768x1024.jpg\" alt=\"\" data-id=\"3461\" data-full-url=\"http:\/\/www.donbosco.cz\/wp-content\/uploads\/2023\/06\/IMG_20230622_092259-scaled.jpg\" data-link=\"https:\/\/www.donbosco.cz\/img_20230622_092259\/\" class=\"wp-image-3461\" srcset=\"https:\/\/www.donbosco.cz\/wp-content\/uploads\/2023\/06\/IMG_20230622_092259-768x1024.jpg 768w, https:\/\/www.donbosco.cz\/wp-content\/uploads\/2023\/06\/IMG_20230622_092259-225x300.jpg 225w, https:\/\/www.donbosco.cz\/wp-content\/uploads\/2023\/06\/IMG_20230622_092259-1152x1536.jpg 1152w, https:\/\/www.donbosco.cz\/wp-content\/uploads\/2023\/06\/IMG_20230622_092259-1536x2048.jpg 1536w, https:\/\/www.donbosco.cz\/wp-content\/uploads\/2023\/06\/IMG_20230622_092259-scaled.jpg 1920w\" sizes=\"(max-width: 767px) 89vw, (max-width: 1000px) 54vw, (max-width: 1071px) 543px, 580px\" \/><\/figure><\/li><li class=\"blocks-gallery-item\"><figure><img loading=\"lazy\" width=\"768\" height=\"1024\" src=\"http:\/\/www.donbosco.cz\/wp-content\/uploads\/2023\/06\/IMG_20230622_092308-768x1024.jpg\" alt=\"\" data-id=\"3462\" data-full-url=\"http:\/\/www.donbosco.cz\/wp-content\/uploads\/2023\/06\/IMG_20230622_092308-scaled.jpg\" data-link=\"https:\/\/www.donbosco.cz\/rbt-13\/\" class=\"wp-image-3462\" srcset=\"https:\/\/www.donbosco.cz\/wp-content\/uploads\/2023\/06\/IMG_20230622_092308-768x1024.jpg 768w, https:\/\/www.donbosco.cz\/wp-content\/uploads\/2023\/06\/IMG_20230622_092308-225x300.jpg 225w, https:\/\/www.donbosco.cz\/wp-content\/uploads\/2023\/06\/IMG_20230622_092308-1152x1536.jpg 1152w, https:\/\/www.donbosco.cz\/wp-content\/uploads\/2023\/06\/IMG_20230622_092308-1536x2048.jpg 1536w, https:\/\/www.donbosco.cz\/wp-content\/uploads\/2023\/06\/IMG_20230622_092308-scaled.jpg 1920w\" sizes=\"(max-width: 767px) 89vw, (max-width: 1000px) 54vw, (max-width: 1071px) 543px, 580px\" \/><figcaption class=\"blocks-gallery-item__caption\">rbt<\/figcaption><\/figure><\/li><li class=\"blocks-gallery-item\"><figure><img loading=\"lazy\" width=\"768\" height=\"1024\" src=\"http:\/\/www.donbosco.cz\/wp-content\/uploads\/2023\/06\/IMG_20230622_100218-768x1024.jpg\" alt=\"\" data-id=\"3463\" data-full-url=\"http:\/\/www.donbosco.cz\/wp-content\/uploads\/2023\/06\/IMG_20230622_100218-scaled.jpg\" data-link=\"https:\/\/www.donbosco.cz\/img_20230622_100218\/\" class=\"wp-image-3463\" srcset=\"https:\/\/www.donbosco.cz\/wp-content\/uploads\/2023\/06\/IMG_20230622_100218-768x1024.jpg 768w, https:\/\/www.donbosco.cz\/wp-content\/uploads\/2023\/06\/IMG_20230622_100218-225x300.jpg 225w, https:\/\/www.donbosco.cz\/wp-content\/uploads\/2023\/06\/IMG_20230622_100218-1152x1536.jpg 1152w, https:\/\/www.donbosco.cz\/wp-content\/uploads\/2023\/06\/IMG_20230622_100218-1536x2048.jpg 1536w, https:\/\/www.donbosco.cz\/wp-content\/uploads\/2023\/06\/IMG_20230622_100218-scaled.jpg 1920w\" sizes=\"(max-width: 767px) 89vw, (max-width: 1000px) 54vw, (max-width: 1071px) 543px, 580px\" \/><\/figure><\/li><li class=\"blocks-gallery-item\"><figure><img loading=\"lazy\" width=\"1024\" height=\"768\" src=\"http:\/\/www.donbosco.cz\/wp-content\/uploads\/2023\/06\/IMG_20230622_100524-1024x768.jpg\" alt=\"\" data-id=\"3464\" data-full-url=\"http:\/\/www.donbosco.cz\/wp-content\/uploads\/2023\/06\/IMG_20230622_100524-scaled.jpg\" data-link=\"https:\/\/www.donbosco.cz\/rbt-14\/\" class=\"wp-image-3464\" srcset=\"https:\/\/www.donbosco.cz\/wp-content\/uploads\/2023\/06\/IMG_20230622_100524-1024x768.jpg 1024w, https:\/\/www.donbosco.cz\/wp-content\/uploads\/2023\/06\/IMG_20230622_100524-300x225.jpg 300w, https:\/\/www.donbosco.cz\/wp-content\/uploads\/2023\/06\/IMG_20230622_100524-768x576.jpg 768w, https:\/\/www.donbosco.cz\/wp-content\/uploads\/2023\/06\/IMG_20230622_100524-1536x1152.jpg 1536w, https:\/\/www.donbosco.cz\/wp-content\/uploads\/2023\/06\/IMG_20230622_100524-2048x1536.jpg 2048w\" sizes=\"(max-width: 767px) 89vw, (max-width: 1000px) 54vw, (max-width: 1071px) 543px, 580px\" \/><figcaption class=\"blocks-gallery-item__caption\">rbt<\/figcaption><\/figure><\/li><li class=\"blocks-gallery-item\"><figure><img loading=\"lazy\" width=\"1024\" height=\"768\" src=\"http:\/\/www.donbosco.cz\/wp-content\/uploads\/2023\/06\/IMG_20230622_100818-1024x768.jpg\" alt=\"\" data-id=\"3465\" data-full-url=\"http:\/\/www.donbosco.cz\/wp-content\/uploads\/2023\/06\/IMG_20230622_100818-scaled.jpg\" data-link=\"https:\/\/www.donbosco.cz\/img_20230622_100818\/\" class=\"wp-image-3465\" srcset=\"https:\/\/www.donbosco.cz\/wp-content\/uploads\/2023\/06\/IMG_20230622_100818-1024x768.jpg 1024w, https:\/\/www.donbosco.cz\/wp-content\/uploads\/2023\/06\/IMG_20230622_100818-300x225.jpg 300w, https:\/\/www.donbosco.cz\/wp-content\/uploads\/2023\/06\/IMG_20230622_100818-768x576.jpg 768w, https:\/\/www.donbosco.cz\/wp-content\/uploads\/2023\/06\/IMG_20230622_100818-1536x1152.jpg 1536w, https:\/\/www.donbosco.cz\/wp-content\/uploads\/2023\/06\/IMG_20230622_100818-2048x1536.jpg 2048w\" sizes=\"(max-width: 767px) 89vw, (max-width: 1000px) 54vw, (max-width: 1071px) 543px, 580px\" \/><\/figure><\/li><li class=\"blocks-gallery-item\"><figure><img loading=\"lazy\" width=\"1024\" height=\"768\" src=\"http:\/\/www.donbosco.cz\/wp-content\/uploads\/2023\/06\/IMG_20230622_100822-1024x768.jpg\" alt=\"\" data-id=\"3466\" data-full-url=\"http:\/\/www.donbosco.cz\/wp-content\/uploads\/2023\/06\/IMG_20230622_100822-scaled.jpg\" data-link=\"https:\/\/www.donbosco.cz\/img_20230622_100822\/\" class=\"wp-image-3466\" srcset=\"https:\/\/www.donbosco.cz\/wp-content\/uploads\/2023\/06\/IMG_20230622_100822-1024x768.jpg 1024w, https:\/\/www.donbosco.cz\/wp-content\/uploads\/2023\/06\/IMG_20230622_100822-300x225.jpg 300w, https:\/\/www.donbosco.cz\/wp-content\/uploads\/2023\/06\/IMG_20230622_100822-768x576.jpg 768w, https:\/\/www.donbosco.cz\/wp-content\/uploads\/2023\/06\/IMG_20230622_100822-1536x1152.jpg 1536w, https:\/\/www.donbosco.cz\/wp-content\/uploads\/2023\/06\/IMG_20230622_100822-2048x1536.jpg 2048w\" sizes=\"(max-width: 767px) 89vw, (max-width: 1000px) 54vw, (max-width: 1071px) 543px, 580px\" \/><\/figure><\/li><li class=\"blocks-gallery-item\"><figure><img loading=\"lazy\" width=\"1024\" height=\"768\" src=\"http:\/\/www.donbosco.cz\/wp-content\/uploads\/2023\/06\/IMG_20230622_102332-1024x768.jpg\" alt=\"\" data-id=\"3467\" data-full-url=\"http:\/\/www.donbosco.cz\/wp-content\/uploads\/2023\/06\/IMG_20230622_102332-scaled.jpg\" data-link=\"https:\/\/www.donbosco.cz\/img_20230622_102332\/\" class=\"wp-image-3467\" srcset=\"https:\/\/www.donbosco.cz\/wp-content\/uploads\/2023\/06\/IMG_20230622_102332-1024x768.jpg 1024w, https:\/\/www.donbosco.cz\/wp-content\/uploads\/2023\/06\/IMG_20230622_102332-300x225.jpg 300w, https:\/\/www.donbosco.cz\/wp-content\/uploads\/2023\/06\/IMG_20230622_102332-768x576.jpg 768w, https:\/\/www.donbosco.cz\/wp-content\/uploads\/2023\/06\/IMG_20230622_102332-1536x1152.jpg 1536w, https:\/\/www.donbosco.cz\/wp-content\/uploads\/2023\/06\/IMG_20230622_102332-2048x1536.jpg 2048w\" sizes=\"(max-width: 767px) 89vw, (max-width: 1000px) 54vw, (max-width: 1071px) 543px, 580px\" \/><\/figure><\/li><li class=\"blocks-gallery-item\"><figure><img loading=\"lazy\" width=\"768\" height=\"1024\" src=\"http:\/\/www.donbosco.cz\/wp-content\/uploads\/2023\/06\/IMG_20230622_110650-768x1024.jpg\" alt=\"\" data-id=\"3468\" data-full-url=\"http:\/\/www.donbosco.cz\/wp-content\/uploads\/2023\/06\/IMG_20230622_110650-scaled.jpg\" data-link=\"https:\/\/www.donbosco.cz\/img_20230622_110650\/\" class=\"wp-image-3468\" srcset=\"https:\/\/www.donbosco.cz\/wp-content\/uploads\/2023\/06\/IMG_20230622_110650-768x1024.jpg 768w, https:\/\/www.donbosco.cz\/wp-content\/uploads\/2023\/06\/IMG_20230622_110650-225x300.jpg 225w, https:\/\/www.donbosco.cz\/wp-content\/uploads\/2023\/06\/IMG_20230622_110650-1152x1536.jpg 1152w, https:\/\/www.donbosco.cz\/wp-content\/uploads\/2023\/06\/IMG_20230622_110650-1536x2048.jpg 1536w, https:\/\/www.donbosco.cz\/wp-content\/uploads\/2023\/06\/IMG_20230622_110650-scaled.jpg 1920w\" sizes=\"(max-width: 767px) 89vw, (max-width: 1000px) 54vw, (max-width: 1071px) 543px, 580px\" \/><\/figure><\/li><li class=\"blocks-gallery-item\"><figure><img loading=\"lazy\" width=\"768\" height=\"1024\" src=\"http:\/\/www.donbosco.cz\/wp-content\/uploads\/2023\/06\/IMG_20230622_110700-768x1024.jpg\" alt=\"\" data-id=\"3469\" data-full-url=\"http:\/\/www.donbosco.cz\/wp-content\/uploads\/2023\/06\/IMG_20230622_110700-scaled.jpg\" data-link=\"https:\/\/www.donbosco.cz\/img_20230622_110700\/\" class=\"wp-image-3469\" srcset=\"https:\/\/www.donbosco.cz\/wp-content\/uploads\/2023\/06\/IMG_20230622_110700-768x1024.jpg 768w, https:\/\/www.donbosco.cz\/wp-content\/uploads\/2023\/06\/IMG_20230622_110700-225x300.jpg 225w, https:\/\/www.donbosco.cz\/wp-content\/uploads\/2023\/06\/IMG_20230622_110700-1152x1536.jpg 1152w, https:\/\/www.donbosco.cz\/wp-content\/uploads\/2023\/06\/IMG_20230622_110700-1536x2048.jpg 1536w, https:\/\/www.donbosco.cz\/wp-content\/uploads\/2023\/06\/IMG_20230622_110700-scaled.jpg 1920w\" sizes=\"(max-width: 767px) 89vw, (max-width: 1000px) 54vw, (max-width: 1071px) 543px, 580px\" \/><\/figure><\/li><li class=\"blocks-gallery-item\"><figure><img loading=\"lazy\" width=\"768\" height=\"1024\" src=\"http:\/\/www.donbosco.cz\/wp-content\/uploads\/2023\/06\/IMG_20230622_110714-768x1024.jpg\" alt=\"\" data-id=\"3470\" data-full-url=\"http:\/\/www.donbosco.cz\/wp-content\/uploads\/2023\/06\/IMG_20230622_110714-scaled.jpg\" data-link=\"https:\/\/www.donbosco.cz\/img_20230622_110714\/\" class=\"wp-image-3470\" srcset=\"https:\/\/www.donbosco.cz\/wp-content\/uploads\/2023\/06\/IMG_20230622_110714-768x1024.jpg 768w, https:\/\/www.donbosco.cz\/wp-content\/uploads\/2023\/06\/IMG_20230622_110714-225x300.jpg 225w, https:\/\/www.donbosco.cz\/wp-content\/uploads\/2023\/06\/IMG_20230622_110714-1152x1536.jpg 1152w, https:\/\/www.donbosco.cz\/wp-content\/uploads\/2023\/06\/IMG_20230622_110714-1536x2048.jpg 1536w, https:\/\/www.donbosco.cz\/wp-content\/uploads\/2023\/06\/IMG_20230622_110714-scaled.jpg 1920w\" sizes=\"(max-width: 767px) 89vw, (max-width: 1000px) 54vw, (max-width: 1071px) 543px, 580px\" \/><\/figure><\/li><li class=\"blocks-gallery-item\"><figure><img loading=\"lazy\" width=\"768\" height=\"1024\" src=\"http:\/\/www.donbosco.cz\/wp-content\/uploads\/2023\/06\/IMG_20230622_110744-768x1024.jpg\" alt=\"\" data-id=\"3471\" data-full-url=\"http:\/\/www.donbosco.cz\/wp-content\/uploads\/2023\/06\/IMG_20230622_110744-scaled.jpg\" data-link=\"https:\/\/www.donbosco.cz\/img_20230622_110744\/\" class=\"wp-image-3471\" srcset=\"https:\/\/www.donbosco.cz\/wp-content\/uploads\/2023\/06\/IMG_20230622_110744-768x1024.jpg 768w, https:\/\/www.donbosco.cz\/wp-content\/uploads\/2023\/06\/IMG_20230622_110744-225x300.jpg 225w, https:\/\/www.donbosco.cz\/wp-content\/uploads\/2023\/06\/IMG_20230622_110744-1152x1536.jpg 1152w, https:\/\/www.donbosco.cz\/wp-content\/uploads\/2023\/06\/IMG_20230622_110744-1536x2048.jpg 1536w, https:\/\/www.donbosco.cz\/wp-content\/uploads\/2023\/06\/IMG_20230622_110744-scaled.jpg 1920w\" sizes=\"(max-width: 767px) 89vw, (max-width: 1000px) 54vw, (max-width: 1071px) 543px, 580px\" \/><\/figure><\/li><li class=\"blocks-gallery-item\"><figure><img loading=\"lazy\" width=\"768\" height=\"1024\" src=\"http:\/\/www.donbosco.cz\/wp-content\/uploads\/2023\/06\/IMG_20230622_110814-768x1024.jpg\" alt=\"\" data-id=\"3472\" data-full-url=\"http:\/\/www.donbosco.cz\/wp-content\/uploads\/2023\/06\/IMG_20230622_110814-scaled.jpg\" data-link=\"https:\/\/www.donbosco.cz\/img_20230622_110814\/\" class=\"wp-image-3472\" srcset=\"https:\/\/www.donbosco.cz\/wp-content\/uploads\/2023\/06\/IMG_20230622_110814-768x1024.jpg 768w, https:\/\/www.donbosco.cz\/wp-content\/uploads\/2023\/06\/IMG_20230622_110814-225x300.jpg 225w, https:\/\/www.donbosco.cz\/wp-content\/uploads\/2023\/06\/IMG_20230622_110814-1152x1536.jpg 1152w, https:\/\/www.donbosco.cz\/wp-content\/uploads\/2023\/06\/IMG_20230622_110814-1536x2048.jpg 1536w, https:\/\/www.donbosco.cz\/wp-content\/uploads\/2023\/06\/IMG_20230622_110814-scaled.jpg 1920w\" sizes=\"(max-width: 767px) 89vw, (max-width: 1000px) 54vw, (max-width: 1071px) 543px, 580px\" \/><\/figure><\/li><li class=\"blocks-gallery-item\"><figure><img loading=\"lazy\" width=\"768\" height=\"1024\" src=\"http:\/\/www.donbosco.cz\/wp-content\/uploads\/2023\/06\/IMG_20230622_110827-768x1024.jpg\" alt=\"\" data-id=\"3473\" data-full-url=\"http:\/\/www.donbosco.cz\/wp-content\/uploads\/2023\/06\/IMG_20230622_110827-scaled.jpg\" data-link=\"https:\/\/www.donbosco.cz\/img_20230622_110827\/\" class=\"wp-image-3473\" srcset=\"https:\/\/www.donbosco.cz\/wp-content\/uploads\/2023\/06\/IMG_20230622_110827-768x1024.jpg 768w, https:\/\/www.donbosco.cz\/wp-content\/uploads\/2023\/06\/IMG_20230622_110827-225x300.jpg 225w, https:\/\/www.donbosco.cz\/wp-content\/uploads\/2023\/06\/IMG_20230622_110827-1152x1536.jpg 1152w, https:\/\/www.donbosco.cz\/wp-content\/uploads\/2023\/06\/IMG_20230622_110827-1536x2048.jpg 1536w, https:\/\/www.donbosco.cz\/wp-content\/uploads\/2023\/06\/IMG_20230622_110827-scaled.jpg 1920w\" sizes=\"(max-width: 767px) 89vw, (max-width: 1000px) 54vw, (max-width: 1071px) 543px, 580px\" \/><\/figure><\/li><li class=\"blocks-gallery-item\"><figure><img loading=\"lazy\" width=\"768\" height=\"1024\" src=\"http:\/\/www.donbosco.cz\/wp-content\/uploads\/2023\/06\/IMG_20230622_111537-768x1024.jpg\" alt=\"\" data-id=\"3474\" data-full-url=\"http:\/\/www.donbosco.cz\/wp-content\/uploads\/2023\/06\/IMG_20230622_111537-scaled.jpg\" data-link=\"https:\/\/www.donbosco.cz\/rbt-15\/\" class=\"wp-image-3474\" srcset=\"https:\/\/www.donbosco.cz\/wp-content\/uploads\/2023\/06\/IMG_20230622_111537-768x1024.jpg 768w, https:\/\/www.donbosco.cz\/wp-content\/uploads\/2023\/06\/IMG_20230622_111537-225x300.jpg 225w, https:\/\/www.donbosco.cz\/wp-content\/uploads\/2023\/06\/IMG_20230622_111537-1152x1536.jpg 1152w, https:\/\/www.donbosco.cz\/wp-content\/uploads\/2023\/06\/IMG_20230622_111537-1536x2048.jpg 1536w, https:\/\/www.donbosco.cz\/wp-content\/uploads\/2023\/06\/IMG_20230622_111537-scaled.jpg 1920w\" sizes=\"(max-width: 767px) 89vw, (max-width: 1000px) 54vw, (max-width: 1071px) 543px, 580px\" \/><figcaption class=\"blocks-gallery-item__caption\">rbt<\/figcaption><\/figure><\/li><\/ul><\/figure>\n","protected":false},"excerpt":{"rendered":"","protected":false},"author":5,"featured_media":0,"parent":0,"menu_order":0,"comment_status":"closed","ping_status":"closed","template":"","meta":[],"_links":{"self":[{"href":"https:\/\/www.donbosco.cz\/index.php\/wp-json\/wp\/v2\/pages\/3480"}],"collection":[{"href":"https:\/\/www.donbosco.cz\/index.php\/wp-json\/wp\/v2\/pages"}],"about":[{"href":"https:\/\/www.donbosco.cz\/index.php\/wp-json\/wp\/v2\/types\/page"}],"author":[{"embeddable":true,"href":"https:\/\/www.donbosco.cz\/index.php\/wp-json\/wp\/v2\/users\/5"}],"replies":[{"embeddable":true,"href":"https:\/\/www.donbosco.cz\/index.php\/wp-json\/wp\/v2\/comments?post=3480"}],"version-history":[{"count":1,"href":"https:\/\/www.donbosco.cz\/index.php\/wp-json\/wp\/v2\/pages\/3480\/revisions"}],"predecessor-version":[{"id":3481,"href":"https:\/\/www.donbosco.cz\/index.php\/wp-json\/wp\/v2\/pages\/3480\/revisions\/3481"}],"wp:attachment":[{"href":"https:\/\/www.donbosco.cz\/index.php\/wp-json\/wp\/v2\/media?parent=3480"}],"curies":[{"name":"wp","href":"https:\/\/api.w.org\/{rel}","templated":true}]}}