{"id":3433,"date":"2023-06-09T13:13:45","date_gmt":"2023-06-09T13:13:45","guid":{"rendered":"https:\/\/www.donbosco.cz\/?page_id=3433"},"modified":"2023-06-09T13:13:45","modified_gmt":"2023-06-09T13:13:45","slug":"skola-v-prirode-belec-nad-orlici-1-stupen-9-6-2023","status":"publish","type":"page","link":"https:\/\/www.donbosco.cz\/index.php\/skola-v-prirode-belec-nad-orlici-1-stupen-9-6-2023\/","title":{"rendered":"\u0160kola v p\u0159\u00edrod\u011b &#8211; B\u011ble\u010d nad Orlic\u00ed &#8211; 1. stupe\u0148 &#8211; 9. 6. 2023"},"content":{"rendered":"\n<figure class=\"wp-block-gallery columns-2 is-cropped\"><ul class=\"blocks-gallery-grid\"><li class=\"blocks-gallery-item\"><figure><img loading=\"lazy\" width=\"1024\" height=\"768\" src=\"http:\/\/www.donbosco.cz\/wp-content\/uploads\/2023\/06\/001-4-1024x768.jpeg\" alt=\"\" data-id=\"3426\" data-full-url=\"http:\/\/www.donbosco.cz\/wp-content\/uploads\/2023\/06\/001-4.jpeg\" data-link=\"https:\/\/www.donbosco.cz\/001-10\/\" class=\"wp-image-3426\" srcset=\"https:\/\/www.donbosco.cz\/wp-content\/uploads\/2023\/06\/001-4-1024x768.jpeg 1024w, https:\/\/www.donbosco.cz\/wp-content\/uploads\/2023\/06\/001-4-300x225.jpeg 300w, https:\/\/www.donbosco.cz\/wp-content\/uploads\/2023\/06\/001-4-768x576.jpeg 768w, https:\/\/www.donbosco.cz\/wp-content\/uploads\/2023\/06\/001-4-1536x1152.jpeg 1536w, https:\/\/www.donbosco.cz\/wp-content\/uploads\/2023\/06\/001-4.jpeg 2048w\" sizes=\"(max-width: 767px) 89vw, (max-width: 1000px) 54vw, (max-width: 1071px) 543px, 580px\" \/><\/figure><\/li><li class=\"blocks-gallery-item\"><figure><img loading=\"lazy\" width=\"1024\" height=\"768\" src=\"http:\/\/www.donbosco.cz\/wp-content\/uploads\/2023\/06\/004-4-1024x768.jpeg\" alt=\"\" data-id=\"3427\" data-full-url=\"http:\/\/www.donbosco.cz\/wp-content\/uploads\/2023\/06\/004-4.jpeg\" data-link=\"https:\/\/www.donbosco.cz\/004-10\/\" class=\"wp-image-3427\" srcset=\"https:\/\/www.donbosco.cz\/wp-content\/uploads\/2023\/06\/004-4-1024x768.jpeg 1024w, https:\/\/www.donbosco.cz\/wp-content\/uploads\/2023\/06\/004-4-300x225.jpeg 300w, https:\/\/www.donbosco.cz\/wp-content\/uploads\/2023\/06\/004-4-768x576.jpeg 768w, https:\/\/www.donbosco.cz\/wp-content\/uploads\/2023\/06\/004-4-1536x1152.jpeg 1536w, https:\/\/www.donbosco.cz\/wp-content\/uploads\/2023\/06\/004-4.jpeg 2048w\" sizes=\"(max-width: 767px) 89vw, (max-width: 1000px) 54vw, (max-width: 1071px) 543px, 580px\" \/><\/figure><\/li><li class=\"blocks-gallery-item\"><figure><img loading=\"lazy\" width=\"1024\" height=\"768\" src=\"http:\/\/www.donbosco.cz\/wp-content\/uploads\/2023\/06\/005-4-1024x768.jpeg\" alt=\"\" data-id=\"3428\" data-full-url=\"http:\/\/www.donbosco.cz\/wp-content\/uploads\/2023\/06\/005-4.jpeg\" data-link=\"https:\/\/www.donbosco.cz\/005-9\/\" class=\"wp-image-3428\" srcset=\"https:\/\/www.donbosco.cz\/wp-content\/uploads\/2023\/06\/005-4-1024x768.jpeg 1024w, https:\/\/www.donbosco.cz\/wp-content\/uploads\/2023\/06\/005-4-300x225.jpeg 300w, https:\/\/www.donbosco.cz\/wp-content\/uploads\/2023\/06\/005-4-768x576.jpeg 768w, https:\/\/www.donbosco.cz\/wp-content\/uploads\/2023\/06\/005-4-1536x1152.jpeg 1536w, https:\/\/www.donbosco.cz\/wp-content\/uploads\/2023\/06\/005-4.jpeg 2048w\" sizes=\"(max-width: 767px) 89vw, (max-width: 1000px) 54vw, (max-width: 1071px) 543px, 580px\" \/><\/figure><\/li><li class=\"blocks-gallery-item\"><figure><img loading=\"lazy\" width=\"1024\" height=\"768\" src=\"http:\/\/www.donbosco.cz\/wp-content\/uploads\/2023\/06\/009-4-1024x768.jpeg\" alt=\"\" data-id=\"3429\" data-full-url=\"http:\/\/www.donbosco.cz\/wp-content\/uploads\/2023\/06\/009-4.jpeg\" data-link=\"https:\/\/www.donbosco.cz\/009-9\/\" class=\"wp-image-3429\" srcset=\"https:\/\/www.donbosco.cz\/wp-content\/uploads\/2023\/06\/009-4-1024x768.jpeg 1024w, https:\/\/www.donbosco.cz\/wp-content\/uploads\/2023\/06\/009-4-300x225.jpeg 300w, https:\/\/www.donbosco.cz\/wp-content\/uploads\/2023\/06\/009-4-768x576.jpeg 768w, https:\/\/www.donbosco.cz\/wp-content\/uploads\/2023\/06\/009-4-1536x1152.jpeg 1536w, https:\/\/www.donbosco.cz\/wp-content\/uploads\/2023\/06\/009-4.jpeg 2048w\" sizes=\"(max-width: 767px) 89vw, (max-width: 1000px) 54vw, (max-width: 1071px) 543px, 580px\" \/><\/figure><\/li><li class=\"blocks-gallery-item\"><figure><img loading=\"lazy\" width=\"1024\" height=\"768\" src=\"http:\/\/www.donbosco.cz\/wp-content\/uploads\/2023\/06\/011-4-1024x768.jpeg\" alt=\"\" data-id=\"3430\" data-full-url=\"http:\/\/www.donbosco.cz\/wp-content\/uploads\/2023\/06\/011-4.jpeg\" data-link=\"https:\/\/www.donbosco.cz\/011-9\/\" class=\"wp-image-3430\" srcset=\"https:\/\/www.donbosco.cz\/wp-content\/uploads\/2023\/06\/011-4-1024x768.jpeg 1024w, https:\/\/www.donbosco.cz\/wp-content\/uploads\/2023\/06\/011-4-300x225.jpeg 300w, https:\/\/www.donbosco.cz\/wp-content\/uploads\/2023\/06\/011-4-768x576.jpeg 768w, https:\/\/www.donbosco.cz\/wp-content\/uploads\/2023\/06\/011-4-1536x1152.jpeg 1536w, https:\/\/www.donbosco.cz\/wp-content\/uploads\/2023\/06\/011-4.jpeg 2048w\" sizes=\"(max-width: 767px) 89vw, (max-width: 1000px) 54vw, (max-width: 1071px) 543px, 580px\" \/><\/figure><\/li><li class=\"blocks-gallery-item\"><figure><img loading=\"lazy\" width=\"473\" height=\"1024\" src=\"http:\/\/www.donbosco.cz\/wp-content\/uploads\/2023\/06\/013-4-473x1024.jpeg\" alt=\"\" data-id=\"3432\" data-full-url=\"http:\/\/www.donbosco.cz\/wp-content\/uploads\/2023\/06\/013-4.jpeg\" data-link=\"https:\/\/www.donbosco.cz\/013-9\/\" class=\"wp-image-3432\" srcset=\"https:\/\/www.donbosco.cz\/wp-content\/uploads\/2023\/06\/013-4-473x1024.jpeg 473w, https:\/\/www.donbosco.cz\/wp-content\/uploads\/2023\/06\/013-4-139x300.jpeg 139w, https:\/\/www.donbosco.cz\/wp-content\/uploads\/2023\/06\/013-4-768x1662.jpeg 768w, https:\/\/www.donbosco.cz\/wp-content\/uploads\/2023\/06\/013-4-710x1536.jpeg 710w, https:\/\/www.donbosco.cz\/wp-content\/uploads\/2023\/06\/013-4.jpeg 924w\" sizes=\"(max-width: 473px) 100vw, 473px\" \/><\/figure><\/li><li class=\"blocks-gallery-item\"><figure><img loading=\"lazy\" width=\"1024\" height=\"768\" src=\"http:\/\/www.donbosco.cz\/wp-content\/uploads\/2023\/06\/012-4-1024x768.jpeg\" alt=\"\" data-id=\"3431\" data-full-url=\"http:\/\/www.donbosco.cz\/wp-content\/uploads\/2023\/06\/012-4.jpeg\" data-link=\"https:\/\/www.donbosco.cz\/012-9\/\" class=\"wp-image-3431\" srcset=\"https:\/\/www.donbosco.cz\/wp-content\/uploads\/2023\/06\/012-4-1024x768.jpeg 1024w, https:\/\/www.donbosco.cz\/wp-content\/uploads\/2023\/06\/012-4-300x225.jpeg 300w, https:\/\/www.donbosco.cz\/wp-content\/uploads\/2023\/06\/012-4-768x576.jpeg 768w, https:\/\/www.donbosco.cz\/wp-content\/uploads\/2023\/06\/012-4-1536x1152.jpeg 1536w, https:\/\/www.donbosco.cz\/wp-content\/uploads\/2023\/06\/012-4.jpeg 2048w\" sizes=\"(max-width: 767px) 89vw, (max-width: 1000px) 54vw, (max-width: 1071px) 543px, 580px\" \/><\/figure><\/li><\/ul><\/figure>\n","protected":false},"excerpt":{"rendered":"","protected":false},"author":5,"featured_media":0,"parent":0,"menu_order":0,"comment_status":"closed","ping_status":"closed","template":"","meta":[],"_links":{"self":[{"href":"https:\/\/www.donbosco.cz\/index.php\/wp-json\/wp\/v2\/pages\/3433"}],"collection":[{"href":"https:\/\/www.donbosco.cz\/index.php\/wp-json\/wp\/v2\/pages"}],"about":[{"href":"https:\/\/www.donbosco.cz\/index.php\/wp-json\/wp\/v2\/types\/page"}],"author":[{"embeddable":true,"href":"https:\/\/www.donbosco.cz\/index.php\/wp-json\/wp\/v2\/users\/5"}],"replies":[{"embeddable":true,"href":"https:\/\/www.donbosco.cz\/index.php\/wp-json\/wp\/v2\/comments?post=3433"}],"version-history":[{"count":2,"href":"https:\/\/www.donbosco.cz\/index.php\/wp-json\/wp\/v2\/pages\/3433\/revisions"}],"predecessor-version":[{"id":3435,"href":"https:\/\/www.donbosco.cz\/index.php\/wp-json\/wp\/v2\/pages\/3433\/revisions\/3435"}],"wp:attachment":[{"href":"https:\/\/www.donbosco.cz\/index.php\/wp-json\/wp\/v2\/media?parent=3433"}],"curies":[{"name":"wp","href":"https:\/\/api.w.org\/{rel}","templated":true}]}}