{"id":3385,"date":"2023-06-08T15:44:31","date_gmt":"2023-06-08T15:44:31","guid":{"rendered":"https:\/\/www.donbosco.cz\/?page_id=3385"},"modified":"2023-06-08T15:44:31","modified_gmt":"2023-06-08T15:44:31","slug":"skola-v-prirode-belec-nad-orlici-1-stupen-8-6-2023","status":"publish","type":"page","link":"https:\/\/www.donbosco.cz\/index.php\/skola-v-prirode-belec-nad-orlici-1-stupen-8-6-2023\/","title":{"rendered":"\u0160kola v p\u0159\u00edrod\u011b &#8211; B\u011ble\u010d nad Orlic\u00ed &#8211; 1. stupe\u0148 &#8211; 8. 6. 2023"},"content":{"rendered":"\n<figure class=\"wp-block-gallery columns-4 is-cropped\"><ul class=\"blocks-gallery-grid\"><li class=\"blocks-gallery-item\"><figure><img loading=\"lazy\" width=\"1024\" height=\"768\" src=\"http:\/\/www.donbosco.cz\/wp-content\/uploads\/2023\/06\/001-2-1024x768.jpeg\" alt=\"\" data-id=\"3367\" data-full-url=\"http:\/\/www.donbosco.cz\/wp-content\/uploads\/2023\/06\/001-2.jpeg\" data-link=\"https:\/\/www.donbosco.cz\/001-8\/\" class=\"wp-image-3367\" srcset=\"https:\/\/www.donbosco.cz\/wp-content\/uploads\/2023\/06\/001-2-1024x768.jpeg 1024w, https:\/\/www.donbosco.cz\/wp-content\/uploads\/2023\/06\/001-2-300x225.jpeg 300w, https:\/\/www.donbosco.cz\/wp-content\/uploads\/2023\/06\/001-2-768x576.jpeg 768w, https:\/\/www.donbosco.cz\/wp-content\/uploads\/2023\/06\/001-2-1536x1152.jpeg 1536w, https:\/\/www.donbosco.cz\/wp-content\/uploads\/2023\/06\/001-2.jpeg 2000w\" sizes=\"(max-width: 767px) 89vw, (max-width: 1000px) 54vw, (max-width: 1071px) 543px, 580px\" \/><\/figure><\/li><li class=\"blocks-gallery-item\"><figure><img loading=\"lazy\" width=\"1024\" height=\"768\" src=\"http:\/\/www.donbosco.cz\/wp-content\/uploads\/2023\/06\/002-2-1024x768.jpeg\" alt=\"\" data-id=\"3368\" data-full-url=\"http:\/\/www.donbosco.cz\/wp-content\/uploads\/2023\/06\/002-2.jpeg\" data-link=\"https:\/\/www.donbosco.cz\/002-8\/\" class=\"wp-image-3368\" srcset=\"https:\/\/www.donbosco.cz\/wp-content\/uploads\/2023\/06\/002-2-1024x768.jpeg 1024w, https:\/\/www.donbosco.cz\/wp-content\/uploads\/2023\/06\/002-2-300x225.jpeg 300w, https:\/\/www.donbosco.cz\/wp-content\/uploads\/2023\/06\/002-2-768x576.jpeg 768w, https:\/\/www.donbosco.cz\/wp-content\/uploads\/2023\/06\/002-2-1536x1152.jpeg 1536w, https:\/\/www.donbosco.cz\/wp-content\/uploads\/2023\/06\/002-2.jpeg 2000w\" sizes=\"(max-width: 767px) 89vw, (max-width: 1000px) 54vw, (max-width: 1071px) 543px, 580px\" \/><\/figure><\/li><li class=\"blocks-gallery-item\"><figure><img loading=\"lazy\" width=\"768\" height=\"1024\" src=\"http:\/\/www.donbosco.cz\/wp-content\/uploads\/2023\/06\/003-2-768x1024.jpeg\" alt=\"\" data-id=\"3369\" data-full-url=\"http:\/\/www.donbosco.cz\/wp-content\/uploads\/2023\/06\/003-2.jpeg\" data-link=\"https:\/\/www.donbosco.cz\/003-8\/\" class=\"wp-image-3369\" srcset=\"https:\/\/www.donbosco.cz\/wp-content\/uploads\/2023\/06\/003-2-768x1024.jpeg 768w, https:\/\/www.donbosco.cz\/wp-content\/uploads\/2023\/06\/003-2-225x300.jpeg 225w, https:\/\/www.donbosco.cz\/wp-content\/uploads\/2023\/06\/003-2-1152x1536.jpeg 1152w, https:\/\/www.donbosco.cz\/wp-content\/uploads\/2023\/06\/003-2.jpeg 1500w\" sizes=\"(max-width: 767px) 89vw, (max-width: 1000px) 54vw, (max-width: 1071px) 543px, 580px\" \/><\/figure><\/li><li class=\"blocks-gallery-item\"><figure><img loading=\"lazy\" width=\"1024\" height=\"768\" src=\"http:\/\/www.donbosco.cz\/wp-content\/uploads\/2023\/06\/004-2-1024x768.jpeg\" alt=\"\" data-id=\"3370\" data-full-url=\"http:\/\/www.donbosco.cz\/wp-content\/uploads\/2023\/06\/004-2.jpeg\" data-link=\"https:\/\/www.donbosco.cz\/004-8\/\" class=\"wp-image-3370\" srcset=\"https:\/\/www.donbosco.cz\/wp-content\/uploads\/2023\/06\/004-2-1024x768.jpeg 1024w, https:\/\/www.donbosco.cz\/wp-content\/uploads\/2023\/06\/004-2-300x225.jpeg 300w, https:\/\/www.donbosco.cz\/wp-content\/uploads\/2023\/06\/004-2-768x576.jpeg 768w, https:\/\/www.donbosco.cz\/wp-content\/uploads\/2023\/06\/004-2-1536x1152.jpeg 1536w, https:\/\/www.donbosco.cz\/wp-content\/uploads\/2023\/06\/004-2.jpeg 2000w\" sizes=\"(max-width: 767px) 89vw, (max-width: 1000px) 54vw, (max-width: 1071px) 543px, 580px\" \/><\/figure><\/li><li class=\"blocks-gallery-item\"><figure><img loading=\"lazy\" width=\"768\" height=\"1024\" src=\"http:\/\/www.donbosco.cz\/wp-content\/uploads\/2023\/06\/005-2-768x1024.jpeg\" alt=\"\" data-id=\"3371\" data-full-url=\"http:\/\/www.donbosco.cz\/wp-content\/uploads\/2023\/06\/005-2.jpeg\" data-link=\"https:\/\/www.donbosco.cz\/005-7\/\" class=\"wp-image-3371\" srcset=\"https:\/\/www.donbosco.cz\/wp-content\/uploads\/2023\/06\/005-2-768x1024.jpeg 768w, https:\/\/www.donbosco.cz\/wp-content\/uploads\/2023\/06\/005-2-225x300.jpeg 225w, https:\/\/www.donbosco.cz\/wp-content\/uploads\/2023\/06\/005-2-1152x1536.jpeg 1152w, https:\/\/www.donbosco.cz\/wp-content\/uploads\/2023\/06\/005-2.jpeg 1500w\" sizes=\"(max-width: 767px) 89vw, (max-width: 1000px) 54vw, (max-width: 1071px) 543px, 580px\" \/><\/figure><\/li><li class=\"blocks-gallery-item\"><figure><img loading=\"lazy\" width=\"1024\" height=\"768\" src=\"http:\/\/www.donbosco.cz\/wp-content\/uploads\/2023\/06\/006-2-1024x768.jpeg\" alt=\"\" data-id=\"3372\" data-full-url=\"http:\/\/www.donbosco.cz\/wp-content\/uploads\/2023\/06\/006-2.jpeg\" data-link=\"https:\/\/www.donbosco.cz\/006-7\/\" class=\"wp-image-3372\" srcset=\"https:\/\/www.donbosco.cz\/wp-content\/uploads\/2023\/06\/006-2-1024x768.jpeg 1024w, https:\/\/www.donbosco.cz\/wp-content\/uploads\/2023\/06\/006-2-300x225.jpeg 300w, https:\/\/www.donbosco.cz\/wp-content\/uploads\/2023\/06\/006-2-768x576.jpeg 768w, https:\/\/www.donbosco.cz\/wp-content\/uploads\/2023\/06\/006-2-1536x1152.jpeg 1536w, https:\/\/www.donbosco.cz\/wp-content\/uploads\/2023\/06\/006-2.jpeg 2000w\" sizes=\"(max-width: 767px) 89vw, (max-width: 1000px) 54vw, (max-width: 1071px) 543px, 580px\" \/><\/figure><\/li><li class=\"blocks-gallery-item\"><figure><img loading=\"lazy\" width=\"1024\" height=\"768\" src=\"http:\/\/www.donbosco.cz\/wp-content\/uploads\/2023\/06\/007-2-1024x768.jpeg\" alt=\"\" data-id=\"3373\" data-full-url=\"http:\/\/www.donbosco.cz\/wp-content\/uploads\/2023\/06\/007-2.jpeg\" data-link=\"https:\/\/www.donbosco.cz\/007-7\/\" class=\"wp-image-3373\" srcset=\"https:\/\/www.donbosco.cz\/wp-content\/uploads\/2023\/06\/007-2-1024x768.jpeg 1024w, https:\/\/www.donbosco.cz\/wp-content\/uploads\/2023\/06\/007-2-300x225.jpeg 300w, https:\/\/www.donbosco.cz\/wp-content\/uploads\/2023\/06\/007-2-768x576.jpeg 768w, https:\/\/www.donbosco.cz\/wp-content\/uploads\/2023\/06\/007-2-1536x1152.jpeg 1536w, https:\/\/www.donbosco.cz\/wp-content\/uploads\/2023\/06\/007-2.jpeg 2000w\" sizes=\"(max-width: 767px) 89vw, (max-width: 1000px) 54vw, (max-width: 1071px) 543px, 580px\" \/><\/figure><\/li><li class=\"blocks-gallery-item\"><figure><img loading=\"lazy\" width=\"1024\" height=\"768\" src=\"http:\/\/www.donbosco.cz\/wp-content\/uploads\/2023\/06\/008-2-1024x768.jpeg\" alt=\"\" data-id=\"3374\" data-full-url=\"http:\/\/www.donbosco.cz\/wp-content\/uploads\/2023\/06\/008-2.jpeg\" data-link=\"https:\/\/www.donbosco.cz\/008-7\/\" class=\"wp-image-3374\" srcset=\"https:\/\/www.donbosco.cz\/wp-content\/uploads\/2023\/06\/008-2-1024x768.jpeg 1024w, https:\/\/www.donbosco.cz\/wp-content\/uploads\/2023\/06\/008-2-300x225.jpeg 300w, https:\/\/www.donbosco.cz\/wp-content\/uploads\/2023\/06\/008-2-768x576.jpeg 768w, https:\/\/www.donbosco.cz\/wp-content\/uploads\/2023\/06\/008-2-1536x1152.jpeg 1536w, https:\/\/www.donbosco.cz\/wp-content\/uploads\/2023\/06\/008-2.jpeg 1600w\" sizes=\"(max-width: 767px) 89vw, (max-width: 1000px) 54vw, (max-width: 1071px) 543px, 580px\" \/><\/figure><\/li><li class=\"blocks-gallery-item\"><figure><img loading=\"lazy\" width=\"1024\" height=\"768\" src=\"http:\/\/www.donbosco.cz\/wp-content\/uploads\/2023\/06\/009-2-1024x768.jpeg\" alt=\"\" data-id=\"3375\" data-full-url=\"http:\/\/www.donbosco.cz\/wp-content\/uploads\/2023\/06\/009-2.jpeg\" data-link=\"https:\/\/www.donbosco.cz\/009-7\/\" class=\"wp-image-3375\" srcset=\"https:\/\/www.donbosco.cz\/wp-content\/uploads\/2023\/06\/009-2-1024x768.jpeg 1024w, https:\/\/www.donbosco.cz\/wp-content\/uploads\/2023\/06\/009-2-300x225.jpeg 300w, https:\/\/www.donbosco.cz\/wp-content\/uploads\/2023\/06\/009-2-768x576.jpeg 768w, https:\/\/www.donbosco.cz\/wp-content\/uploads\/2023\/06\/009-2-1536x1152.jpeg 1536w, https:\/\/www.donbosco.cz\/wp-content\/uploads\/2023\/06\/009-2.jpeg 2000w\" sizes=\"(max-width: 767px) 89vw, (max-width: 1000px) 54vw, (max-width: 1071px) 543px, 580px\" \/><\/figure><\/li><li class=\"blocks-gallery-item\"><figure><img loading=\"lazy\" width=\"768\" height=\"1024\" src=\"http:\/\/www.donbosco.cz\/wp-content\/uploads\/2023\/06\/010-2-768x1024.jpeg\" alt=\"\" data-id=\"3376\" data-full-url=\"http:\/\/www.donbosco.cz\/wp-content\/uploads\/2023\/06\/010-2.jpeg\" data-link=\"https:\/\/www.donbosco.cz\/010-7\/\" class=\"wp-image-3376\" srcset=\"https:\/\/www.donbosco.cz\/wp-content\/uploads\/2023\/06\/010-2-768x1024.jpeg 768w, https:\/\/www.donbosco.cz\/wp-content\/uploads\/2023\/06\/010-2-225x300.jpeg 225w, https:\/\/www.donbosco.cz\/wp-content\/uploads\/2023\/06\/010-2-1152x1536.jpeg 1152w, https:\/\/www.donbosco.cz\/wp-content\/uploads\/2023\/06\/010-2.jpeg 1200w\" sizes=\"(max-width: 767px) 89vw, (max-width: 1000px) 54vw, (max-width: 1071px) 543px, 580px\" \/><\/figure><\/li><li class=\"blocks-gallery-item\"><figure><img loading=\"lazy\" width=\"1024\" height=\"768\" src=\"http:\/\/www.donbosco.cz\/wp-content\/uploads\/2023\/06\/011-2-1024x768.jpeg\" alt=\"\" data-id=\"3377\" data-full-url=\"http:\/\/www.donbosco.cz\/wp-content\/uploads\/2023\/06\/011-2.jpeg\" data-link=\"https:\/\/www.donbosco.cz\/011-7\/\" class=\"wp-image-3377\" srcset=\"https:\/\/www.donbosco.cz\/wp-content\/uploads\/2023\/06\/011-2-1024x768.jpeg 1024w, https:\/\/www.donbosco.cz\/wp-content\/uploads\/2023\/06\/011-2-300x225.jpeg 300w, https:\/\/www.donbosco.cz\/wp-content\/uploads\/2023\/06\/011-2-768x576.jpeg 768w, https:\/\/www.donbosco.cz\/wp-content\/uploads\/2023\/06\/011-2-1536x1152.jpeg 1536w, https:\/\/www.donbosco.cz\/wp-content\/uploads\/2023\/06\/011-2.jpeg 1600w\" sizes=\"(max-width: 767px) 89vw, (max-width: 1000px) 54vw, (max-width: 1071px) 543px, 580px\" \/><\/figure><\/li><li class=\"blocks-gallery-item\"><figure><img loading=\"lazy\" width=\"768\" height=\"1024\" src=\"http:\/\/www.donbosco.cz\/wp-content\/uploads\/2023\/06\/012-2-768x1024.jpeg\" alt=\"\" data-id=\"3378\" data-full-url=\"http:\/\/www.donbosco.cz\/wp-content\/uploads\/2023\/06\/012-2.jpeg\" data-link=\"https:\/\/www.donbosco.cz\/012-7\/\" class=\"wp-image-3378\" srcset=\"https:\/\/www.donbosco.cz\/wp-content\/uploads\/2023\/06\/012-2-768x1024.jpeg 768w, https:\/\/www.donbosco.cz\/wp-content\/uploads\/2023\/06\/012-2-225x300.jpeg 225w, https:\/\/www.donbosco.cz\/wp-content\/uploads\/2023\/06\/012-2-1152x1536.jpeg 1152w, https:\/\/www.donbosco.cz\/wp-content\/uploads\/2023\/06\/012-2.jpeg 1500w\" sizes=\"(max-width: 767px) 89vw, (max-width: 1000px) 54vw, (max-width: 1071px) 543px, 580px\" \/><\/figure><\/li><li class=\"blocks-gallery-item\"><figure><img loading=\"lazy\" width=\"1024\" height=\"768\" src=\"http:\/\/www.donbosco.cz\/wp-content\/uploads\/2023\/06\/013-2-1024x768.jpeg\" alt=\"\" data-id=\"3379\" data-full-url=\"http:\/\/www.donbosco.cz\/wp-content\/uploads\/2023\/06\/013-2.jpeg\" data-link=\"https:\/\/www.donbosco.cz\/013-7\/\" class=\"wp-image-3379\" srcset=\"https:\/\/www.donbosco.cz\/wp-content\/uploads\/2023\/06\/013-2-1024x768.jpeg 1024w, https:\/\/www.donbosco.cz\/wp-content\/uploads\/2023\/06\/013-2-300x225.jpeg 300w, https:\/\/www.donbosco.cz\/wp-content\/uploads\/2023\/06\/013-2-768x576.jpeg 768w, https:\/\/www.donbosco.cz\/wp-content\/uploads\/2023\/06\/013-2-1536x1152.jpeg 1536w, https:\/\/www.donbosco.cz\/wp-content\/uploads\/2023\/06\/013-2.jpeg 2000w\" sizes=\"(max-width: 767px) 89vw, (max-width: 1000px) 54vw, (max-width: 1071px) 543px, 580px\" \/><\/figure><\/li><li class=\"blocks-gallery-item\"><figure><img loading=\"lazy\" width=\"1024\" height=\"768\" src=\"http:\/\/www.donbosco.cz\/wp-content\/uploads\/2023\/06\/014-2-1024x768.jpeg\" alt=\"\" data-id=\"3380\" data-full-url=\"http:\/\/www.donbosco.cz\/wp-content\/uploads\/2023\/06\/014-2.jpeg\" data-link=\"https:\/\/www.donbosco.cz\/014-7\/\" class=\"wp-image-3380\" srcset=\"https:\/\/www.donbosco.cz\/wp-content\/uploads\/2023\/06\/014-2-1024x768.jpeg 1024w, https:\/\/www.donbosco.cz\/wp-content\/uploads\/2023\/06\/014-2-300x225.jpeg 300w, https:\/\/www.donbosco.cz\/wp-content\/uploads\/2023\/06\/014-2-768x576.jpeg 768w, https:\/\/www.donbosco.cz\/wp-content\/uploads\/2023\/06\/014-2-1536x1152.jpeg 1536w, https:\/\/www.donbosco.cz\/wp-content\/uploads\/2023\/06\/014-2.jpeg 2000w\" sizes=\"(max-width: 767px) 89vw, (max-width: 1000px) 54vw, (max-width: 1071px) 543px, 580px\" \/><\/figure><\/li><li class=\"blocks-gallery-item\"><figure><img loading=\"lazy\" width=\"1024\" height=\"768\" src=\"http:\/\/www.donbosco.cz\/wp-content\/uploads\/2023\/06\/015-2-1024x768.jpeg\" alt=\"\" data-id=\"3381\" data-full-url=\"http:\/\/www.donbosco.cz\/wp-content\/uploads\/2023\/06\/015-2.jpeg\" data-link=\"https:\/\/www.donbosco.cz\/015-7\/\" class=\"wp-image-3381\" srcset=\"https:\/\/www.donbosco.cz\/wp-content\/uploads\/2023\/06\/015-2-1024x768.jpeg 1024w, https:\/\/www.donbosco.cz\/wp-content\/uploads\/2023\/06\/015-2-300x225.jpeg 300w, https:\/\/www.donbosco.cz\/wp-content\/uploads\/2023\/06\/015-2-768x576.jpeg 768w, https:\/\/www.donbosco.cz\/wp-content\/uploads\/2023\/06\/015-2-1536x1152.jpeg 1536w, https:\/\/www.donbosco.cz\/wp-content\/uploads\/2023\/06\/015-2.jpeg 2000w\" sizes=\"(max-width: 767px) 89vw, (max-width: 1000px) 54vw, (max-width: 1071px) 543px, 580px\" \/><\/figure><\/li><li class=\"blocks-gallery-item\"><figure><img loading=\"lazy\" width=\"1024\" height=\"768\" src=\"http:\/\/www.donbosco.cz\/wp-content\/uploads\/2023\/06\/016-2-1024x768.jpeg\" alt=\"\" data-id=\"3382\" data-full-url=\"http:\/\/www.donbosco.cz\/wp-content\/uploads\/2023\/06\/016-2.jpeg\" data-link=\"https:\/\/www.donbosco.cz\/016-7\/\" class=\"wp-image-3382\" srcset=\"https:\/\/www.donbosco.cz\/wp-content\/uploads\/2023\/06\/016-2-1024x768.jpeg 1024w, https:\/\/www.donbosco.cz\/wp-content\/uploads\/2023\/06\/016-2-300x225.jpeg 300w, https:\/\/www.donbosco.cz\/wp-content\/uploads\/2023\/06\/016-2-768x576.jpeg 768w, https:\/\/www.donbosco.cz\/wp-content\/uploads\/2023\/06\/016-2-1536x1152.jpeg 1536w, https:\/\/www.donbosco.cz\/wp-content\/uploads\/2023\/06\/016-2.jpeg 2000w\" sizes=\"(max-width: 767px) 89vw, (max-width: 1000px) 54vw, (max-width: 1071px) 543px, 580px\" \/><\/figure><\/li><li class=\"blocks-gallery-item\"><figure><img loading=\"lazy\" width=\"1024\" height=\"768\" src=\"http:\/\/www.donbosco.cz\/wp-content\/uploads\/2023\/06\/017-2-1024x768.jpeg\" alt=\"\" data-id=\"3383\" data-full-url=\"http:\/\/www.donbosco.cz\/wp-content\/uploads\/2023\/06\/017-2.jpeg\" data-link=\"https:\/\/www.donbosco.cz\/017-7\/\" class=\"wp-image-3383\" srcset=\"https:\/\/www.donbosco.cz\/wp-content\/uploads\/2023\/06\/017-2-1024x768.jpeg 1024w, https:\/\/www.donbosco.cz\/wp-content\/uploads\/2023\/06\/017-2-300x225.jpeg 300w, https:\/\/www.donbosco.cz\/wp-content\/uploads\/2023\/06\/017-2-768x576.jpeg 768w, https:\/\/www.donbosco.cz\/wp-content\/uploads\/2023\/06\/017-2-1536x1152.jpeg 1536w, https:\/\/www.donbosco.cz\/wp-content\/uploads\/2023\/06\/017-2.jpeg 2000w\" sizes=\"(max-width: 767px) 89vw, (max-width: 1000px) 54vw, (max-width: 1071px) 543px, 580px\" \/><\/figure><\/li><li class=\"blocks-gallery-item\"><figure><img loading=\"lazy\" width=\"1024\" height=\"768\" src=\"http:\/\/www.donbosco.cz\/wp-content\/uploads\/2023\/06\/018-1-1024x768.jpeg\" alt=\"\" data-id=\"3384\" data-full-url=\"http:\/\/www.donbosco.cz\/wp-content\/uploads\/2023\/06\/018-1.jpeg\" data-link=\"https:\/\/www.donbosco.cz\/018-6\/\" class=\"wp-image-3384\" srcset=\"https:\/\/www.donbosco.cz\/wp-content\/uploads\/2023\/06\/018-1-1024x768.jpeg 1024w, https:\/\/www.donbosco.cz\/wp-content\/uploads\/2023\/06\/018-1-300x225.jpeg 300w, https:\/\/www.donbosco.cz\/wp-content\/uploads\/2023\/06\/018-1-768x576.jpeg 768w, https:\/\/www.donbosco.cz\/wp-content\/uploads\/2023\/06\/018-1-1536x1152.jpeg 1536w, https:\/\/www.donbosco.cz\/wp-content\/uploads\/2023\/06\/018-1.jpeg 1600w\" sizes=\"(max-width: 767px) 89vw, (max-width: 1000px) 54vw, (max-width: 1071px) 543px, 580px\" \/><\/figure><\/li><\/ul><\/figure>\n","protected":false},"excerpt":{"rendered":"","protected":false},"author":5,"featured_media":0,"parent":0,"menu_order":0,"comment_status":"closed","ping_status":"closed","template":"","meta":[],"_links":{"self":[{"href":"https:\/\/www.donbosco.cz\/index.php\/wp-json\/wp\/v2\/pages\/3385"}],"collection":[{"href":"https:\/\/www.donbosco.cz\/index.php\/wp-json\/wp\/v2\/pages"}],"about":[{"href":"https:\/\/www.donbosco.cz\/index.php\/wp-json\/wp\/v2\/types\/page"}],"author":[{"embeddable":true,"href":"https:\/\/www.donbosco.cz\/index.php\/wp-json\/wp\/v2\/users\/5"}],"replies":[{"embeddable":true,"href":"https:\/\/www.donbosco.cz\/index.php\/wp-json\/wp\/v2\/comments?post=3385"}],"version-history":[{"count":1,"href":"https:\/\/www.donbosco.cz\/index.php\/wp-json\/wp\/v2\/pages\/3385\/revisions"}],"predecessor-version":[{"id":3386,"href":"https:\/\/www.donbosco.cz\/index.php\/wp-json\/wp\/v2\/pages\/3385\/revisions\/3386"}],"wp:attachment":[{"href":"https:\/\/www.donbosco.cz\/index.php\/wp-json\/wp\/v2\/media?parent=3385"}],"curies":[{"name":"wp","href":"https:\/\/api.w.org\/{rel}","templated":true}]}}