{"id":3363,"date":"2023-06-07T16:11:14","date_gmt":"2023-06-07T16:11:14","guid":{"rendered":"https:\/\/www.donbosco.cz\/?page_id=3363"},"modified":"2023-06-07T16:11:14","modified_gmt":"2023-06-07T16:11:14","slug":"skola-v-prirode-belec-nad-orlici-1-stupen-7-6-2023","status":"publish","type":"page","link":"https:\/\/www.donbosco.cz\/index.php\/skola-v-prirode-belec-nad-orlici-1-stupen-7-6-2023\/","title":{"rendered":"\u0160kola v p\u0159\u00edrod\u011b &#8211; B\u011ble\u010d nad Orlic\u00ed &#8211; 1. stupe\u0148 7. 6. 2023"},"content":{"rendered":"\n<figure class=\"wp-block-gallery columns-4 is-cropped\"><ul class=\"blocks-gallery-grid\"><li class=\"blocks-gallery-item\"><figure><img loading=\"lazy\" width=\"1024\" height=\"473\" src=\"http:\/\/www.donbosco.cz\/wp-content\/uploads\/2023\/06\/001-1-1024x473.jpeg\" alt=\"\" data-id=\"3346\" data-full-url=\"http:\/\/www.donbosco.cz\/wp-content\/uploads\/2023\/06\/001-1.jpeg\" data-link=\"https:\/\/www.donbosco.cz\/001-7\/\" class=\"wp-image-3346\" srcset=\"https:\/\/www.donbosco.cz\/wp-content\/uploads\/2023\/06\/001-1-1024x473.jpeg 1024w, https:\/\/www.donbosco.cz\/wp-content\/uploads\/2023\/06\/001-1-300x139.jpeg 300w, https:\/\/www.donbosco.cz\/wp-content\/uploads\/2023\/06\/001-1-768x355.jpeg 768w, https:\/\/www.donbosco.cz\/wp-content\/uploads\/2023\/06\/001-1-1536x710.jpeg 1536w, https:\/\/www.donbosco.cz\/wp-content\/uploads\/2023\/06\/001-1.jpeg 2000w\" sizes=\"(max-width: 767px) 89vw, (max-width: 1000px) 54vw, (max-width: 1071px) 543px, 580px\" \/><\/figure><\/li><li class=\"blocks-gallery-item\"><figure><img loading=\"lazy\" width=\"473\" height=\"1024\" src=\"http:\/\/www.donbosco.cz\/wp-content\/uploads\/2023\/06\/002-1-473x1024.jpeg\" alt=\"\" data-id=\"3347\" data-full-url=\"http:\/\/www.donbosco.cz\/wp-content\/uploads\/2023\/06\/002-1.jpeg\" data-link=\"https:\/\/www.donbosco.cz\/002-7\/\" class=\"wp-image-3347\" srcset=\"https:\/\/www.donbosco.cz\/wp-content\/uploads\/2023\/06\/002-1-473x1024.jpeg 473w, https:\/\/www.donbosco.cz\/wp-content\/uploads\/2023\/06\/002-1-139x300.jpeg 139w, https:\/\/www.donbosco.cz\/wp-content\/uploads\/2023\/06\/002-1-709x1536.jpeg 709w, https:\/\/www.donbosco.cz\/wp-content\/uploads\/2023\/06\/002-1.jpeg 739w\" sizes=\"(max-width: 473px) 100vw, 473px\" \/><\/figure><\/li><li class=\"blocks-gallery-item\"><figure><img loading=\"lazy\" width=\"473\" height=\"1024\" src=\"http:\/\/www.donbosco.cz\/wp-content\/uploads\/2023\/06\/003-1-473x1024.jpeg\" alt=\"\" data-id=\"3348\" data-full-url=\"http:\/\/www.donbosco.cz\/wp-content\/uploads\/2023\/06\/003-1.jpeg\" data-link=\"https:\/\/www.donbosco.cz\/003-7\/\" class=\"wp-image-3348\" srcset=\"https:\/\/www.donbosco.cz\/wp-content\/uploads\/2023\/06\/003-1-473x1024.jpeg 473w, https:\/\/www.donbosco.cz\/wp-content\/uploads\/2023\/06\/003-1-139x300.jpeg 139w, https:\/\/www.donbosco.cz\/wp-content\/uploads\/2023\/06\/003-1-709x1536.jpeg 709w, https:\/\/www.donbosco.cz\/wp-content\/uploads\/2023\/06\/003-1.jpeg 739w\" sizes=\"(max-width: 473px) 100vw, 473px\" \/><\/figure><\/li><li class=\"blocks-gallery-item\"><figure><img loading=\"lazy\" width=\"473\" height=\"1024\" src=\"http:\/\/www.donbosco.cz\/wp-content\/uploads\/2023\/06\/004-1-473x1024.jpeg\" alt=\"\" data-id=\"3349\" data-full-url=\"http:\/\/www.donbosco.cz\/wp-content\/uploads\/2023\/06\/004-1.jpeg\" data-link=\"https:\/\/www.donbosco.cz\/004-7\/\" class=\"wp-image-3349\" srcset=\"https:\/\/www.donbosco.cz\/wp-content\/uploads\/2023\/06\/004-1-473x1024.jpeg 473w, https:\/\/www.donbosco.cz\/wp-content\/uploads\/2023\/06\/004-1-139x300.jpeg 139w, https:\/\/www.donbosco.cz\/wp-content\/uploads\/2023\/06\/004-1-709x1536.jpeg 709w, https:\/\/www.donbosco.cz\/wp-content\/uploads\/2023\/06\/004-1.jpeg 739w\" sizes=\"(max-width: 473px) 100vw, 473px\" \/><\/figure><\/li><li class=\"blocks-gallery-item\"><figure><img loading=\"lazy\" width=\"1024\" height=\"473\" src=\"http:\/\/www.donbosco.cz\/wp-content\/uploads\/2023\/06\/005-1-1024x473.jpeg\" alt=\"\" data-id=\"3350\" data-full-url=\"http:\/\/www.donbosco.cz\/wp-content\/uploads\/2023\/06\/005-1.jpeg\" data-link=\"https:\/\/www.donbosco.cz\/005-6\/\" class=\"wp-image-3350\" srcset=\"https:\/\/www.donbosco.cz\/wp-content\/uploads\/2023\/06\/005-1-1024x473.jpeg 1024w, https:\/\/www.donbosco.cz\/wp-content\/uploads\/2023\/06\/005-1-300x139.jpeg 300w, https:\/\/www.donbosco.cz\/wp-content\/uploads\/2023\/06\/005-1-768x355.jpeg 768w, https:\/\/www.donbosco.cz\/wp-content\/uploads\/2023\/06\/005-1-1536x709.jpeg 1536w, https:\/\/www.donbosco.cz\/wp-content\/uploads\/2023\/06\/005-1.jpeg 1600w\" sizes=\"(max-width: 767px) 89vw, (max-width: 1000px) 54vw, (max-width: 1071px) 543px, 580px\" \/><\/figure><\/li><li class=\"blocks-gallery-item\"><figure><img loading=\"lazy\" width=\"1024\" height=\"473\" src=\"http:\/\/www.donbosco.cz\/wp-content\/uploads\/2023\/06\/006-1-1024x473.jpeg\" alt=\"\" data-id=\"3351\" data-full-url=\"http:\/\/www.donbosco.cz\/wp-content\/uploads\/2023\/06\/006-1.jpeg\" data-link=\"https:\/\/www.donbosco.cz\/006-6\/\" class=\"wp-image-3351\" srcset=\"https:\/\/www.donbosco.cz\/wp-content\/uploads\/2023\/06\/006-1-1024x473.jpeg 1024w, https:\/\/www.donbosco.cz\/wp-content\/uploads\/2023\/06\/006-1-300x139.jpeg 300w, https:\/\/www.donbosco.cz\/wp-content\/uploads\/2023\/06\/006-1-768x355.jpeg 768w, https:\/\/www.donbosco.cz\/wp-content\/uploads\/2023\/06\/006-1-1536x709.jpeg 1536w, https:\/\/www.donbosco.cz\/wp-content\/uploads\/2023\/06\/006-1.jpeg 1600w\" sizes=\"(max-width: 767px) 89vw, (max-width: 1000px) 54vw, (max-width: 1071px) 543px, 580px\" \/><\/figure><\/li><li class=\"blocks-gallery-item\"><figure><img loading=\"lazy\" width=\"1024\" height=\"473\" src=\"http:\/\/www.donbosco.cz\/wp-content\/uploads\/2023\/06\/007-1-1024x473.jpeg\" alt=\"\" data-id=\"3352\" data-full-url=\"http:\/\/www.donbosco.cz\/wp-content\/uploads\/2023\/06\/007-1.jpeg\" data-link=\"https:\/\/www.donbosco.cz\/007-6\/\" class=\"wp-image-3352\" srcset=\"https:\/\/www.donbosco.cz\/wp-content\/uploads\/2023\/06\/007-1-1024x473.jpeg 1024w, https:\/\/www.donbosco.cz\/wp-content\/uploads\/2023\/06\/007-1-300x139.jpeg 300w, https:\/\/www.donbosco.cz\/wp-content\/uploads\/2023\/06\/007-1-768x355.jpeg 768w, https:\/\/www.donbosco.cz\/wp-content\/uploads\/2023\/06\/007-1-1536x709.jpeg 1536w, https:\/\/www.donbosco.cz\/wp-content\/uploads\/2023\/06\/007-1.jpeg 1600w\" sizes=\"(max-width: 767px) 89vw, (max-width: 1000px) 54vw, (max-width: 1071px) 543px, 580px\" \/><\/figure><\/li><li class=\"blocks-gallery-item\"><figure><img loading=\"lazy\" width=\"1024\" height=\"473\" src=\"http:\/\/www.donbosco.cz\/wp-content\/uploads\/2023\/06\/009-1-1024x473.jpeg\" alt=\"\" data-id=\"3354\" data-full-url=\"http:\/\/www.donbosco.cz\/wp-content\/uploads\/2023\/06\/009-1.jpeg\" data-link=\"https:\/\/www.donbosco.cz\/009-6\/\" class=\"wp-image-3354\" srcset=\"https:\/\/www.donbosco.cz\/wp-content\/uploads\/2023\/06\/009-1-1024x473.jpeg 1024w, https:\/\/www.donbosco.cz\/wp-content\/uploads\/2023\/06\/009-1-300x139.jpeg 300w, https:\/\/www.donbosco.cz\/wp-content\/uploads\/2023\/06\/009-1-768x355.jpeg 768w, https:\/\/www.donbosco.cz\/wp-content\/uploads\/2023\/06\/009-1-1536x709.jpeg 1536w, https:\/\/www.donbosco.cz\/wp-content\/uploads\/2023\/06\/009-1.jpeg 1600w\" sizes=\"(max-width: 767px) 89vw, (max-width: 1000px) 54vw, (max-width: 1071px) 543px, 580px\" \/><\/figure><\/li><li class=\"blocks-gallery-item\"><figure><img loading=\"lazy\" width=\"1024\" height=\"473\" src=\"http:\/\/www.donbosco.cz\/wp-content\/uploads\/2023\/06\/008-1-1024x473.jpeg\" alt=\"\" data-id=\"3353\" data-full-url=\"http:\/\/www.donbosco.cz\/wp-content\/uploads\/2023\/06\/008-1.jpeg\" data-link=\"https:\/\/www.donbosco.cz\/008-6\/\" class=\"wp-image-3353\" srcset=\"https:\/\/www.donbosco.cz\/wp-content\/uploads\/2023\/06\/008-1-1024x473.jpeg 1024w, https:\/\/www.donbosco.cz\/wp-content\/uploads\/2023\/06\/008-1-300x139.jpeg 300w, https:\/\/www.donbosco.cz\/wp-content\/uploads\/2023\/06\/008-1-768x355.jpeg 768w, https:\/\/www.donbosco.cz\/wp-content\/uploads\/2023\/06\/008-1-1536x709.jpeg 1536w, https:\/\/www.donbosco.cz\/wp-content\/uploads\/2023\/06\/008-1.jpeg 1600w\" sizes=\"(max-width: 767px) 89vw, (max-width: 1000px) 54vw, (max-width: 1071px) 543px, 580px\" \/><\/figure><\/li><li class=\"blocks-gallery-item\"><figure><img loading=\"lazy\" width=\"1024\" height=\"473\" src=\"http:\/\/www.donbosco.cz\/wp-content\/uploads\/2023\/06\/010-1-1024x473.jpeg\" alt=\"\" data-id=\"3355\" data-full-url=\"http:\/\/www.donbosco.cz\/wp-content\/uploads\/2023\/06\/010-1.jpeg\" data-link=\"https:\/\/www.donbosco.cz\/010-6\/\" class=\"wp-image-3355\" srcset=\"https:\/\/www.donbosco.cz\/wp-content\/uploads\/2023\/06\/010-1-1024x473.jpeg 1024w, https:\/\/www.donbosco.cz\/wp-content\/uploads\/2023\/06\/010-1-300x139.jpeg 300w, https:\/\/www.donbosco.cz\/wp-content\/uploads\/2023\/06\/010-1-768x355.jpeg 768w, https:\/\/www.donbosco.cz\/wp-content\/uploads\/2023\/06\/010-1-1536x709.jpeg 1536w, https:\/\/www.donbosco.cz\/wp-content\/uploads\/2023\/06\/010-1.jpeg 1600w\" sizes=\"(max-width: 767px) 89vw, (max-width: 1000px) 54vw, (max-width: 1071px) 543px, 580px\" \/><\/figure><\/li><li class=\"blocks-gallery-item\"><figure><img loading=\"lazy\" width=\"473\" height=\"1024\" src=\"http:\/\/www.donbosco.cz\/wp-content\/uploads\/2023\/06\/011-1-473x1024.jpeg\" alt=\"\" data-id=\"3356\" data-full-url=\"http:\/\/www.donbosco.cz\/wp-content\/uploads\/2023\/06\/011-1.jpeg\" data-link=\"https:\/\/www.donbosco.cz\/011-6\/\" class=\"wp-image-3356\" srcset=\"https:\/\/www.donbosco.cz\/wp-content\/uploads\/2023\/06\/011-1-473x1024.jpeg 473w, https:\/\/www.donbosco.cz\/wp-content\/uploads\/2023\/06\/011-1-139x300.jpeg 139w, https:\/\/www.donbosco.cz\/wp-content\/uploads\/2023\/06\/011-1-709x1536.jpeg 709w, https:\/\/www.donbosco.cz\/wp-content\/uploads\/2023\/06\/011-1.jpeg 739w\" sizes=\"(max-width: 473px) 100vw, 473px\" \/><\/figure><\/li><li class=\"blocks-gallery-item\"><figure><img loading=\"lazy\" width=\"1024\" height=\"473\" src=\"http:\/\/www.donbosco.cz\/wp-content\/uploads\/2023\/06\/012-1-1024x473.jpeg\" alt=\"\" data-id=\"3357\" data-full-url=\"http:\/\/www.donbosco.cz\/wp-content\/uploads\/2023\/06\/012-1.jpeg\" data-link=\"https:\/\/www.donbosco.cz\/012-6\/\" class=\"wp-image-3357\" srcset=\"https:\/\/www.donbosco.cz\/wp-content\/uploads\/2023\/06\/012-1-1024x473.jpeg 1024w, https:\/\/www.donbosco.cz\/wp-content\/uploads\/2023\/06\/012-1-300x139.jpeg 300w, https:\/\/www.donbosco.cz\/wp-content\/uploads\/2023\/06\/012-1-768x355.jpeg 768w, https:\/\/www.donbosco.cz\/wp-content\/uploads\/2023\/06\/012-1-1536x709.jpeg 1536w, https:\/\/www.donbosco.cz\/wp-content\/uploads\/2023\/06\/012-1.jpeg 1600w\" sizes=\"(max-width: 767px) 89vw, (max-width: 1000px) 54vw, (max-width: 1071px) 543px, 580px\" \/><\/figure><\/li><li class=\"blocks-gallery-item\"><figure><img loading=\"lazy\" width=\"1024\" height=\"473\" src=\"http:\/\/www.donbosco.cz\/wp-content\/uploads\/2023\/06\/013-1-1024x473.jpeg\" alt=\"\" data-id=\"3358\" data-full-url=\"http:\/\/www.donbosco.cz\/wp-content\/uploads\/2023\/06\/013-1.jpeg\" data-link=\"https:\/\/www.donbosco.cz\/013-6\/\" class=\"wp-image-3358\" srcset=\"https:\/\/www.donbosco.cz\/wp-content\/uploads\/2023\/06\/013-1-1024x473.jpeg 1024w, https:\/\/www.donbosco.cz\/wp-content\/uploads\/2023\/06\/013-1-300x139.jpeg 300w, https:\/\/www.donbosco.cz\/wp-content\/uploads\/2023\/06\/013-1-768x355.jpeg 768w, https:\/\/www.donbosco.cz\/wp-content\/uploads\/2023\/06\/013-1-1536x709.jpeg 1536w, https:\/\/www.donbosco.cz\/wp-content\/uploads\/2023\/06\/013-1.jpeg 1600w\" sizes=\"(max-width: 767px) 89vw, (max-width: 1000px) 54vw, (max-width: 1071px) 543px, 580px\" \/><\/figure><\/li><li class=\"blocks-gallery-item\"><figure><img loading=\"lazy\" width=\"1024\" height=\"473\" src=\"http:\/\/www.donbosco.cz\/wp-content\/uploads\/2023\/06\/014-1-1024x473.jpeg\" alt=\"\" data-id=\"3359\" data-full-url=\"http:\/\/www.donbosco.cz\/wp-content\/uploads\/2023\/06\/014-1.jpeg\" data-link=\"https:\/\/www.donbosco.cz\/014-6\/\" class=\"wp-image-3359\" srcset=\"https:\/\/www.donbosco.cz\/wp-content\/uploads\/2023\/06\/014-1-1024x473.jpeg 1024w, https:\/\/www.donbosco.cz\/wp-content\/uploads\/2023\/06\/014-1-300x139.jpeg 300w, https:\/\/www.donbosco.cz\/wp-content\/uploads\/2023\/06\/014-1-768x355.jpeg 768w, https:\/\/www.donbosco.cz\/wp-content\/uploads\/2023\/06\/014-1-1536x709.jpeg 1536w, https:\/\/www.donbosco.cz\/wp-content\/uploads\/2023\/06\/014-1.jpeg 1600w\" sizes=\"(max-width: 767px) 89vw, (max-width: 1000px) 54vw, (max-width: 1071px) 543px, 580px\" \/><\/figure><\/li><li class=\"blocks-gallery-item\"><figure><img loading=\"lazy\" width=\"1024\" height=\"473\" src=\"http:\/\/www.donbosco.cz\/wp-content\/uploads\/2023\/06\/015-1-1024x473.jpeg\" alt=\"\" data-id=\"3360\" data-full-url=\"http:\/\/www.donbosco.cz\/wp-content\/uploads\/2023\/06\/015-1.jpeg\" data-link=\"https:\/\/www.donbosco.cz\/015-6\/\" class=\"wp-image-3360\" srcset=\"https:\/\/www.donbosco.cz\/wp-content\/uploads\/2023\/06\/015-1-1024x473.jpeg 1024w, https:\/\/www.donbosco.cz\/wp-content\/uploads\/2023\/06\/015-1-300x139.jpeg 300w, https:\/\/www.donbosco.cz\/wp-content\/uploads\/2023\/06\/015-1-768x355.jpeg 768w, https:\/\/www.donbosco.cz\/wp-content\/uploads\/2023\/06\/015-1-1536x709.jpeg 1536w, https:\/\/www.donbosco.cz\/wp-content\/uploads\/2023\/06\/015-1.jpeg 1600w\" sizes=\"(max-width: 767px) 89vw, (max-width: 1000px) 54vw, (max-width: 1071px) 543px, 580px\" \/><\/figure><\/li><li class=\"blocks-gallery-item\"><figure><img loading=\"lazy\" width=\"1024\" height=\"473\" src=\"http:\/\/www.donbosco.cz\/wp-content\/uploads\/2023\/06\/016-1-1024x473.jpeg\" alt=\"\" data-id=\"3361\" data-full-url=\"http:\/\/www.donbosco.cz\/wp-content\/uploads\/2023\/06\/016-1.jpeg\" data-link=\"https:\/\/www.donbosco.cz\/016-6\/\" class=\"wp-image-3361\" srcset=\"https:\/\/www.donbosco.cz\/wp-content\/uploads\/2023\/06\/016-1-1024x473.jpeg 1024w, https:\/\/www.donbosco.cz\/wp-content\/uploads\/2023\/06\/016-1-300x139.jpeg 300w, https:\/\/www.donbosco.cz\/wp-content\/uploads\/2023\/06\/016-1-768x355.jpeg 768w, https:\/\/www.donbosco.cz\/wp-content\/uploads\/2023\/06\/016-1-1536x709.jpeg 1536w, https:\/\/www.donbosco.cz\/wp-content\/uploads\/2023\/06\/016-1.jpeg 1600w\" sizes=\"(max-width: 767px) 89vw, (max-width: 1000px) 54vw, (max-width: 1071px) 543px, 580px\" \/><\/figure><\/li><li class=\"blocks-gallery-item\"><figure><img loading=\"lazy\" width=\"1024\" height=\"473\" src=\"http:\/\/www.donbosco.cz\/wp-content\/uploads\/2023\/06\/017-1-1024x473.jpeg\" alt=\"\" data-id=\"3362\" data-full-url=\"http:\/\/www.donbosco.cz\/wp-content\/uploads\/2023\/06\/017-1.jpeg\" data-link=\"https:\/\/www.donbosco.cz\/017-6\/\" class=\"wp-image-3362\" srcset=\"https:\/\/www.donbosco.cz\/wp-content\/uploads\/2023\/06\/017-1-1024x473.jpeg 1024w, https:\/\/www.donbosco.cz\/wp-content\/uploads\/2023\/06\/017-1-300x139.jpeg 300w, https:\/\/www.donbosco.cz\/wp-content\/uploads\/2023\/06\/017-1-768x355.jpeg 768w, https:\/\/www.donbosco.cz\/wp-content\/uploads\/2023\/06\/017-1-1536x709.jpeg 1536w, https:\/\/www.donbosco.cz\/wp-content\/uploads\/2023\/06\/017-1.jpeg 1600w\" sizes=\"(max-width: 767px) 89vw, (max-width: 1000px) 54vw, (max-width: 1071px) 543px, 580px\" \/><\/figure><\/li><\/ul><\/figure>\n","protected":false},"excerpt":{"rendered":"","protected":false},"author":5,"featured_media":0,"parent":0,"menu_order":0,"comment_status":"closed","ping_status":"closed","template":"","meta":[],"_links":{"self":[{"href":"https:\/\/www.donbosco.cz\/index.php\/wp-json\/wp\/v2\/pages\/3363"}],"collection":[{"href":"https:\/\/www.donbosco.cz\/index.php\/wp-json\/wp\/v2\/pages"}],"about":[{"href":"https:\/\/www.donbosco.cz\/index.php\/wp-json\/wp\/v2\/types\/page"}],"author":[{"embeddable":true,"href":"https:\/\/www.donbosco.cz\/index.php\/wp-json\/wp\/v2\/users\/5"}],"replies":[{"embeddable":true,"href":"https:\/\/www.donbosco.cz\/index.php\/wp-json\/wp\/v2\/comments?post=3363"}],"version-history":[{"count":1,"href":"https:\/\/www.donbosco.cz\/index.php\/wp-json\/wp\/v2\/pages\/3363\/revisions"}],"predecessor-version":[{"id":3364,"href":"https:\/\/www.donbosco.cz\/index.php\/wp-json\/wp\/v2\/pages\/3363\/revisions\/3364"}],"wp:attachment":[{"href":"https:\/\/www.donbosco.cz\/index.php\/wp-json\/wp\/v2\/media?parent=3363"}],"curies":[{"name":"wp","href":"https:\/\/api.w.org\/{rel}","templated":true}]}}