{"id":3278,"date":"2023-06-01T07:07:13","date_gmt":"2023-06-01T07:07:13","guid":{"rendered":"https:\/\/www.donbosco.cz\/?page_id=3278"},"modified":"2023-06-01T07:07:13","modified_gmt":"2023-06-01T07:07:13","slug":"kurz-eticke-vychovy-8-a-9-trida-v-orlickych-horach-amerika-utery-30-5-2023","status":"publish","type":"page","link":"https:\/\/www.donbosco.cz\/index.php\/kurz-eticke-vychovy-8-a-9-trida-v-orlickych-horach-amerika-utery-30-5-2023\/","title":{"rendered":"Kurz etick\u00e9 v\u00fdchovy 8. a 9. t\u0159\u00edda v Orlick\u00fdch hor\u00e1ch &#8211; Amerika &#8211; \u00fater\u00fd 30. 5. 2023"},"content":{"rendered":"\n<figure class=\"wp-block-gallery columns-4 is-cropped\"><ul class=\"blocks-gallery-grid\"><li class=\"blocks-gallery-item\"><figure><img loading=\"lazy\" width=\"640\" height=\"481\" src=\"http:\/\/www.donbosco.cz\/wp-content\/uploads\/2023\/06\/thumbnail_image0.jpg\" alt=\"\" data-id=\"3274\" data-full-url=\"http:\/\/www.donbosco.cz\/wp-content\/uploads\/2023\/06\/thumbnail_image0.jpg\" data-link=\"https:\/\/www.donbosco.cz\/thumbnail_image0-3\/\" class=\"wp-image-3274\" srcset=\"https:\/\/www.donbosco.cz\/wp-content\/uploads\/2023\/06\/thumbnail_image0.jpg 640w, https:\/\/www.donbosco.cz\/wp-content\/uploads\/2023\/06\/thumbnail_image0-300x225.jpg 300w\" sizes=\"(max-width: 640px) 100vw, 640px\" \/><\/figure><\/li><li class=\"blocks-gallery-item\"><figure><img loading=\"lazy\" width=\"640\" height=\"481\" src=\"http:\/\/www.donbosco.cz\/wp-content\/uploads\/2023\/06\/thumbnail_image1.jpg\" alt=\"\" data-id=\"3275\" data-full-url=\"http:\/\/www.donbosco.cz\/wp-content\/uploads\/2023\/06\/thumbnail_image1.jpg\" data-link=\"https:\/\/www.donbosco.cz\/thumbnail_image1-3\/\" class=\"wp-image-3275\" srcset=\"https:\/\/www.donbosco.cz\/wp-content\/uploads\/2023\/06\/thumbnail_image1.jpg 640w, https:\/\/www.donbosco.cz\/wp-content\/uploads\/2023\/06\/thumbnail_image1-300x225.jpg 300w\" sizes=\"(max-width: 640px) 100vw, 640px\" \/><\/figure><\/li><li class=\"blocks-gallery-item\"><figure><img loading=\"lazy\" width=\"640\" height=\"481\" src=\"http:\/\/www.donbosco.cz\/wp-content\/uploads\/2023\/06\/thumbnail_image2.jpg\" alt=\"\" data-id=\"3276\" data-full-url=\"http:\/\/www.donbosco.cz\/wp-content\/uploads\/2023\/06\/thumbnail_image2.jpg\" data-link=\"https:\/\/www.donbosco.cz\/thumbnail_image2-2\/\" class=\"wp-image-3276\" srcset=\"https:\/\/www.donbosco.cz\/wp-content\/uploads\/2023\/06\/thumbnail_image2.jpg 640w, https:\/\/www.donbosco.cz\/wp-content\/uploads\/2023\/06\/thumbnail_image2-300x225.jpg 300w\" sizes=\"(max-width: 640px) 100vw, 640px\" \/><\/figure><\/li><li class=\"blocks-gallery-item\"><figure><img loading=\"lazy\" width=\"640\" height=\"481\" src=\"http:\/\/www.donbosco.cz\/wp-content\/uploads\/2023\/06\/thumbnail_image3.jpg\" alt=\"\" data-id=\"3277\" data-full-url=\"http:\/\/www.donbosco.cz\/wp-content\/uploads\/2023\/06\/thumbnail_image3.jpg\" data-link=\"https:\/\/www.donbosco.cz\/thumbnail_image3-3\/\" class=\"wp-image-3277\" srcset=\"https:\/\/www.donbosco.cz\/wp-content\/uploads\/2023\/06\/thumbnail_image3.jpg 640w, https:\/\/www.donbosco.cz\/wp-content\/uploads\/2023\/06\/thumbnail_image3-300x225.jpg 300w\" sizes=\"(max-width: 640px) 100vw, 640px\" \/><\/figure><\/li><\/ul><\/figure>\n","protected":false},"excerpt":{"rendered":"","protected":false},"author":5,"featured_media":0,"parent":0,"menu_order":0,"comment_status":"closed","ping_status":"closed","template":"","meta":[],"_links":{"self":[{"href":"https:\/\/www.donbosco.cz\/index.php\/wp-json\/wp\/v2\/pages\/3278"}],"collection":[{"href":"https:\/\/www.donbosco.cz\/index.php\/wp-json\/wp\/v2\/pages"}],"about":[{"href":"https:\/\/www.donbosco.cz\/index.php\/wp-json\/wp\/v2\/types\/page"}],"author":[{"embeddable":true,"href":"https:\/\/www.donbosco.cz\/index.php\/wp-json\/wp\/v2\/users\/5"}],"replies":[{"embeddable":true,"href":"https:\/\/www.donbosco.cz\/index.php\/wp-json\/wp\/v2\/comments?post=3278"}],"version-history":[{"count":1,"href":"https:\/\/www.donbosco.cz\/index.php\/wp-json\/wp\/v2\/pages\/3278\/revisions"}],"predecessor-version":[{"id":3279,"href":"https:\/\/www.donbosco.cz\/index.php\/wp-json\/wp\/v2\/pages\/3278\/revisions\/3279"}],"wp:attachment":[{"href":"https:\/\/www.donbosco.cz\/index.php\/wp-json\/wp\/v2\/media?parent=3278"}],"curies":[{"name":"wp","href":"https:\/\/api.w.org\/{rel}","templated":true}]}}