{"id":3268,"date":"2023-06-01T06:39:16","date_gmt":"2023-06-01T06:39:16","guid":{"rendered":"https:\/\/www.donbosco.cz\/?page_id=3268"},"modified":"2023-06-01T06:39:16","modified_gmt":"2023-06-01T06:39:16","slug":"kurz-eticke-vychovy-8-a-9-trida-v-orlickych-horach-afrika-streda-31-5-2023","status":"publish","type":"page","link":"https:\/\/www.donbosco.cz\/index.php\/kurz-eticke-vychovy-8-a-9-trida-v-orlickych-horach-afrika-streda-31-5-2023\/","title":{"rendered":"Kurz etick\u00e9 v\u00fdchovy 8. a 9. t\u0159\u00edda v Orlick\u00fdch hor\u00e1ch &#8211; Afrika &#8211; st\u0159eda 31. 5. 2023"},"content":{"rendered":"\n<figure class=\"wp-block-gallery columns-2 is-cropped\"><ul class=\"blocks-gallery-grid\"><li class=\"blocks-gallery-item\"><figure><img loading=\"lazy\" width=\"1024\" height=\"461\" src=\"http:\/\/www.donbosco.cz\/wp-content\/uploads\/2023\/06\/image0-1024x461.jpeg\" alt=\"\" data-id=\"3266\" data-full-url=\"http:\/\/www.donbosco.cz\/wp-content\/uploads\/2023\/06\/image0.jpeg\" data-link=\"https:\/\/www.donbosco.cz\/image0-3\/\" class=\"wp-image-3266\" srcset=\"https:\/\/www.donbosco.cz\/wp-content\/uploads\/2023\/06\/image0-1024x461.jpeg 1024w, https:\/\/www.donbosco.cz\/wp-content\/uploads\/2023\/06\/image0-300x135.jpeg 300w, https:\/\/www.donbosco.cz\/wp-content\/uploads\/2023\/06\/image0-768x346.jpeg 768w, https:\/\/www.donbosco.cz\/wp-content\/uploads\/2023\/06\/image0-1536x691.jpeg 1536w, https:\/\/www.donbosco.cz\/wp-content\/uploads\/2023\/06\/image0.jpeg 1600w\" sizes=\"(max-width: 767px) 89vw, (max-width: 1000px) 54vw, (max-width: 1071px) 543px, 580px\" \/><\/figure><\/li><li class=\"blocks-gallery-item\"><figure><img loading=\"lazy\" width=\"461\" height=\"1024\" src=\"http:\/\/www.donbosco.cz\/wp-content\/uploads\/2023\/06\/image1-461x1024.jpeg\" alt=\"\" data-id=\"3267\" data-full-url=\"http:\/\/www.donbosco.cz\/wp-content\/uploads\/2023\/06\/image1.jpeg\" data-link=\"https:\/\/www.donbosco.cz\/image1-2\/\" class=\"wp-image-3267\" srcset=\"https:\/\/www.donbosco.cz\/wp-content\/uploads\/2023\/06\/image1-461x1024.jpeg 461w, https:\/\/www.donbosco.cz\/wp-content\/uploads\/2023\/06\/image1-135x300.jpeg 135w, https:\/\/www.donbosco.cz\/wp-content\/uploads\/2023\/06\/image1-691x1536.jpeg 691w, https:\/\/www.donbosco.cz\/wp-content\/uploads\/2023\/06\/image1.jpeg 720w\" sizes=\"(max-width: 461px) 100vw, 461px\" \/><\/figure><\/li><\/ul><\/figure>\n","protected":false},"excerpt":{"rendered":"","protected":false},"author":5,"featured_media":0,"parent":0,"menu_order":0,"comment_status":"closed","ping_status":"closed","template":"","meta":[],"_links":{"self":[{"href":"https:\/\/www.donbosco.cz\/index.php\/wp-json\/wp\/v2\/pages\/3268"}],"collection":[{"href":"https:\/\/www.donbosco.cz\/index.php\/wp-json\/wp\/v2\/pages"}],"about":[{"href":"https:\/\/www.donbosco.cz\/index.php\/wp-json\/wp\/v2\/types\/page"}],"author":[{"embeddable":true,"href":"https:\/\/www.donbosco.cz\/index.php\/wp-json\/wp\/v2\/users\/5"}],"replies":[{"embeddable":true,"href":"https:\/\/www.donbosco.cz\/index.php\/wp-json\/wp\/v2\/comments?post=3268"}],"version-history":[{"count":1,"href":"https:\/\/www.donbosco.cz\/index.php\/wp-json\/wp\/v2\/pages\/3268\/revisions"}],"predecessor-version":[{"id":3269,"href":"https:\/\/www.donbosco.cz\/index.php\/wp-json\/wp\/v2\/pages\/3268\/revisions\/3269"}],"wp:attachment":[{"href":"https:\/\/www.donbosco.cz\/index.php\/wp-json\/wp\/v2\/media?parent=3268"}],"curies":[{"name":"wp","href":"https:\/\/api.w.org\/{rel}","templated":true}]}}