{"id":3240,"date":"2023-05-30T18:07:36","date_gmt":"2023-05-30T18:07:36","guid":{"rendered":"https:\/\/www.donbosco.cz\/?page_id=3240"},"modified":"2023-05-30T18:07:36","modified_gmt":"2023-05-30T18:07:36","slug":"kurz-eticke-vychovy-8-a-9-trida-v-orlickych-horach-pondeli-29-5-2023","status":"publish","type":"page","link":"https:\/\/www.donbosco.cz\/index.php\/kurz-eticke-vychovy-8-a-9-trida-v-orlickych-horach-pondeli-29-5-2023\/","title":{"rendered":"Kurz etick\u00e9 v\u00fdchovy 8. a 9. t\u0159\u00edda v Orlick\u00fdch hor\u00e1ch &#8211; pond\u011bl\u00ed 29. 5. 2023"},"content":{"rendered":"\n<figure class=\"wp-block-gallery columns-3 is-cropped\"><ul class=\"blocks-gallery-grid\"><li class=\"blocks-gallery-item\"><figure><img loading=\"lazy\" width=\"640\" height=\"481\" src=\"http:\/\/www.donbosco.cz\/wp-content\/uploads\/2023\/05\/thumbnail_image0-1.jpg\" alt=\"\" data-id=\"3225\" data-full-url=\"http:\/\/www.donbosco.cz\/wp-content\/uploads\/2023\/05\/thumbnail_image0-1.jpg\" data-link=\"https:\/\/www.donbosco.cz\/index.php\/fotogalerie\/thumbnail_image0-2\/\" class=\"wp-image-3225\" srcset=\"https:\/\/www.donbosco.cz\/wp-content\/uploads\/2023\/05\/thumbnail_image0-1.jpg 640w, https:\/\/www.donbosco.cz\/wp-content\/uploads\/2023\/05\/thumbnail_image0-1-300x225.jpg 300w\" sizes=\"(max-width: 640px) 100vw, 640px\" \/><\/figure><\/li><li class=\"blocks-gallery-item\"><figure><img loading=\"lazy\" width=\"640\" height=\"481\" src=\"http:\/\/www.donbosco.cz\/wp-content\/uploads\/2023\/05\/thumbnail_image1-1.jpg\" alt=\"\" data-id=\"3226\" data-full-url=\"http:\/\/www.donbosco.cz\/wp-content\/uploads\/2023\/05\/thumbnail_image1-1.jpg\" data-link=\"https:\/\/www.donbosco.cz\/thumbnail_image1-2\/\" class=\"wp-image-3226\" srcset=\"https:\/\/www.donbosco.cz\/wp-content\/uploads\/2023\/05\/thumbnail_image1-1.jpg 640w, https:\/\/www.donbosco.cz\/wp-content\/uploads\/2023\/05\/thumbnail_image1-1-300x225.jpg 300w\" sizes=\"(max-width: 640px) 100vw, 640px\" \/><\/figure><\/li><li class=\"blocks-gallery-item\"><figure><img loading=\"lazy\" width=\"640\" height=\"481\" src=\"http:\/\/www.donbosco.cz\/wp-content\/uploads\/2023\/05\/thumbnail_image2.jpg\" alt=\"\" data-id=\"3227\" data-full-url=\"http:\/\/www.donbosco.cz\/wp-content\/uploads\/2023\/05\/thumbnail_image2.jpg\" data-link=\"https:\/\/www.donbosco.cz\/thumbnail_image2\/\" class=\"wp-image-3227\" srcset=\"https:\/\/www.donbosco.cz\/wp-content\/uploads\/2023\/05\/thumbnail_image2.jpg 640w, https:\/\/www.donbosco.cz\/wp-content\/uploads\/2023\/05\/thumbnail_image2-300x225.jpg 300w\" sizes=\"(max-width: 640px) 100vw, 640px\" \/><\/figure><\/li><li class=\"blocks-gallery-item\"><figure><img loading=\"lazy\" width=\"640\" height=\"481\" src=\"http:\/\/www.donbosco.cz\/wp-content\/uploads\/2023\/05\/thumbnail_image3-1.jpg\" alt=\"\" data-id=\"3228\" data-full-url=\"http:\/\/www.donbosco.cz\/wp-content\/uploads\/2023\/05\/thumbnail_image3-1.jpg\" data-link=\"https:\/\/www.donbosco.cz\/thumbnail_image3-2\/\" class=\"wp-image-3228\" srcset=\"https:\/\/www.donbosco.cz\/wp-content\/uploads\/2023\/05\/thumbnail_image3-1.jpg 640w, https:\/\/www.donbosco.cz\/wp-content\/uploads\/2023\/05\/thumbnail_image3-1-300x225.jpg 300w\" sizes=\"(max-width: 640px) 100vw, 640px\" \/><\/figure><\/li><li class=\"blocks-gallery-item\"><figure><img loading=\"lazy\" width=\"1024\" height=\"768\" src=\"http:\/\/www.donbosco.cz\/wp-content\/uploads\/2023\/05\/thumbnail_IMG_0947-1024x768.jpg\" alt=\"\" data-id=\"3224\" data-full-url=\"http:\/\/www.donbosco.cz\/wp-content\/uploads\/2023\/05\/thumbnail_IMG_0947.jpg\" data-link=\"https:\/\/www.donbosco.cz\/thumbnail_img_0947\/\" class=\"wp-image-3224\" srcset=\"https:\/\/www.donbosco.cz\/wp-content\/uploads\/2023\/05\/thumbnail_IMG_0947-1024x768.jpg 1024w, https:\/\/www.donbosco.cz\/wp-content\/uploads\/2023\/05\/thumbnail_IMG_0947-300x225.jpg 300w, https:\/\/www.donbosco.cz\/wp-content\/uploads\/2023\/05\/thumbnail_IMG_0947-768x576.jpg 768w, https:\/\/www.donbosco.cz\/wp-content\/uploads\/2023\/05\/thumbnail_IMG_0947-1536x1152.jpg 1536w, https:\/\/www.donbosco.cz\/wp-content\/uploads\/2023\/05\/thumbnail_IMG_0947.jpg 1920w\" sizes=\"(max-width: 767px) 89vw, (max-width: 1000px) 54vw, (max-width: 1071px) 543px, 580px\" \/><\/figure><\/li><li class=\"blocks-gallery-item\"><figure><img loading=\"lazy\" width=\"1024\" height=\"768\" src=\"http:\/\/www.donbosco.cz\/wp-content\/uploads\/2023\/05\/thumbnail_IMG_0946-1024x768.jpg\" alt=\"\" data-id=\"3229\" data-full-url=\"http:\/\/www.donbosco.cz\/wp-content\/uploads\/2023\/05\/thumbnail_IMG_0946.jpg\" data-link=\"https:\/\/www.donbosco.cz\/thumbnail_img_0946\/\" class=\"wp-image-3229\" srcset=\"https:\/\/www.donbosco.cz\/wp-content\/uploads\/2023\/05\/thumbnail_IMG_0946-1024x768.jpg 1024w, https:\/\/www.donbosco.cz\/wp-content\/uploads\/2023\/05\/thumbnail_IMG_0946-300x225.jpg 300w, https:\/\/www.donbosco.cz\/wp-content\/uploads\/2023\/05\/thumbnail_IMG_0946-768x576.jpg 768w, https:\/\/www.donbosco.cz\/wp-content\/uploads\/2023\/05\/thumbnail_IMG_0946-1536x1152.jpg 1536w, https:\/\/www.donbosco.cz\/wp-content\/uploads\/2023\/05\/thumbnail_IMG_0946.jpg 1920w\" sizes=\"(max-width: 767px) 89vw, (max-width: 1000px) 54vw, (max-width: 1071px) 543px, 580px\" \/><\/figure><\/li><\/ul><\/figure>\n","protected":false},"excerpt":{"rendered":"","protected":false},"author":5,"featured_media":0,"parent":0,"menu_order":0,"comment_status":"closed","ping_status":"closed","template":"","meta":[],"_links":{"self":[{"href":"https:\/\/www.donbosco.cz\/index.php\/wp-json\/wp\/v2\/pages\/3240"}],"collection":[{"href":"https:\/\/www.donbosco.cz\/index.php\/wp-json\/wp\/v2\/pages"}],"about":[{"href":"https:\/\/www.donbosco.cz\/index.php\/wp-json\/wp\/v2\/types\/page"}],"author":[{"embeddable":true,"href":"https:\/\/www.donbosco.cz\/index.php\/wp-json\/wp\/v2\/users\/5"}],"replies":[{"embeddable":true,"href":"https:\/\/www.donbosco.cz\/index.php\/wp-json\/wp\/v2\/comments?post=3240"}],"version-history":[{"count":1,"href":"https:\/\/www.donbosco.cz\/index.php\/wp-json\/wp\/v2\/pages\/3240\/revisions"}],"predecessor-version":[{"id":3241,"href":"https:\/\/www.donbosco.cz\/index.php\/wp-json\/wp\/v2\/pages\/3240\/revisions\/3241"}],"wp:attachment":[{"href":"https:\/\/www.donbosco.cz\/index.php\/wp-json\/wp\/v2\/media?parent=3240"}],"curies":[{"name":"wp","href":"https:\/\/api.w.org\/{rel}","templated":true}]}}