{"id":3157,"date":"2023-05-27T07:16:52","date_gmt":"2023-05-27T07:16:52","guid":{"rendered":"https:\/\/www.donbosco.cz\/?page_id=3157"},"modified":"2023-05-27T07:16:52","modified_gmt":"2023-05-27T07:16:52","slug":"navsteva-narodni-galerie","status":"publish","type":"page","link":"https:\/\/www.donbosco.cz\/index.php\/navsteva-narodni-galerie\/","title":{"rendered":"N\u00e1v\u0161t\u011bva N\u00e1rodn\u00ed galerie"},"content":{"rendered":"\n<figure class=\"wp-block-gallery columns-3 is-cropped\"><ul class=\"blocks-gallery-grid\"><li class=\"blocks-gallery-item\"><figure><img loading=\"lazy\" width=\"1024\" height=\"768\" src=\"http:\/\/www.donbosco.cz\/wp-content\/uploads\/2023\/05\/IMG_20230516_101419-1024x768.jpg\" alt=\"\" data-id=\"3140\" data-full-url=\"http:\/\/www.donbosco.cz\/wp-content\/uploads\/2023\/05\/IMG_20230516_101419-scaled.jpg\" data-link=\"https:\/\/www.donbosco.cz\/img_20230516_101419\/\" class=\"wp-image-3140\" srcset=\"https:\/\/www.donbosco.cz\/wp-content\/uploads\/2023\/05\/IMG_20230516_101419-1024x768.jpg 1024w, https:\/\/www.donbosco.cz\/wp-content\/uploads\/2023\/05\/IMG_20230516_101419-300x225.jpg 300w, https:\/\/www.donbosco.cz\/wp-content\/uploads\/2023\/05\/IMG_20230516_101419-768x576.jpg 768w, https:\/\/www.donbosco.cz\/wp-content\/uploads\/2023\/05\/IMG_20230516_101419-1536x1152.jpg 1536w, https:\/\/www.donbosco.cz\/wp-content\/uploads\/2023\/05\/IMG_20230516_101419-2048x1536.jpg 2048w\" sizes=\"(max-width: 767px) 89vw, (max-width: 1000px) 54vw, (max-width: 1071px) 543px, 580px\" \/><\/figure><\/li><li class=\"blocks-gallery-item\"><figure><img loading=\"lazy\" width=\"768\" height=\"1024\" src=\"http:\/\/www.donbosco.cz\/wp-content\/uploads\/2023\/05\/IMG_20230516_102214-768x1024.jpg\" alt=\"\" data-id=\"3141\" data-full-url=\"http:\/\/www.donbosco.cz\/wp-content\/uploads\/2023\/05\/IMG_20230516_102214-scaled.jpg\" data-link=\"https:\/\/www.donbosco.cz\/img_20230516_102214\/\" class=\"wp-image-3141\" srcset=\"https:\/\/www.donbosco.cz\/wp-content\/uploads\/2023\/05\/IMG_20230516_102214-768x1024.jpg 768w, https:\/\/www.donbosco.cz\/wp-content\/uploads\/2023\/05\/IMG_20230516_102214-225x300.jpg 225w, https:\/\/www.donbosco.cz\/wp-content\/uploads\/2023\/05\/IMG_20230516_102214-1152x1536.jpg 1152w, https:\/\/www.donbosco.cz\/wp-content\/uploads\/2023\/05\/IMG_20230516_102214-1536x2048.jpg 1536w, https:\/\/www.donbosco.cz\/wp-content\/uploads\/2023\/05\/IMG_20230516_102214-scaled.jpg 1920w\" sizes=\"(max-width: 767px) 89vw, (max-width: 1000px) 54vw, (max-width: 1071px) 543px, 580px\" \/><\/figure><\/li><li class=\"blocks-gallery-item\"><figure><img loading=\"lazy\" width=\"768\" height=\"1024\" src=\"http:\/\/www.donbosco.cz\/wp-content\/uploads\/2023\/05\/IMG_20230516_102426-768x1024.jpg\" alt=\"\" data-id=\"3142\" data-full-url=\"http:\/\/www.donbosco.cz\/wp-content\/uploads\/2023\/05\/IMG_20230516_102426-scaled.jpg\" data-link=\"https:\/\/www.donbosco.cz\/img_20230516_102426\/\" class=\"wp-image-3142\" srcset=\"https:\/\/www.donbosco.cz\/wp-content\/uploads\/2023\/05\/IMG_20230516_102426-768x1024.jpg 768w, https:\/\/www.donbosco.cz\/wp-content\/uploads\/2023\/05\/IMG_20230516_102426-225x300.jpg 225w, https:\/\/www.donbosco.cz\/wp-content\/uploads\/2023\/05\/IMG_20230516_102426-1152x1536.jpg 1152w, https:\/\/www.donbosco.cz\/wp-content\/uploads\/2023\/05\/IMG_20230516_102426-1536x2048.jpg 1536w, https:\/\/www.donbosco.cz\/wp-content\/uploads\/2023\/05\/IMG_20230516_102426-scaled.jpg 1920w\" sizes=\"(max-width: 767px) 89vw, (max-width: 1000px) 54vw, (max-width: 1071px) 543px, 580px\" \/><\/figure><\/li><li class=\"blocks-gallery-item\"><figure><img loading=\"lazy\" width=\"768\" height=\"1024\" src=\"http:\/\/www.donbosco.cz\/wp-content\/uploads\/2023\/05\/IMG_20230516_102948-768x1024.jpg\" alt=\"\" data-id=\"3145\" data-full-url=\"http:\/\/www.donbosco.cz\/wp-content\/uploads\/2023\/05\/IMG_20230516_102948-scaled.jpg\" data-link=\"https:\/\/www.donbosco.cz\/img_20230516_102948\/\" class=\"wp-image-3145\" srcset=\"https:\/\/www.donbosco.cz\/wp-content\/uploads\/2023\/05\/IMG_20230516_102948-768x1024.jpg 768w, https:\/\/www.donbosco.cz\/wp-content\/uploads\/2023\/05\/IMG_20230516_102948-225x300.jpg 225w, https:\/\/www.donbosco.cz\/wp-content\/uploads\/2023\/05\/IMG_20230516_102948-1152x1536.jpg 1152w, https:\/\/www.donbosco.cz\/wp-content\/uploads\/2023\/05\/IMG_20230516_102948-1536x2048.jpg 1536w, https:\/\/www.donbosco.cz\/wp-content\/uploads\/2023\/05\/IMG_20230516_102948-scaled.jpg 1920w\" sizes=\"(max-width: 767px) 89vw, (max-width: 1000px) 54vw, (max-width: 1071px) 543px, 580px\" \/><\/figure><\/li><li class=\"blocks-gallery-item\"><figure><img loading=\"lazy\" width=\"768\" height=\"1024\" src=\"http:\/\/www.donbosco.cz\/wp-content\/uploads\/2023\/05\/IMG_20230516_102749-768x1024.jpg\" alt=\"\" data-id=\"3143\" data-full-url=\"http:\/\/www.donbosco.cz\/wp-content\/uploads\/2023\/05\/IMG_20230516_102749-scaled.jpg\" data-link=\"https:\/\/www.donbosco.cz\/img_20230516_102749\/\" class=\"wp-image-3143\" srcset=\"https:\/\/www.donbosco.cz\/wp-content\/uploads\/2023\/05\/IMG_20230516_102749-768x1024.jpg 768w, https:\/\/www.donbosco.cz\/wp-content\/uploads\/2023\/05\/IMG_20230516_102749-225x300.jpg 225w, https:\/\/www.donbosco.cz\/wp-content\/uploads\/2023\/05\/IMG_20230516_102749-1152x1536.jpg 1152w, https:\/\/www.donbosco.cz\/wp-content\/uploads\/2023\/05\/IMG_20230516_102749-1536x2048.jpg 1536w, https:\/\/www.donbosco.cz\/wp-content\/uploads\/2023\/05\/IMG_20230516_102749-scaled.jpg 1920w\" sizes=\"(max-width: 767px) 89vw, (max-width: 1000px) 54vw, (max-width: 1071px) 543px, 580px\" \/><\/figure><\/li><li class=\"blocks-gallery-item\"><figure><img loading=\"lazy\" width=\"1024\" height=\"768\" src=\"http:\/\/www.donbosco.cz\/wp-content\/uploads\/2023\/05\/IMG_20230516_102851-1024x768.jpg\" alt=\"\" data-id=\"3144\" data-full-url=\"http:\/\/www.donbosco.cz\/wp-content\/uploads\/2023\/05\/IMG_20230516_102851-scaled.jpg\" data-link=\"https:\/\/www.donbosco.cz\/img_20230516_102851\/\" class=\"wp-image-3144\" srcset=\"https:\/\/www.donbosco.cz\/wp-content\/uploads\/2023\/05\/IMG_20230516_102851-1024x768.jpg 1024w, https:\/\/www.donbosco.cz\/wp-content\/uploads\/2023\/05\/IMG_20230516_102851-300x225.jpg 300w, https:\/\/www.donbosco.cz\/wp-content\/uploads\/2023\/05\/IMG_20230516_102851-768x576.jpg 768w, https:\/\/www.donbosco.cz\/wp-content\/uploads\/2023\/05\/IMG_20230516_102851-1536x1152.jpg 1536w, https:\/\/www.donbosco.cz\/wp-content\/uploads\/2023\/05\/IMG_20230516_102851-2048x1536.jpg 2048w\" sizes=\"(max-width: 767px) 89vw, (max-width: 1000px) 54vw, (max-width: 1071px) 543px, 580px\" \/><\/figure><\/li><li class=\"blocks-gallery-item\"><figure><img loading=\"lazy\" width=\"1024\" height=\"768\" src=\"http:\/\/www.donbosco.cz\/wp-content\/uploads\/2023\/05\/IMG_20230516_103928-1024x768.jpg\" alt=\"\" data-id=\"3146\" data-full-url=\"http:\/\/www.donbosco.cz\/wp-content\/uploads\/2023\/05\/IMG_20230516_103928-scaled.jpg\" data-link=\"https:\/\/www.donbosco.cz\/img_20230516_103928\/\" class=\"wp-image-3146\" srcset=\"https:\/\/www.donbosco.cz\/wp-content\/uploads\/2023\/05\/IMG_20230516_103928-1024x768.jpg 1024w, https:\/\/www.donbosco.cz\/wp-content\/uploads\/2023\/05\/IMG_20230516_103928-300x225.jpg 300w, https:\/\/www.donbosco.cz\/wp-content\/uploads\/2023\/05\/IMG_20230516_103928-768x576.jpg 768w, https:\/\/www.donbosco.cz\/wp-content\/uploads\/2023\/05\/IMG_20230516_103928-1536x1152.jpg 1536w, https:\/\/www.donbosco.cz\/wp-content\/uploads\/2023\/05\/IMG_20230516_103928-2048x1536.jpg 2048w\" sizes=\"(max-width: 767px) 89vw, (max-width: 1000px) 54vw, (max-width: 1071px) 543px, 580px\" \/><\/figure><\/li><li class=\"blocks-gallery-item\"><figure><img loading=\"lazy\" width=\"768\" height=\"1024\" src=\"http:\/\/www.donbosco.cz\/wp-content\/uploads\/2023\/05\/IMG_20230516_103942-768x1024.jpg\" alt=\"\" data-id=\"3147\" data-full-url=\"http:\/\/www.donbosco.cz\/wp-content\/uploads\/2023\/05\/IMG_20230516_103942-scaled.jpg\" data-link=\"https:\/\/www.donbosco.cz\/img_20230516_103942\/\" class=\"wp-image-3147\" srcset=\"https:\/\/www.donbosco.cz\/wp-content\/uploads\/2023\/05\/IMG_20230516_103942-768x1024.jpg 768w, https:\/\/www.donbosco.cz\/wp-content\/uploads\/2023\/05\/IMG_20230516_103942-225x300.jpg 225w, https:\/\/www.donbosco.cz\/wp-content\/uploads\/2023\/05\/IMG_20230516_103942-1152x1536.jpg 1152w, https:\/\/www.donbosco.cz\/wp-content\/uploads\/2023\/05\/IMG_20230516_103942-1536x2048.jpg 1536w, https:\/\/www.donbosco.cz\/wp-content\/uploads\/2023\/05\/IMG_20230516_103942-scaled.jpg 1920w\" sizes=\"(max-width: 767px) 89vw, (max-width: 1000px) 54vw, (max-width: 1071px) 543px, 580px\" \/><\/figure><\/li><li class=\"blocks-gallery-item\"><figure><img loading=\"lazy\" width=\"1024\" height=\"768\" src=\"http:\/\/www.donbosco.cz\/wp-content\/uploads\/2023\/05\/IMG_20230516_103959-1024x768.jpg\" alt=\"\" data-id=\"3148\" data-full-url=\"http:\/\/www.donbosco.cz\/wp-content\/uploads\/2023\/05\/IMG_20230516_103959-scaled.jpg\" data-link=\"https:\/\/www.donbosco.cz\/rbt-4\/\" class=\"wp-image-3148\" srcset=\"https:\/\/www.donbosco.cz\/wp-content\/uploads\/2023\/05\/IMG_20230516_103959-1024x768.jpg 1024w, https:\/\/www.donbosco.cz\/wp-content\/uploads\/2023\/05\/IMG_20230516_103959-300x225.jpg 300w, https:\/\/www.donbosco.cz\/wp-content\/uploads\/2023\/05\/IMG_20230516_103959-768x576.jpg 768w, https:\/\/www.donbosco.cz\/wp-content\/uploads\/2023\/05\/IMG_20230516_103959-1536x1152.jpg 1536w, https:\/\/www.donbosco.cz\/wp-content\/uploads\/2023\/05\/IMG_20230516_103959-2048x1536.jpg 2048w\" sizes=\"(max-width: 767px) 89vw, (max-width: 1000px) 54vw, (max-width: 1071px) 543px, 580px\" \/><figcaption class=\"blocks-gallery-item__caption\">rbt<\/figcaption><\/figure><\/li><li class=\"blocks-gallery-item\"><figure><img loading=\"lazy\" width=\"768\" height=\"1024\" src=\"http:\/\/www.donbosco.cz\/wp-content\/uploads\/2023\/05\/IMG_20230516_104216-768x1024.jpg\" alt=\"\" data-id=\"3149\" data-full-url=\"http:\/\/www.donbosco.cz\/wp-content\/uploads\/2023\/05\/IMG_20230516_104216-scaled.jpg\" data-link=\"https:\/\/www.donbosco.cz\/img_20230516_104216\/\" class=\"wp-image-3149\" srcset=\"https:\/\/www.donbosco.cz\/wp-content\/uploads\/2023\/05\/IMG_20230516_104216-768x1024.jpg 768w, https:\/\/www.donbosco.cz\/wp-content\/uploads\/2023\/05\/IMG_20230516_104216-225x300.jpg 225w, https:\/\/www.donbosco.cz\/wp-content\/uploads\/2023\/05\/IMG_20230516_104216-1152x1536.jpg 1152w, https:\/\/www.donbosco.cz\/wp-content\/uploads\/2023\/05\/IMG_20230516_104216-1536x2048.jpg 1536w, https:\/\/www.donbosco.cz\/wp-content\/uploads\/2023\/05\/IMG_20230516_104216-scaled.jpg 1920w\" sizes=\"(max-width: 767px) 89vw, (max-width: 1000px) 54vw, (max-width: 1071px) 543px, 580px\" \/><\/figure><\/li><li class=\"blocks-gallery-item\"><figure><img loading=\"lazy\" width=\"768\" height=\"1024\" src=\"http:\/\/www.donbosco.cz\/wp-content\/uploads\/2023\/05\/IMG_20230516_104834-768x1024.jpg\" alt=\"\" data-id=\"3150\" data-full-url=\"http:\/\/www.donbosco.cz\/wp-content\/uploads\/2023\/05\/IMG_20230516_104834-scaled.jpg\" data-link=\"https:\/\/www.donbosco.cz\/img_20230516_104834\/\" class=\"wp-image-3150\" srcset=\"https:\/\/www.donbosco.cz\/wp-content\/uploads\/2023\/05\/IMG_20230516_104834-768x1024.jpg 768w, https:\/\/www.donbosco.cz\/wp-content\/uploads\/2023\/05\/IMG_20230516_104834-225x300.jpg 225w, https:\/\/www.donbosco.cz\/wp-content\/uploads\/2023\/05\/IMG_20230516_104834-1152x1536.jpg 1152w, https:\/\/www.donbosco.cz\/wp-content\/uploads\/2023\/05\/IMG_20230516_104834-1536x2048.jpg 1536w, https:\/\/www.donbosco.cz\/wp-content\/uploads\/2023\/05\/IMG_20230516_104834-scaled.jpg 1920w\" sizes=\"(max-width: 767px) 89vw, (max-width: 1000px) 54vw, (max-width: 1071px) 543px, 580px\" \/><\/figure><\/li><li class=\"blocks-gallery-item\"><figure><img loading=\"lazy\" width=\"1024\" height=\"768\" src=\"http:\/\/www.donbosco.cz\/wp-content\/uploads\/2023\/05\/IMG_20230516_111047-1024x768.jpg\" alt=\"\" data-id=\"3151\" data-full-url=\"http:\/\/www.donbosco.cz\/wp-content\/uploads\/2023\/05\/IMG_20230516_111047-scaled.jpg\" data-link=\"https:\/\/www.donbosco.cz\/img_20230516_111047\/\" class=\"wp-image-3151\" srcset=\"https:\/\/www.donbosco.cz\/wp-content\/uploads\/2023\/05\/IMG_20230516_111047-1024x768.jpg 1024w, https:\/\/www.donbosco.cz\/wp-content\/uploads\/2023\/05\/IMG_20230516_111047-300x225.jpg 300w, https:\/\/www.donbosco.cz\/wp-content\/uploads\/2023\/05\/IMG_20230516_111047-768x576.jpg 768w, https:\/\/www.donbosco.cz\/wp-content\/uploads\/2023\/05\/IMG_20230516_111047-1536x1152.jpg 1536w, https:\/\/www.donbosco.cz\/wp-content\/uploads\/2023\/05\/IMG_20230516_111047-2048x1536.jpg 2048w\" sizes=\"(max-width: 767px) 89vw, (max-width: 1000px) 54vw, (max-width: 1071px) 543px, 580px\" \/><\/figure><\/li><li class=\"blocks-gallery-item\"><figure><img loading=\"lazy\" width=\"1024\" height=\"768\" src=\"http:\/\/www.donbosco.cz\/wp-content\/uploads\/2023\/05\/IMG_20230516_111116-1024x768.jpg\" alt=\"\" data-id=\"3152\" data-full-url=\"http:\/\/www.donbosco.cz\/wp-content\/uploads\/2023\/05\/IMG_20230516_111116-scaled.jpg\" data-link=\"https:\/\/www.donbosco.cz\/img_20230516_111116\/\" class=\"wp-image-3152\" srcset=\"https:\/\/www.donbosco.cz\/wp-content\/uploads\/2023\/05\/IMG_20230516_111116-1024x768.jpg 1024w, https:\/\/www.donbosco.cz\/wp-content\/uploads\/2023\/05\/IMG_20230516_111116-300x225.jpg 300w, https:\/\/www.donbosco.cz\/wp-content\/uploads\/2023\/05\/IMG_20230516_111116-768x576.jpg 768w, https:\/\/www.donbosco.cz\/wp-content\/uploads\/2023\/05\/IMG_20230516_111116-1536x1152.jpg 1536w, https:\/\/www.donbosco.cz\/wp-content\/uploads\/2023\/05\/IMG_20230516_111116-2048x1536.jpg 2048w\" sizes=\"(max-width: 767px) 89vw, (max-width: 1000px) 54vw, (max-width: 1071px) 543px, 580px\" \/><\/figure><\/li><li class=\"blocks-gallery-item\"><figure><img loading=\"lazy\" width=\"768\" height=\"1024\" src=\"http:\/\/www.donbosco.cz\/wp-content\/uploads\/2023\/05\/IMG_20230516_114257-768x1024.jpg\" alt=\"\" data-id=\"3153\" data-full-url=\"http:\/\/www.donbosco.cz\/wp-content\/uploads\/2023\/05\/IMG_20230516_114257-scaled.jpg\" data-link=\"https:\/\/www.donbosco.cz\/img_20230516_114257\/\" class=\"wp-image-3153\" srcset=\"https:\/\/www.donbosco.cz\/wp-content\/uploads\/2023\/05\/IMG_20230516_114257-768x1024.jpg 768w, https:\/\/www.donbosco.cz\/wp-content\/uploads\/2023\/05\/IMG_20230516_114257-225x300.jpg 225w, https:\/\/www.donbosco.cz\/wp-content\/uploads\/2023\/05\/IMG_20230516_114257-1152x1536.jpg 1152w, https:\/\/www.donbosco.cz\/wp-content\/uploads\/2023\/05\/IMG_20230516_114257-1536x2048.jpg 1536w, https:\/\/www.donbosco.cz\/wp-content\/uploads\/2023\/05\/IMG_20230516_114257-scaled.jpg 1920w\" sizes=\"(max-width: 767px) 89vw, (max-width: 1000px) 54vw, (max-width: 1071px) 543px, 580px\" \/><\/figure><\/li><li class=\"blocks-gallery-item\"><figure><img loading=\"lazy\" width=\"768\" height=\"1024\" src=\"http:\/\/www.donbosco.cz\/wp-content\/uploads\/2023\/05\/IMG_20230516_114704-768x1024.jpg\" alt=\"\" data-id=\"3155\" data-full-url=\"http:\/\/www.donbosco.cz\/wp-content\/uploads\/2023\/05\/IMG_20230516_114704-scaled.jpg\" data-link=\"https:\/\/www.donbosco.cz\/img_20230516_114704\/\" class=\"wp-image-3155\" srcset=\"https:\/\/www.donbosco.cz\/wp-content\/uploads\/2023\/05\/IMG_20230516_114704-768x1024.jpg 768w, https:\/\/www.donbosco.cz\/wp-content\/uploads\/2023\/05\/IMG_20230516_114704-225x300.jpg 225w, https:\/\/www.donbosco.cz\/wp-content\/uploads\/2023\/05\/IMG_20230516_114704-1152x1536.jpg 1152w, https:\/\/www.donbosco.cz\/wp-content\/uploads\/2023\/05\/IMG_20230516_114704-1536x2048.jpg 1536w, https:\/\/www.donbosco.cz\/wp-content\/uploads\/2023\/05\/IMG_20230516_114704-scaled.jpg 1920w\" sizes=\"(max-width: 767px) 89vw, (max-width: 1000px) 54vw, (max-width: 1071px) 543px, 580px\" \/><\/figure><\/li><li class=\"blocks-gallery-item\"><figure><img loading=\"lazy\" width=\"768\" height=\"1024\" src=\"http:\/\/www.donbosco.cz\/wp-content\/uploads\/2023\/05\/IMG_20230516_114714-768x1024.jpg\" alt=\"\" data-id=\"3156\" data-full-url=\"http:\/\/www.donbosco.cz\/wp-content\/uploads\/2023\/05\/IMG_20230516_114714-scaled.jpg\" data-link=\"https:\/\/www.donbosco.cz\/img_20230516_114714\/\" class=\"wp-image-3156\" srcset=\"https:\/\/www.donbosco.cz\/wp-content\/uploads\/2023\/05\/IMG_20230516_114714-768x1024.jpg 768w, https:\/\/www.donbosco.cz\/wp-content\/uploads\/2023\/05\/IMG_20230516_114714-225x300.jpg 225w, https:\/\/www.donbosco.cz\/wp-content\/uploads\/2023\/05\/IMG_20230516_114714-1152x1536.jpg 1152w, https:\/\/www.donbosco.cz\/wp-content\/uploads\/2023\/05\/IMG_20230516_114714-1536x2048.jpg 1536w, https:\/\/www.donbosco.cz\/wp-content\/uploads\/2023\/05\/IMG_20230516_114714-scaled.jpg 1920w\" sizes=\"(max-width: 767px) 89vw, (max-width: 1000px) 54vw, (max-width: 1071px) 543px, 580px\" \/><\/figure><\/li><li class=\"blocks-gallery-item\"><figure><img loading=\"lazy\" width=\"768\" height=\"1024\" src=\"http:\/\/www.donbosco.cz\/wp-content\/uploads\/2023\/05\/IMG_20230516_114901-768x1024.jpg\" alt=\"\" data-id=\"3137\" data-full-url=\"http:\/\/www.donbosco.cz\/wp-content\/uploads\/2023\/05\/IMG_20230516_114901-scaled.jpg\" data-link=\"https:\/\/www.donbosco.cz\/img_20230516_114901\/\" class=\"wp-image-3137\" srcset=\"https:\/\/www.donbosco.cz\/wp-content\/uploads\/2023\/05\/IMG_20230516_114901-768x1024.jpg 768w, https:\/\/www.donbosco.cz\/wp-content\/uploads\/2023\/05\/IMG_20230516_114901-225x300.jpg 225w, https:\/\/www.donbosco.cz\/wp-content\/uploads\/2023\/05\/IMG_20230516_114901-1152x1536.jpg 1152w, https:\/\/www.donbosco.cz\/wp-content\/uploads\/2023\/05\/IMG_20230516_114901-1536x2048.jpg 1536w, https:\/\/www.donbosco.cz\/wp-content\/uploads\/2023\/05\/IMG_20230516_114901-scaled.jpg 1920w\" sizes=\"(max-width: 767px) 89vw, (max-width: 1000px) 54vw, (max-width: 1071px) 543px, 580px\" \/><\/figure><\/li><li class=\"blocks-gallery-item\"><figure><img loading=\"lazy\" width=\"768\" height=\"1024\" src=\"http:\/\/www.donbosco.cz\/wp-content\/uploads\/2023\/05\/IMG_20230516_115619-768x1024.jpg\" alt=\"\" data-id=\"3138\" data-full-url=\"http:\/\/www.donbosco.cz\/wp-content\/uploads\/2023\/05\/IMG_20230516_115619-scaled.jpg\" data-link=\"https:\/\/www.donbosco.cz\/img_20230516_115619\/\" class=\"wp-image-3138\" srcset=\"https:\/\/www.donbosco.cz\/wp-content\/uploads\/2023\/05\/IMG_20230516_115619-768x1024.jpg 768w, https:\/\/www.donbosco.cz\/wp-content\/uploads\/2023\/05\/IMG_20230516_115619-225x300.jpg 225w, https:\/\/www.donbosco.cz\/wp-content\/uploads\/2023\/05\/IMG_20230516_115619-1152x1536.jpg 1152w, https:\/\/www.donbosco.cz\/wp-content\/uploads\/2023\/05\/IMG_20230516_115619-1536x2048.jpg 1536w, https:\/\/www.donbosco.cz\/wp-content\/uploads\/2023\/05\/IMG_20230516_115619-scaled.jpg 1920w\" sizes=\"(max-width: 767px) 89vw, (max-width: 1000px) 54vw, (max-width: 1071px) 543px, 580px\" \/><\/figure><\/li><li class=\"blocks-gallery-item\"><figure><img loading=\"lazy\" width=\"768\" height=\"1024\" src=\"http:\/\/www.donbosco.cz\/wp-content\/uploads\/2023\/05\/IMG_20230516_115804-768x1024.jpg\" alt=\"\" data-id=\"3139\" data-full-url=\"http:\/\/www.donbosco.cz\/wp-content\/uploads\/2023\/05\/IMG_20230516_115804-scaled.jpg\" data-link=\"https:\/\/www.donbosco.cz\/img_20230516_115804\/\" class=\"wp-image-3139\" srcset=\"https:\/\/www.donbosco.cz\/wp-content\/uploads\/2023\/05\/IMG_20230516_115804-768x1024.jpg 768w, https:\/\/www.donbosco.cz\/wp-content\/uploads\/2023\/05\/IMG_20230516_115804-225x300.jpg 225w, https:\/\/www.donbosco.cz\/wp-content\/uploads\/2023\/05\/IMG_20230516_115804-1152x1536.jpg 1152w, https:\/\/www.donbosco.cz\/wp-content\/uploads\/2023\/05\/IMG_20230516_115804-1536x2048.jpg 1536w, https:\/\/www.donbosco.cz\/wp-content\/uploads\/2023\/05\/IMG_20230516_115804-scaled.jpg 1920w\" sizes=\"(max-width: 767px) 89vw, (max-width: 1000px) 54vw, (max-width: 1071px) 543px, 580px\" \/><\/figure><\/li><\/ul><\/figure>\n","protected":false},"excerpt":{"rendered":"","protected":false},"author":5,"featured_media":0,"parent":0,"menu_order":0,"comment_status":"closed","ping_status":"closed","template":"","meta":[],"_links":{"self":[{"href":"https:\/\/www.donbosco.cz\/index.php\/wp-json\/wp\/v2\/pages\/3157"}],"collection":[{"href":"https:\/\/www.donbosco.cz\/index.php\/wp-json\/wp\/v2\/pages"}],"about":[{"href":"https:\/\/www.donbosco.cz\/index.php\/wp-json\/wp\/v2\/types\/page"}],"author":[{"embeddable":true,"href":"https:\/\/www.donbosco.cz\/index.php\/wp-json\/wp\/v2\/users\/5"}],"replies":[{"embeddable":true,"href":"https:\/\/www.donbosco.cz\/index.php\/wp-json\/wp\/v2\/comments?post=3157"}],"version-history":[{"count":1,"href":"https:\/\/www.donbosco.cz\/index.php\/wp-json\/wp\/v2\/pages\/3157\/revisions"}],"predecessor-version":[{"id":3158,"href":"https:\/\/www.donbosco.cz\/index.php\/wp-json\/wp\/v2\/pages\/3157\/revisions\/3158"}],"wp:attachment":[{"href":"https:\/\/www.donbosco.cz\/index.php\/wp-json\/wp\/v2\/media?parent=3157"}],"curies":[{"name":"wp","href":"https:\/\/api.w.org\/{rel}","templated":true}]}}