{"id":2853,"date":"2022-12-23T15:41:12","date_gmt":"2022-12-23T15:41:12","guid":{"rendered":"https:\/\/www.donbosco.cz\/?page_id=2853"},"modified":"2022-12-23T15:41:12","modified_gmt":"2022-12-23T15:41:12","slug":"vanocni-mse","status":"publish","type":"page","link":"https:\/\/www.donbosco.cz\/index.php\/vanocni-mse\/","title":{"rendered":"V\u00e1no\u010dn\u00ed m\u0161e"},"content":{"rendered":"\n<figure class=\"wp-block-gallery columns-4 is-cropped\"><ul class=\"blocks-gallery-grid\"><li class=\"blocks-gallery-item\"><figure><a href=\"http:\/\/www.donbosco.cz\/wp-content\/uploads\/2022\/12\/IMG_5772.jpg\"><img loading=\"lazy\" width=\"320\" height=\"240\" src=\"http:\/\/www.donbosco.cz\/wp-content\/uploads\/2022\/12\/IMG_5772.jpg\" alt=\"\" data-id=\"2846\" data-full-url=\"http:\/\/www.donbosco.cz\/wp-content\/uploads\/2022\/12\/IMG_5772.jpg\" data-link=\"https:\/\/www.donbosco.cz\/img_5772\/\" class=\"wp-image-2846\" srcset=\"https:\/\/www.donbosco.cz\/wp-content\/uploads\/2022\/12\/IMG_5772.jpg 320w, https:\/\/www.donbosco.cz\/wp-content\/uploads\/2022\/12\/IMG_5772-300x225.jpg 300w\" sizes=\"(max-width: 320px) 100vw, 320px\" \/><\/a><\/figure><\/li><li class=\"blocks-gallery-item\"><figure><a href=\"http:\/\/www.donbosco.cz\/wp-content\/uploads\/2022\/12\/IMG_5774.jpg\"><img loading=\"lazy\" width=\"240\" height=\"180\" src=\"http:\/\/www.donbosco.cz\/wp-content\/uploads\/2022\/12\/IMG_5774.jpg\" alt=\"\" data-id=\"2848\" data-full-url=\"http:\/\/www.donbosco.cz\/wp-content\/uploads\/2022\/12\/IMG_5774.jpg\" data-link=\"https:\/\/www.donbosco.cz\/img_5774\/\" class=\"wp-image-2848\"\/><\/a><\/figure><\/li><li class=\"blocks-gallery-item\"><figure><a href=\"http:\/\/www.donbosco.cz\/wp-content\/uploads\/2022\/12\/IMG_5773.jpg\"><img loading=\"lazy\" width=\"180\" height=\"240\" src=\"http:\/\/www.donbosco.cz\/wp-content\/uploads\/2022\/12\/IMG_5773.jpg\" alt=\"\" data-id=\"2847\" data-full-url=\"http:\/\/www.donbosco.cz\/wp-content\/uploads\/2022\/12\/IMG_5773.jpg\" data-link=\"https:\/\/www.donbosco.cz\/img_5773\/\" class=\"wp-image-2847\"\/><\/a><\/figure><\/li><li class=\"blocks-gallery-item\"><figure><a href=\"http:\/\/www.donbosco.cz\/wp-content\/uploads\/2022\/12\/IMG_5776.jpg\"><img loading=\"lazy\" width=\"320\" height=\"240\" src=\"http:\/\/www.donbosco.cz\/wp-content\/uploads\/2022\/12\/IMG_5776.jpg\" alt=\"\" data-id=\"2849\" data-full-url=\"http:\/\/www.donbosco.cz\/wp-content\/uploads\/2022\/12\/IMG_5776.jpg\" data-link=\"https:\/\/www.donbosco.cz\/img_5776\/\" class=\"wp-image-2849\" srcset=\"https:\/\/www.donbosco.cz\/wp-content\/uploads\/2022\/12\/IMG_5776.jpg 320w, https:\/\/www.donbosco.cz\/wp-content\/uploads\/2022\/12\/IMG_5776-300x225.jpg 300w\" sizes=\"(max-width: 320px) 100vw, 320px\" \/><\/a><\/figure><\/li><li class=\"blocks-gallery-item\"><figure><a href=\"http:\/\/www.donbosco.cz\/wp-content\/uploads\/2022\/12\/IMG_5778-1.jpg\"><img loading=\"lazy\" width=\"320\" height=\"240\" src=\"http:\/\/www.donbosco.cz\/wp-content\/uploads\/2022\/12\/IMG_5778-1.jpg\" alt=\"\" data-id=\"2850\" data-full-url=\"http:\/\/www.donbosco.cz\/wp-content\/uploads\/2022\/12\/IMG_5778-1.jpg\" data-link=\"https:\/\/www.donbosco.cz\/img_5778-1\/\" class=\"wp-image-2850\" srcset=\"https:\/\/www.donbosco.cz\/wp-content\/uploads\/2022\/12\/IMG_5778-1.jpg 320w, https:\/\/www.donbosco.cz\/wp-content\/uploads\/2022\/12\/IMG_5778-1-300x225.jpg 300w\" sizes=\"(max-width: 320px) 100vw, 320px\" \/><\/a><\/figure><\/li><li class=\"blocks-gallery-item\"><figure><a href=\"http:\/\/www.donbosco.cz\/wp-content\/uploads\/2022\/12\/IMG_5782.jpg\"><img loading=\"lazy\" width=\"120\" height=\"160\" src=\"http:\/\/www.donbosco.cz\/wp-content\/uploads\/2022\/12\/IMG_5782.jpg\" alt=\"\" data-id=\"2852\" data-full-url=\"http:\/\/www.donbosco.cz\/wp-content\/uploads\/2022\/12\/IMG_5782.jpg\" data-link=\"https:\/\/www.donbosco.cz\/img_5782\/\" class=\"wp-image-2852\"\/><\/a><\/figure><\/li><li class=\"blocks-gallery-item\"><figure><a href=\"http:\/\/www.donbosco.cz\/wp-content\/uploads\/2022\/12\/IMG_5781-1.jpg\"><img loading=\"lazy\" width=\"320\" height=\"240\" src=\"http:\/\/www.donbosco.cz\/wp-content\/uploads\/2022\/12\/IMG_5781-1.jpg\" alt=\"\" data-id=\"2851\" data-full-url=\"http:\/\/www.donbosco.cz\/wp-content\/uploads\/2022\/12\/IMG_5781-1.jpg\" data-link=\"https:\/\/www.donbosco.cz\/img_5781-1\/\" class=\"wp-image-2851\" srcset=\"https:\/\/www.donbosco.cz\/wp-content\/uploads\/2022\/12\/IMG_5781-1.jpg 320w, https:\/\/www.donbosco.cz\/wp-content\/uploads\/2022\/12\/IMG_5781-1-300x225.jpg 300w\" sizes=\"(max-width: 320px) 100vw, 320px\" \/><\/a><\/figure><\/li><\/ul><\/figure>\n","protected":false},"excerpt":{"rendered":"","protected":false},"author":5,"featured_media":0,"parent":0,"menu_order":0,"comment_status":"closed","ping_status":"closed","template":"","meta":[],"_links":{"self":[{"href":"https:\/\/www.donbosco.cz\/index.php\/wp-json\/wp\/v2\/pages\/2853"}],"collection":[{"href":"https:\/\/www.donbosco.cz\/index.php\/wp-json\/wp\/v2\/pages"}],"about":[{"href":"https:\/\/www.donbosco.cz\/index.php\/wp-json\/wp\/v2\/types\/page"}],"author":[{"embeddable":true,"href":"https:\/\/www.donbosco.cz\/index.php\/wp-json\/wp\/v2\/users\/5"}],"replies":[{"embeddable":true,"href":"https:\/\/www.donbosco.cz\/index.php\/wp-json\/wp\/v2\/comments?post=2853"}],"version-history":[{"count":1,"href":"https:\/\/www.donbosco.cz\/index.php\/wp-json\/wp\/v2\/pages\/2853\/revisions"}],"predecessor-version":[{"id":2854,"href":"https:\/\/www.donbosco.cz\/index.php\/wp-json\/wp\/v2\/pages\/2853\/revisions\/2854"}],"wp:attachment":[{"href":"https:\/\/www.donbosco.cz\/index.php\/wp-json\/wp\/v2\/media?parent=2853"}],"curies":[{"name":"wp","href":"https:\/\/api.w.org\/{rel}","templated":true}]}}