{"id":2682,"date":"2022-10-29T09:00:50","date_gmt":"2022-10-29T09:00:50","guid":{"rendered":"https:\/\/www.donbosco.cz\/?page_id=2682"},"modified":"2022-10-29T09:00:50","modified_gmt":"2022-10-29T09:00:50","slug":"planetarium-6-a-7-tridy","status":"publish","type":"page","link":"https:\/\/www.donbosco.cz\/index.php\/planetarium-6-a-7-tridy\/","title":{"rendered":"Planet\u00e1rium 6. a 7. t\u0159\u00eddy"},"content":{"rendered":"\n<figure class=\"wp-block-gallery columns-3 is-cropped\"><ul class=\"blocks-gallery-grid\"><li class=\"blocks-gallery-item\"><figure><a href=\"http:\/\/www.donbosco.cz\/wp-content\/uploads\/2022\/10\/IMG_20220922_105404-scaled.jpg\"><img loading=\"lazy\" width=\"1024\" height=\"768\" src=\"http:\/\/www.donbosco.cz\/wp-content\/uploads\/2022\/10\/IMG_20220922_105404-1024x768.jpg\" alt=\"\" data-id=\"2670\" data-full-url=\"http:\/\/www.donbosco.cz\/wp-content\/uploads\/2022\/10\/IMG_20220922_105404-scaled.jpg\" data-link=\"https:\/\/www.donbosco.cz\/img_20220922_105404\/\" class=\"wp-image-2670\" srcset=\"https:\/\/www.donbosco.cz\/wp-content\/uploads\/2022\/10\/IMG_20220922_105404-1024x768.jpg 1024w, https:\/\/www.donbosco.cz\/wp-content\/uploads\/2022\/10\/IMG_20220922_105404-300x225.jpg 300w, https:\/\/www.donbosco.cz\/wp-content\/uploads\/2022\/10\/IMG_20220922_105404-768x576.jpg 768w, https:\/\/www.donbosco.cz\/wp-content\/uploads\/2022\/10\/IMG_20220922_105404-1536x1152.jpg 1536w, https:\/\/www.donbosco.cz\/wp-content\/uploads\/2022\/10\/IMG_20220922_105404-2048x1536.jpg 2048w\" sizes=\"(max-width: 767px) 89vw, (max-width: 1000px) 54vw, (max-width: 1071px) 543px, 580px\" \/><\/a><\/figure><\/li><li class=\"blocks-gallery-item\"><figure><a href=\"http:\/\/www.donbosco.cz\/wp-content\/uploads\/2022\/10\/IMG_20220922_105434-scaled.jpg\"><img loading=\"lazy\" width=\"768\" height=\"1024\" src=\"http:\/\/www.donbosco.cz\/wp-content\/uploads\/2022\/10\/IMG_20220922_105434-768x1024.jpg\" alt=\"\" data-id=\"2671\" data-full-url=\"http:\/\/www.donbosco.cz\/wp-content\/uploads\/2022\/10\/IMG_20220922_105434-scaled.jpg\" data-link=\"https:\/\/www.donbosco.cz\/img_20220922_105434\/\" class=\"wp-image-2671\" srcset=\"https:\/\/www.donbosco.cz\/wp-content\/uploads\/2022\/10\/IMG_20220922_105434-768x1024.jpg 768w, https:\/\/www.donbosco.cz\/wp-content\/uploads\/2022\/10\/IMG_20220922_105434-225x300.jpg 225w, https:\/\/www.donbosco.cz\/wp-content\/uploads\/2022\/10\/IMG_20220922_105434-1152x1536.jpg 1152w, https:\/\/www.donbosco.cz\/wp-content\/uploads\/2022\/10\/IMG_20220922_105434-1536x2048.jpg 1536w, https:\/\/www.donbosco.cz\/wp-content\/uploads\/2022\/10\/IMG_20220922_105434-scaled.jpg 1920w\" sizes=\"(max-width: 767px) 89vw, (max-width: 1000px) 54vw, (max-width: 1071px) 543px, 580px\" \/><\/a><\/figure><\/li><li class=\"blocks-gallery-item\"><figure><a href=\"http:\/\/www.donbosco.cz\/wp-content\/uploads\/2022\/10\/IMG_20220922_105547-1-scaled.jpg\"><img loading=\"lazy\" width=\"1024\" height=\"768\" src=\"http:\/\/www.donbosco.cz\/wp-content\/uploads\/2022\/10\/IMG_20220922_105547-1-1024x768.jpg\" alt=\"\" data-id=\"2678\" data-full-url=\"http:\/\/www.donbosco.cz\/wp-content\/uploads\/2022\/10\/IMG_20220922_105547-1-scaled.jpg\" data-link=\"https:\/\/www.donbosco.cz\/img_20220922_105547-2\/\" class=\"wp-image-2678\" srcset=\"https:\/\/www.donbosco.cz\/wp-content\/uploads\/2022\/10\/IMG_20220922_105547-1-1024x768.jpg 1024w, https:\/\/www.donbosco.cz\/wp-content\/uploads\/2022\/10\/IMG_20220922_105547-1-300x225.jpg 300w, https:\/\/www.donbosco.cz\/wp-content\/uploads\/2022\/10\/IMG_20220922_105547-1-768x576.jpg 768w, https:\/\/www.donbosco.cz\/wp-content\/uploads\/2022\/10\/IMG_20220922_105547-1-1536x1152.jpg 1536w, https:\/\/www.donbosco.cz\/wp-content\/uploads\/2022\/10\/IMG_20220922_105547-1-2048x1536.jpg 2048w\" sizes=\"(max-width: 767px) 89vw, (max-width: 1000px) 54vw, (max-width: 1071px) 543px, 580px\" \/><\/a><\/figure><\/li><li class=\"blocks-gallery-item\"><figure><a href=\"http:\/\/www.donbosco.cz\/wp-content\/uploads\/2022\/10\/IMG_20220922_105553-1-scaled.jpg\"><img loading=\"lazy\" width=\"768\" height=\"1024\" src=\"http:\/\/www.donbosco.cz\/wp-content\/uploads\/2022\/10\/IMG_20220922_105553-1-768x1024.jpg\" alt=\"\" data-id=\"2679\" data-full-url=\"http:\/\/www.donbosco.cz\/wp-content\/uploads\/2022\/10\/IMG_20220922_105553-1-scaled.jpg\" data-link=\"https:\/\/www.donbosco.cz\/img_20220922_105553-2\/\" class=\"wp-image-2679\" srcset=\"https:\/\/www.donbosco.cz\/wp-content\/uploads\/2022\/10\/IMG_20220922_105553-1-768x1024.jpg 768w, https:\/\/www.donbosco.cz\/wp-content\/uploads\/2022\/10\/IMG_20220922_105553-1-225x300.jpg 225w, https:\/\/www.donbosco.cz\/wp-content\/uploads\/2022\/10\/IMG_20220922_105553-1-1152x1536.jpg 1152w, https:\/\/www.donbosco.cz\/wp-content\/uploads\/2022\/10\/IMG_20220922_105553-1-1536x2048.jpg 1536w, https:\/\/www.donbosco.cz\/wp-content\/uploads\/2022\/10\/IMG_20220922_105553-1-scaled.jpg 1920w\" sizes=\"(max-width: 767px) 89vw, (max-width: 1000px) 54vw, (max-width: 1071px) 543px, 580px\" \/><\/a><\/figure><\/li><li class=\"blocks-gallery-item\"><figure><a href=\"http:\/\/www.donbosco.cz\/wp-content\/uploads\/2022\/10\/IMG_20220922_105641-1-scaled.jpg\"><img loading=\"lazy\" width=\"768\" height=\"1024\" src=\"http:\/\/www.donbosco.cz\/wp-content\/uploads\/2022\/10\/IMG_20220922_105641-1-768x1024.jpg\" alt=\"\" data-id=\"2680\" data-full-url=\"http:\/\/www.donbosco.cz\/wp-content\/uploads\/2022\/10\/IMG_20220922_105641-1-scaled.jpg\" data-link=\"https:\/\/www.donbosco.cz\/img_20220922_105641-2\/\" class=\"wp-image-2680\" srcset=\"https:\/\/www.donbosco.cz\/wp-content\/uploads\/2022\/10\/IMG_20220922_105641-1-768x1024.jpg 768w, https:\/\/www.donbosco.cz\/wp-content\/uploads\/2022\/10\/IMG_20220922_105641-1-225x300.jpg 225w, https:\/\/www.donbosco.cz\/wp-content\/uploads\/2022\/10\/IMG_20220922_105641-1-1152x1536.jpg 1152w, https:\/\/www.donbosco.cz\/wp-content\/uploads\/2022\/10\/IMG_20220922_105641-1-1536x2048.jpg 1536w, https:\/\/www.donbosco.cz\/wp-content\/uploads\/2022\/10\/IMG_20220922_105641-1-scaled.jpg 1920w\" sizes=\"(max-width: 767px) 89vw, (max-width: 1000px) 54vw, (max-width: 1071px) 543px, 580px\" \/><\/a><\/figure><\/li><li class=\"blocks-gallery-item\"><figure><a href=\"http:\/\/www.donbosco.cz\/wp-content\/uploads\/2022\/10\/IMG_20220922_105656-1-scaled.jpg\"><img loading=\"lazy\" width=\"768\" height=\"1024\" src=\"http:\/\/www.donbosco.cz\/wp-content\/uploads\/2022\/10\/IMG_20220922_105656-1-768x1024.jpg\" alt=\"\" data-id=\"2681\" data-full-url=\"http:\/\/www.donbosco.cz\/wp-content\/uploads\/2022\/10\/IMG_20220922_105656-1-scaled.jpg\" data-link=\"https:\/\/www.donbosco.cz\/img_20220922_105656-2\/\" class=\"wp-image-2681\" srcset=\"https:\/\/www.donbosco.cz\/wp-content\/uploads\/2022\/10\/IMG_20220922_105656-1-768x1024.jpg 768w, https:\/\/www.donbosco.cz\/wp-content\/uploads\/2022\/10\/IMG_20220922_105656-1-225x300.jpg 225w, https:\/\/www.donbosco.cz\/wp-content\/uploads\/2022\/10\/IMG_20220922_105656-1-1152x1536.jpg 1152w, https:\/\/www.donbosco.cz\/wp-content\/uploads\/2022\/10\/IMG_20220922_105656-1-1536x2048.jpg 1536w, https:\/\/www.donbosco.cz\/wp-content\/uploads\/2022\/10\/IMG_20220922_105656-1-scaled.jpg 1920w\" sizes=\"(max-width: 767px) 89vw, (max-width: 1000px) 54vw, (max-width: 1071px) 543px, 580px\" \/><\/a><\/figure><\/li><\/ul><\/figure>\n","protected":false},"excerpt":{"rendered":"","protected":false},"author":5,"featured_media":0,"parent":0,"menu_order":0,"comment_status":"closed","ping_status":"closed","template":"","meta":[],"_links":{"self":[{"href":"https:\/\/www.donbosco.cz\/index.php\/wp-json\/wp\/v2\/pages\/2682"}],"collection":[{"href":"https:\/\/www.donbosco.cz\/index.php\/wp-json\/wp\/v2\/pages"}],"about":[{"href":"https:\/\/www.donbosco.cz\/index.php\/wp-json\/wp\/v2\/types\/page"}],"author":[{"embeddable":true,"href":"https:\/\/www.donbosco.cz\/index.php\/wp-json\/wp\/v2\/users\/5"}],"replies":[{"embeddable":true,"href":"https:\/\/www.donbosco.cz\/index.php\/wp-json\/wp\/v2\/comments?post=2682"}],"version-history":[{"count":1,"href":"https:\/\/www.donbosco.cz\/index.php\/wp-json\/wp\/v2\/pages\/2682\/revisions"}],"predecessor-version":[{"id":2683,"href":"https:\/\/www.donbosco.cz\/index.php\/wp-json\/wp\/v2\/pages\/2682\/revisions\/2683"}],"wp:attachment":[{"href":"https:\/\/www.donbosco.cz\/index.php\/wp-json\/wp\/v2\/media?parent=2682"}],"curies":[{"name":"wp","href":"https:\/\/api.w.org\/{rel}","templated":true}]}}