{"id":2574,"date":"2022-06-29T06:45:56","date_gmt":"2022-06-29T06:45:56","guid":{"rendered":"https:\/\/www.donbosco.cz\/?page_id=2574"},"modified":"2022-06-29T06:45:56","modified_gmt":"2022-06-29T06:45:56","slug":"louceni-s-devataky","status":"publish","type":"page","link":"https:\/\/www.donbosco.cz\/index.php\/louceni-s-devataky\/","title":{"rendered":"Lou\u010den\u00ed s dev\u00e1\u0165\u00e1ky"},"content":{"rendered":"\n<figure class=\"wp-block-gallery columns-5 is-cropped\"><ul class=\"blocks-gallery-grid\"><li class=\"blocks-gallery-item\"><figure><a href=\"http:\/\/www.donbosco.cz\/wp-content\/uploads\/2022\/06\/001-1-scaled.jpg\"><img loading=\"lazy\" width=\"1024\" height=\"768\" src=\"http:\/\/www.donbosco.cz\/wp-content\/uploads\/2022\/06\/001-1-1024x768.jpg\" alt=\"\" data-id=\"2551\" data-full-url=\"http:\/\/www.donbosco.cz\/wp-content\/uploads\/2022\/06\/001-1-scaled.jpg\" data-link=\"https:\/\/www.donbosco.cz\/001-2\/\" class=\"wp-image-2551\" srcset=\"https:\/\/www.donbosco.cz\/wp-content\/uploads\/2022\/06\/001-1-1024x768.jpg 1024w, https:\/\/www.donbosco.cz\/wp-content\/uploads\/2022\/06\/001-1-300x225.jpg 300w, https:\/\/www.donbosco.cz\/wp-content\/uploads\/2022\/06\/001-1-768x576.jpg 768w, https:\/\/www.donbosco.cz\/wp-content\/uploads\/2022\/06\/001-1-1536x1152.jpg 1536w, https:\/\/www.donbosco.cz\/wp-content\/uploads\/2022\/06\/001-1-2048x1536.jpg 2048w\" sizes=\"(max-width: 767px) 89vw, (max-width: 1000px) 54vw, (max-width: 1071px) 543px, 580px\" \/><\/a><\/figure><\/li><li class=\"blocks-gallery-item\"><figure><a href=\"http:\/\/www.donbosco.cz\/wp-content\/uploads\/2022\/06\/002-1-scaled.jpg\"><img loading=\"lazy\" width=\"1024\" height=\"768\" src=\"http:\/\/www.donbosco.cz\/wp-content\/uploads\/2022\/06\/002-1-1024x768.jpg\" alt=\"\" data-id=\"2552\" data-full-url=\"http:\/\/www.donbosco.cz\/wp-content\/uploads\/2022\/06\/002-1-scaled.jpg\" data-link=\"https:\/\/www.donbosco.cz\/002-2\/\" class=\"wp-image-2552\" srcset=\"https:\/\/www.donbosco.cz\/wp-content\/uploads\/2022\/06\/002-1-1024x768.jpg 1024w, https:\/\/www.donbosco.cz\/wp-content\/uploads\/2022\/06\/002-1-300x225.jpg 300w, https:\/\/www.donbosco.cz\/wp-content\/uploads\/2022\/06\/002-1-768x576.jpg 768w, https:\/\/www.donbosco.cz\/wp-content\/uploads\/2022\/06\/002-1-1536x1152.jpg 1536w, https:\/\/www.donbosco.cz\/wp-content\/uploads\/2022\/06\/002-1-2048x1536.jpg 2048w\" sizes=\"(max-width: 767px) 89vw, (max-width: 1000px) 54vw, (max-width: 1071px) 543px, 580px\" \/><\/a><\/figure><\/li><li class=\"blocks-gallery-item\"><figure><a href=\"http:\/\/www.donbosco.cz\/wp-content\/uploads\/2022\/06\/003-1-scaled.jpg\"><img loading=\"lazy\" width=\"1024\" height=\"768\" src=\"http:\/\/www.donbosco.cz\/wp-content\/uploads\/2022\/06\/003-1-1024x768.jpg\" alt=\"\" data-id=\"2553\" data-full-url=\"http:\/\/www.donbosco.cz\/wp-content\/uploads\/2022\/06\/003-1-scaled.jpg\" data-link=\"https:\/\/www.donbosco.cz\/003-2\/\" class=\"wp-image-2553\" srcset=\"https:\/\/www.donbosco.cz\/wp-content\/uploads\/2022\/06\/003-1-1024x768.jpg 1024w, https:\/\/www.donbosco.cz\/wp-content\/uploads\/2022\/06\/003-1-300x225.jpg 300w, https:\/\/www.donbosco.cz\/wp-content\/uploads\/2022\/06\/003-1-768x576.jpg 768w, https:\/\/www.donbosco.cz\/wp-content\/uploads\/2022\/06\/003-1-1536x1152.jpg 1536w, https:\/\/www.donbosco.cz\/wp-content\/uploads\/2022\/06\/003-1-2048x1536.jpg 2048w\" sizes=\"(max-width: 767px) 89vw, (max-width: 1000px) 54vw, (max-width: 1071px) 543px, 580px\" \/><\/a><\/figure><\/li><li class=\"blocks-gallery-item\"><figure><a href=\"http:\/\/www.donbosco.cz\/wp-content\/uploads\/2022\/06\/004-1-scaled.jpg\"><img loading=\"lazy\" width=\"1024\" height=\"768\" src=\"http:\/\/www.donbosco.cz\/wp-content\/uploads\/2022\/06\/004-1-1024x768.jpg\" alt=\"\" data-id=\"2554\" data-full-url=\"http:\/\/www.donbosco.cz\/wp-content\/uploads\/2022\/06\/004-1-scaled.jpg\" data-link=\"https:\/\/www.donbosco.cz\/004-2\/\" class=\"wp-image-2554\" srcset=\"https:\/\/www.donbosco.cz\/wp-content\/uploads\/2022\/06\/004-1-1024x768.jpg 1024w, https:\/\/www.donbosco.cz\/wp-content\/uploads\/2022\/06\/004-1-300x225.jpg 300w, https:\/\/www.donbosco.cz\/wp-content\/uploads\/2022\/06\/004-1-768x576.jpg 768w, https:\/\/www.donbosco.cz\/wp-content\/uploads\/2022\/06\/004-1-1536x1152.jpg 1536w, https:\/\/www.donbosco.cz\/wp-content\/uploads\/2022\/06\/004-1-2048x1536.jpg 2048w\" sizes=\"(max-width: 767px) 89vw, (max-width: 1000px) 54vw, (max-width: 1071px) 543px, 580px\" \/><\/a><\/figure><\/li><li class=\"blocks-gallery-item\"><figure><a href=\"http:\/\/www.donbosco.cz\/wp-content\/uploads\/2022\/06\/005-scaled.jpg\"><img loading=\"lazy\" width=\"1024\" height=\"768\" src=\"http:\/\/www.donbosco.cz\/wp-content\/uploads\/2022\/06\/005-1024x768.jpg\" alt=\"\" data-id=\"2555\" data-full-url=\"http:\/\/www.donbosco.cz\/wp-content\/uploads\/2022\/06\/005-scaled.jpg\" data-link=\"https:\/\/www.donbosco.cz\/005\/\" class=\"wp-image-2555\" srcset=\"https:\/\/www.donbosco.cz\/wp-content\/uploads\/2022\/06\/005-1024x768.jpg 1024w, https:\/\/www.donbosco.cz\/wp-content\/uploads\/2022\/06\/005-300x225.jpg 300w, https:\/\/www.donbosco.cz\/wp-content\/uploads\/2022\/06\/005-768x576.jpg 768w, https:\/\/www.donbosco.cz\/wp-content\/uploads\/2022\/06\/005-1536x1152.jpg 1536w, https:\/\/www.donbosco.cz\/wp-content\/uploads\/2022\/06\/005-2048x1536.jpg 2048w\" sizes=\"(max-width: 767px) 89vw, (max-width: 1000px) 54vw, (max-width: 1071px) 543px, 580px\" \/><\/a><\/figure><\/li><li class=\"blocks-gallery-item\"><figure><a href=\"http:\/\/www.donbosco.cz\/wp-content\/uploads\/2022\/06\/006-scaled.jpg\"><img loading=\"lazy\" width=\"1024\" height=\"768\" src=\"http:\/\/www.donbosco.cz\/wp-content\/uploads\/2022\/06\/006-1024x768.jpg\" alt=\"\" data-id=\"2556\" data-full-url=\"http:\/\/www.donbosco.cz\/wp-content\/uploads\/2022\/06\/006-scaled.jpg\" data-link=\"https:\/\/www.donbosco.cz\/006\/\" class=\"wp-image-2556\" srcset=\"https:\/\/www.donbosco.cz\/wp-content\/uploads\/2022\/06\/006-1024x768.jpg 1024w, https:\/\/www.donbosco.cz\/wp-content\/uploads\/2022\/06\/006-300x225.jpg 300w, https:\/\/www.donbosco.cz\/wp-content\/uploads\/2022\/06\/006-768x576.jpg 768w, https:\/\/www.donbosco.cz\/wp-content\/uploads\/2022\/06\/006-1536x1152.jpg 1536w, https:\/\/www.donbosco.cz\/wp-content\/uploads\/2022\/06\/006-2048x1536.jpg 2048w\" sizes=\"(max-width: 767px) 89vw, (max-width: 1000px) 54vw, (max-width: 1071px) 543px, 580px\" \/><\/a><\/figure><\/li><li class=\"blocks-gallery-item\"><figure><a href=\"http:\/\/www.donbosco.cz\/wp-content\/uploads\/2022\/06\/007-scaled.jpg\"><img loading=\"lazy\" width=\"1024\" height=\"768\" src=\"http:\/\/www.donbosco.cz\/wp-content\/uploads\/2022\/06\/007-1024x768.jpg\" alt=\"\" data-id=\"2557\" data-full-url=\"http:\/\/www.donbosco.cz\/wp-content\/uploads\/2022\/06\/007-scaled.jpg\" data-link=\"https:\/\/www.donbosco.cz\/007\/\" class=\"wp-image-2557\" srcset=\"https:\/\/www.donbosco.cz\/wp-content\/uploads\/2022\/06\/007-1024x768.jpg 1024w, https:\/\/www.donbosco.cz\/wp-content\/uploads\/2022\/06\/007-300x225.jpg 300w, https:\/\/www.donbosco.cz\/wp-content\/uploads\/2022\/06\/007-768x576.jpg 768w, https:\/\/www.donbosco.cz\/wp-content\/uploads\/2022\/06\/007-1536x1152.jpg 1536w, https:\/\/www.donbosco.cz\/wp-content\/uploads\/2022\/06\/007-2048x1536.jpg 2048w\" sizes=\"(max-width: 767px) 89vw, (max-width: 1000px) 54vw, (max-width: 1071px) 543px, 580px\" \/><\/a><\/figure><\/li><li class=\"blocks-gallery-item\"><figure><a href=\"http:\/\/www.donbosco.cz\/wp-content\/uploads\/2022\/06\/008-scaled.jpg\"><img loading=\"lazy\" width=\"1024\" height=\"768\" src=\"http:\/\/www.donbosco.cz\/wp-content\/uploads\/2022\/06\/008-1024x768.jpg\" alt=\"\" data-id=\"2558\" data-full-url=\"http:\/\/www.donbosco.cz\/wp-content\/uploads\/2022\/06\/008-scaled.jpg\" data-link=\"https:\/\/www.donbosco.cz\/008\/\" class=\"wp-image-2558\" srcset=\"https:\/\/www.donbosco.cz\/wp-content\/uploads\/2022\/06\/008-1024x768.jpg 1024w, https:\/\/www.donbosco.cz\/wp-content\/uploads\/2022\/06\/008-300x225.jpg 300w, https:\/\/www.donbosco.cz\/wp-content\/uploads\/2022\/06\/008-768x576.jpg 768w, https:\/\/www.donbosco.cz\/wp-content\/uploads\/2022\/06\/008-1536x1152.jpg 1536w, https:\/\/www.donbosco.cz\/wp-content\/uploads\/2022\/06\/008-2048x1536.jpg 2048w\" sizes=\"(max-width: 767px) 89vw, (max-width: 1000px) 54vw, (max-width: 1071px) 543px, 580px\" \/><\/a><\/figure><\/li><li class=\"blocks-gallery-item\"><figure><a href=\"http:\/\/www.donbosco.cz\/wp-content\/uploads\/2022\/06\/009-scaled.jpg\"><img loading=\"lazy\" width=\"1024\" height=\"768\" src=\"http:\/\/www.donbosco.cz\/wp-content\/uploads\/2022\/06\/009-1024x768.jpg\" alt=\"\" data-id=\"2559\" data-full-url=\"http:\/\/www.donbosco.cz\/wp-content\/uploads\/2022\/06\/009-scaled.jpg\" data-link=\"https:\/\/www.donbosco.cz\/009\/\" class=\"wp-image-2559\" srcset=\"https:\/\/www.donbosco.cz\/wp-content\/uploads\/2022\/06\/009-1024x768.jpg 1024w, https:\/\/www.donbosco.cz\/wp-content\/uploads\/2022\/06\/009-300x225.jpg 300w, https:\/\/www.donbosco.cz\/wp-content\/uploads\/2022\/06\/009-768x576.jpg 768w, https:\/\/www.donbosco.cz\/wp-content\/uploads\/2022\/06\/009-1536x1152.jpg 1536w, https:\/\/www.donbosco.cz\/wp-content\/uploads\/2022\/06\/009-2048x1536.jpg 2048w\" sizes=\"(max-width: 767px) 89vw, (max-width: 1000px) 54vw, (max-width: 1071px) 543px, 580px\" \/><\/a><\/figure><\/li><li class=\"blocks-gallery-item\"><figure><a href=\"http:\/\/www.donbosco.cz\/wp-content\/uploads\/2022\/06\/010-scaled.jpg\"><img loading=\"lazy\" width=\"1024\" height=\"768\" src=\"http:\/\/www.donbosco.cz\/wp-content\/uploads\/2022\/06\/010-1024x768.jpg\" alt=\"\" data-id=\"2560\" data-full-url=\"http:\/\/www.donbosco.cz\/wp-content\/uploads\/2022\/06\/010-scaled.jpg\" data-link=\"https:\/\/www.donbosco.cz\/010\/\" class=\"wp-image-2560\" srcset=\"https:\/\/www.donbosco.cz\/wp-content\/uploads\/2022\/06\/010-1024x768.jpg 1024w, https:\/\/www.donbosco.cz\/wp-content\/uploads\/2022\/06\/010-300x225.jpg 300w, https:\/\/www.donbosco.cz\/wp-content\/uploads\/2022\/06\/010-768x576.jpg 768w, https:\/\/www.donbosco.cz\/wp-content\/uploads\/2022\/06\/010-1536x1152.jpg 1536w, https:\/\/www.donbosco.cz\/wp-content\/uploads\/2022\/06\/010-2048x1536.jpg 2048w\" sizes=\"(max-width: 767px) 89vw, (max-width: 1000px) 54vw, (max-width: 1071px) 543px, 580px\" \/><\/a><\/figure><\/li><li class=\"blocks-gallery-item\"><figure><a href=\"http:\/\/www.donbosco.cz\/wp-content\/uploads\/2022\/06\/011-scaled.jpg\"><img loading=\"lazy\" width=\"1024\" height=\"768\" src=\"http:\/\/www.donbosco.cz\/wp-content\/uploads\/2022\/06\/011-1024x768.jpg\" alt=\"\" data-id=\"2561\" data-full-url=\"http:\/\/www.donbosco.cz\/wp-content\/uploads\/2022\/06\/011-scaled.jpg\" data-link=\"https:\/\/www.donbosco.cz\/011\/\" class=\"wp-image-2561\" srcset=\"https:\/\/www.donbosco.cz\/wp-content\/uploads\/2022\/06\/011-1024x768.jpg 1024w, https:\/\/www.donbosco.cz\/wp-content\/uploads\/2022\/06\/011-300x225.jpg 300w, https:\/\/www.donbosco.cz\/wp-content\/uploads\/2022\/06\/011-768x576.jpg 768w, https:\/\/www.donbosco.cz\/wp-content\/uploads\/2022\/06\/011-1536x1152.jpg 1536w, https:\/\/www.donbosco.cz\/wp-content\/uploads\/2022\/06\/011-2048x1536.jpg 2048w\" sizes=\"(max-width: 767px) 89vw, (max-width: 1000px) 54vw, (max-width: 1071px) 543px, 580px\" \/><\/a><\/figure><\/li><li class=\"blocks-gallery-item\"><figure><a href=\"http:\/\/www.donbosco.cz\/wp-content\/uploads\/2022\/06\/012-scaled.jpg\"><img loading=\"lazy\" width=\"1024\" height=\"768\" src=\"http:\/\/www.donbosco.cz\/wp-content\/uploads\/2022\/06\/012-1024x768.jpg\" alt=\"\" data-id=\"2562\" data-full-url=\"http:\/\/www.donbosco.cz\/wp-content\/uploads\/2022\/06\/012-scaled.jpg\" data-link=\"https:\/\/www.donbosco.cz\/012\/\" class=\"wp-image-2562\" srcset=\"https:\/\/www.donbosco.cz\/wp-content\/uploads\/2022\/06\/012-1024x768.jpg 1024w, https:\/\/www.donbosco.cz\/wp-content\/uploads\/2022\/06\/012-300x225.jpg 300w, https:\/\/www.donbosco.cz\/wp-content\/uploads\/2022\/06\/012-768x576.jpg 768w, https:\/\/www.donbosco.cz\/wp-content\/uploads\/2022\/06\/012-1536x1152.jpg 1536w, https:\/\/www.donbosco.cz\/wp-content\/uploads\/2022\/06\/012-2048x1536.jpg 2048w\" sizes=\"(max-width: 767px) 89vw, (max-width: 1000px) 54vw, (max-width: 1071px) 543px, 580px\" \/><\/a><\/figure><\/li><li class=\"blocks-gallery-item\"><figure><a href=\"http:\/\/www.donbosco.cz\/wp-content\/uploads\/2022\/06\/013-scaled.jpg\"><img loading=\"lazy\" width=\"1024\" height=\"768\" src=\"http:\/\/www.donbosco.cz\/wp-content\/uploads\/2022\/06\/013-1024x768.jpg\" alt=\"\" data-id=\"2563\" data-full-url=\"http:\/\/www.donbosco.cz\/wp-content\/uploads\/2022\/06\/013-scaled.jpg\" data-link=\"https:\/\/www.donbosco.cz\/013\/\" class=\"wp-image-2563\" srcset=\"https:\/\/www.donbosco.cz\/wp-content\/uploads\/2022\/06\/013-1024x768.jpg 1024w, https:\/\/www.donbosco.cz\/wp-content\/uploads\/2022\/06\/013-300x225.jpg 300w, https:\/\/www.donbosco.cz\/wp-content\/uploads\/2022\/06\/013-768x576.jpg 768w, https:\/\/www.donbosco.cz\/wp-content\/uploads\/2022\/06\/013-1536x1152.jpg 1536w, https:\/\/www.donbosco.cz\/wp-content\/uploads\/2022\/06\/013-2048x1536.jpg 2048w\" sizes=\"(max-width: 767px) 89vw, (max-width: 1000px) 54vw, (max-width: 1071px) 543px, 580px\" \/><\/a><\/figure><\/li><li class=\"blocks-gallery-item\"><figure><a href=\"http:\/\/www.donbosco.cz\/wp-content\/uploads\/2022\/06\/014-scaled.jpg\"><img loading=\"lazy\" width=\"1024\" height=\"768\" src=\"http:\/\/www.donbosco.cz\/wp-content\/uploads\/2022\/06\/014-1024x768.jpg\" alt=\"\" data-id=\"2564\" data-full-url=\"http:\/\/www.donbosco.cz\/wp-content\/uploads\/2022\/06\/014-scaled.jpg\" data-link=\"https:\/\/www.donbosco.cz\/014\/\" class=\"wp-image-2564\" srcset=\"https:\/\/www.donbosco.cz\/wp-content\/uploads\/2022\/06\/014-1024x768.jpg 1024w, https:\/\/www.donbosco.cz\/wp-content\/uploads\/2022\/06\/014-300x225.jpg 300w, https:\/\/www.donbosco.cz\/wp-content\/uploads\/2022\/06\/014-768x576.jpg 768w, https:\/\/www.donbosco.cz\/wp-content\/uploads\/2022\/06\/014-1536x1152.jpg 1536w, https:\/\/www.donbosco.cz\/wp-content\/uploads\/2022\/06\/014-2048x1536.jpg 2048w\" sizes=\"(max-width: 767px) 89vw, (max-width: 1000px) 54vw, (max-width: 1071px) 543px, 580px\" \/><\/a><\/figure><\/li><li class=\"blocks-gallery-item\"><figure><a href=\"http:\/\/www.donbosco.cz\/wp-content\/uploads\/2022\/06\/015-scaled.jpg\"><img loading=\"lazy\" width=\"1024\" height=\"768\" src=\"http:\/\/www.donbosco.cz\/wp-content\/uploads\/2022\/06\/015-1024x768.jpg\" alt=\"\" data-id=\"2565\" data-full-url=\"http:\/\/www.donbosco.cz\/wp-content\/uploads\/2022\/06\/015-scaled.jpg\" data-link=\"https:\/\/www.donbosco.cz\/015\/\" class=\"wp-image-2565\" srcset=\"https:\/\/www.donbosco.cz\/wp-content\/uploads\/2022\/06\/015-1024x768.jpg 1024w, https:\/\/www.donbosco.cz\/wp-content\/uploads\/2022\/06\/015-300x225.jpg 300w, https:\/\/www.donbosco.cz\/wp-content\/uploads\/2022\/06\/015-768x576.jpg 768w, https:\/\/www.donbosco.cz\/wp-content\/uploads\/2022\/06\/015-1536x1152.jpg 1536w, https:\/\/www.donbosco.cz\/wp-content\/uploads\/2022\/06\/015-2048x1536.jpg 2048w\" sizes=\"(max-width: 767px) 89vw, (max-width: 1000px) 54vw, (max-width: 1071px) 543px, 580px\" \/><\/a><\/figure><\/li><li class=\"blocks-gallery-item\"><figure><a href=\"http:\/\/www.donbosco.cz\/wp-content\/uploads\/2022\/06\/016-scaled.jpg\"><img loading=\"lazy\" width=\"1024\" height=\"768\" src=\"http:\/\/www.donbosco.cz\/wp-content\/uploads\/2022\/06\/016-1024x768.jpg\" alt=\"\" data-id=\"2566\" data-full-url=\"http:\/\/www.donbosco.cz\/wp-content\/uploads\/2022\/06\/016-scaled.jpg\" data-link=\"https:\/\/www.donbosco.cz\/016\/\" class=\"wp-image-2566\" srcset=\"https:\/\/www.donbosco.cz\/wp-content\/uploads\/2022\/06\/016-1024x768.jpg 1024w, https:\/\/www.donbosco.cz\/wp-content\/uploads\/2022\/06\/016-300x225.jpg 300w, https:\/\/www.donbosco.cz\/wp-content\/uploads\/2022\/06\/016-768x576.jpg 768w, https:\/\/www.donbosco.cz\/wp-content\/uploads\/2022\/06\/016-1536x1152.jpg 1536w, https:\/\/www.donbosco.cz\/wp-content\/uploads\/2022\/06\/016-2048x1536.jpg 2048w\" sizes=\"(max-width: 767px) 89vw, (max-width: 1000px) 54vw, (max-width: 1071px) 543px, 580px\" \/><\/a><\/figure><\/li><li class=\"blocks-gallery-item\"><figure><a href=\"http:\/\/www.donbosco.cz\/wp-content\/uploads\/2022\/06\/017-scaled.jpg\"><img loading=\"lazy\" width=\"1024\" height=\"768\" src=\"http:\/\/www.donbosco.cz\/wp-content\/uploads\/2022\/06\/017-1024x768.jpg\" alt=\"\" data-id=\"2567\" data-full-url=\"http:\/\/www.donbosco.cz\/wp-content\/uploads\/2022\/06\/017-scaled.jpg\" data-link=\"https:\/\/www.donbosco.cz\/017\/\" class=\"wp-image-2567\" srcset=\"https:\/\/www.donbosco.cz\/wp-content\/uploads\/2022\/06\/017-1024x768.jpg 1024w, https:\/\/www.donbosco.cz\/wp-content\/uploads\/2022\/06\/017-300x225.jpg 300w, https:\/\/www.donbosco.cz\/wp-content\/uploads\/2022\/06\/017-768x576.jpg 768w, https:\/\/www.donbosco.cz\/wp-content\/uploads\/2022\/06\/017-1536x1152.jpg 1536w, https:\/\/www.donbosco.cz\/wp-content\/uploads\/2022\/06\/017-2048x1536.jpg 2048w\" sizes=\"(max-width: 767px) 89vw, (max-width: 1000px) 54vw, (max-width: 1071px) 543px, 580px\" \/><\/a><\/figure><\/li><li class=\"blocks-gallery-item\"><figure><a href=\"http:\/\/www.donbosco.cz\/wp-content\/uploads\/2022\/06\/018-scaled.jpg\"><img loading=\"lazy\" width=\"1024\" height=\"768\" src=\"http:\/\/www.donbosco.cz\/wp-content\/uploads\/2022\/06\/018-1024x768.jpg\" alt=\"\" data-id=\"2568\" data-full-url=\"http:\/\/www.donbosco.cz\/wp-content\/uploads\/2022\/06\/018-scaled.jpg\" data-link=\"https:\/\/www.donbosco.cz\/018\/\" class=\"wp-image-2568\" srcset=\"https:\/\/www.donbosco.cz\/wp-content\/uploads\/2022\/06\/018-1024x768.jpg 1024w, https:\/\/www.donbosco.cz\/wp-content\/uploads\/2022\/06\/018-300x225.jpg 300w, https:\/\/www.donbosco.cz\/wp-content\/uploads\/2022\/06\/018-768x576.jpg 768w, https:\/\/www.donbosco.cz\/wp-content\/uploads\/2022\/06\/018-1536x1152.jpg 1536w, https:\/\/www.donbosco.cz\/wp-content\/uploads\/2022\/06\/018-2048x1536.jpg 2048w\" sizes=\"(max-width: 767px) 89vw, (max-width: 1000px) 54vw, (max-width: 1071px) 543px, 580px\" \/><\/a><\/figure><\/li><li class=\"blocks-gallery-item\"><figure><a href=\"http:\/\/www.donbosco.cz\/wp-content\/uploads\/2022\/06\/019-scaled.jpg\"><img loading=\"lazy\" width=\"1024\" height=\"768\" src=\"http:\/\/www.donbosco.cz\/wp-content\/uploads\/2022\/06\/019-1024x768.jpg\" alt=\"\" data-id=\"2569\" data-full-url=\"http:\/\/www.donbosco.cz\/wp-content\/uploads\/2022\/06\/019-scaled.jpg\" data-link=\"https:\/\/www.donbosco.cz\/019\/\" class=\"wp-image-2569\" srcset=\"https:\/\/www.donbosco.cz\/wp-content\/uploads\/2022\/06\/019-1024x768.jpg 1024w, https:\/\/www.donbosco.cz\/wp-content\/uploads\/2022\/06\/019-300x225.jpg 300w, https:\/\/www.donbosco.cz\/wp-content\/uploads\/2022\/06\/019-768x576.jpg 768w, https:\/\/www.donbosco.cz\/wp-content\/uploads\/2022\/06\/019-1536x1152.jpg 1536w, https:\/\/www.donbosco.cz\/wp-content\/uploads\/2022\/06\/019-2048x1536.jpg 2048w\" sizes=\"(max-width: 767px) 89vw, (max-width: 1000px) 54vw, (max-width: 1071px) 543px, 580px\" \/><\/a><\/figure><\/li><li class=\"blocks-gallery-item\"><figure><a href=\"http:\/\/www.donbosco.cz\/wp-content\/uploads\/2022\/06\/021-scaled.jpg\"><img loading=\"lazy\" width=\"768\" height=\"1024\" src=\"http:\/\/www.donbosco.cz\/wp-content\/uploads\/2022\/06\/021-768x1024.jpg\" alt=\"\" data-id=\"2571\" data-full-url=\"http:\/\/www.donbosco.cz\/wp-content\/uploads\/2022\/06\/021-scaled.jpg\" data-link=\"https:\/\/www.donbosco.cz\/021\/\" class=\"wp-image-2571\" srcset=\"https:\/\/www.donbosco.cz\/wp-content\/uploads\/2022\/06\/021-768x1024.jpg 768w, https:\/\/www.donbosco.cz\/wp-content\/uploads\/2022\/06\/021-225x300.jpg 225w, https:\/\/www.donbosco.cz\/wp-content\/uploads\/2022\/06\/021-1152x1536.jpg 1152w, https:\/\/www.donbosco.cz\/wp-content\/uploads\/2022\/06\/021-1536x2048.jpg 1536w, https:\/\/www.donbosco.cz\/wp-content\/uploads\/2022\/06\/021-scaled.jpg 1920w\" sizes=\"(max-width: 767px) 89vw, (max-width: 1000px) 54vw, (max-width: 1071px) 543px, 580px\" \/><\/a><\/figure><\/li><li class=\"blocks-gallery-item\"><figure><a href=\"http:\/\/www.donbosco.cz\/wp-content\/uploads\/2022\/06\/020-scaled.jpg\"><img loading=\"lazy\" width=\"1024\" height=\"523\" src=\"http:\/\/www.donbosco.cz\/wp-content\/uploads\/2022\/06\/020-1024x523.jpg\" alt=\"\" data-id=\"2570\" data-full-url=\"http:\/\/www.donbosco.cz\/wp-content\/uploads\/2022\/06\/020-scaled.jpg\" data-link=\"https:\/\/www.donbosco.cz\/020\/\" class=\"wp-image-2570\" srcset=\"https:\/\/www.donbosco.cz\/wp-content\/uploads\/2022\/06\/020-1024x523.jpg 1024w, https:\/\/www.donbosco.cz\/wp-content\/uploads\/2022\/06\/020-300x153.jpg 300w, https:\/\/www.donbosco.cz\/wp-content\/uploads\/2022\/06\/020-768x392.jpg 768w, https:\/\/www.donbosco.cz\/wp-content\/uploads\/2022\/06\/020-1536x784.jpg 1536w, https:\/\/www.donbosco.cz\/wp-content\/uploads\/2022\/06\/020-2048x1045.jpg 2048w\" sizes=\"(max-width: 767px) 89vw, (max-width: 1000px) 54vw, (max-width: 1071px) 543px, 580px\" \/><\/a><\/figure><\/li><\/ul><\/figure>\n","protected":false},"excerpt":{"rendered":"","protected":false},"author":5,"featured_media":0,"parent":0,"menu_order":0,"comment_status":"closed","ping_status":"closed","template":"","meta":[],"_links":{"self":[{"href":"https:\/\/www.donbosco.cz\/index.php\/wp-json\/wp\/v2\/pages\/2574"}],"collection":[{"href":"https:\/\/www.donbosco.cz\/index.php\/wp-json\/wp\/v2\/pages"}],"about":[{"href":"https:\/\/www.donbosco.cz\/index.php\/wp-json\/wp\/v2\/types\/page"}],"author":[{"embeddable":true,"href":"https:\/\/www.donbosco.cz\/index.php\/wp-json\/wp\/v2\/users\/5"}],"replies":[{"embeddable":true,"href":"https:\/\/www.donbosco.cz\/index.php\/wp-json\/wp\/v2\/comments?post=2574"}],"version-history":[{"count":1,"href":"https:\/\/www.donbosco.cz\/index.php\/wp-json\/wp\/v2\/pages\/2574\/revisions"}],"predecessor-version":[{"id":2575,"href":"https:\/\/www.donbosco.cz\/index.php\/wp-json\/wp\/v2\/pages\/2574\/revisions\/2575"}],"wp:attachment":[{"href":"https:\/\/www.donbosco.cz\/index.php\/wp-json\/wp\/v2\/media?parent=2574"}],"curies":[{"name":"wp","href":"https:\/\/api.w.org\/{rel}","templated":true}]}}