{"id":2402,"date":"2022-06-16T19:11:03","date_gmt":"2022-06-16T19:11:03","guid":{"rendered":"https:\/\/www.donbosco.cz\/?page_id=2402"},"modified":"2022-06-16T19:11:03","modified_gmt":"2022-06-16T19:11:03","slug":"cervena-karkulka-vystoupeni-3-a","status":"publish","type":"page","link":"https:\/\/www.donbosco.cz\/index.php\/cervena-karkulka-vystoupeni-3-a\/","title":{"rendered":"\u010cerven\u00e1 Karkulka &#8211; vystoupen\u00ed 3. A"},"content":{"rendered":"\n<figure class=\"wp-block-gallery columns-5 is-cropped\"><ul class=\"blocks-gallery-grid\"><li class=\"blocks-gallery-item\"><figure><a href=\"http:\/\/www.donbosco.cz\/wp-content\/uploads\/2022\/06\/IMG_20220601_090805-scaled.jpg\"><img loading=\"lazy\" width=\"1024\" height=\"768\" src=\"http:\/\/www.donbosco.cz\/wp-content\/uploads\/2022\/06\/IMG_20220601_090805-1024x768.jpg\" alt=\"\" data-id=\"2393\" data-full-url=\"http:\/\/www.donbosco.cz\/wp-content\/uploads\/2022\/06\/IMG_20220601_090805-scaled.jpg\" data-link=\"https:\/\/www.donbosco.cz\/img_20220601_090805\/\" class=\"wp-image-2393\" srcset=\"https:\/\/www.donbosco.cz\/wp-content\/uploads\/2022\/06\/IMG_20220601_090805-1024x768.jpg 1024w, https:\/\/www.donbosco.cz\/wp-content\/uploads\/2022\/06\/IMG_20220601_090805-300x225.jpg 300w, https:\/\/www.donbosco.cz\/wp-content\/uploads\/2022\/06\/IMG_20220601_090805-768x576.jpg 768w, https:\/\/www.donbosco.cz\/wp-content\/uploads\/2022\/06\/IMG_20220601_090805-1536x1152.jpg 1536w, https:\/\/www.donbosco.cz\/wp-content\/uploads\/2022\/06\/IMG_20220601_090805-2048x1536.jpg 2048w\" sizes=\"(max-width: 767px) 89vw, (max-width: 1000px) 54vw, (max-width: 1071px) 543px, 580px\" \/><\/a><\/figure><\/li><li class=\"blocks-gallery-item\"><figure><a href=\"http:\/\/www.donbosco.cz\/wp-content\/uploads\/2022\/06\/IMG_20220601_091003-scaled.jpg\"><img loading=\"lazy\" width=\"1024\" height=\"768\" src=\"http:\/\/www.donbosco.cz\/wp-content\/uploads\/2022\/06\/IMG_20220601_091003-1024x768.jpg\" alt=\"\" data-id=\"2394\" data-full-url=\"http:\/\/www.donbosco.cz\/wp-content\/uploads\/2022\/06\/IMG_20220601_091003-scaled.jpg\" data-link=\"https:\/\/www.donbosco.cz\/img_20220601_091003\/\" class=\"wp-image-2394\" srcset=\"https:\/\/www.donbosco.cz\/wp-content\/uploads\/2022\/06\/IMG_20220601_091003-1024x768.jpg 1024w, https:\/\/www.donbosco.cz\/wp-content\/uploads\/2022\/06\/IMG_20220601_091003-300x225.jpg 300w, https:\/\/www.donbosco.cz\/wp-content\/uploads\/2022\/06\/IMG_20220601_091003-768x576.jpg 768w, https:\/\/www.donbosco.cz\/wp-content\/uploads\/2022\/06\/IMG_20220601_091003-1536x1152.jpg 1536w, https:\/\/www.donbosco.cz\/wp-content\/uploads\/2022\/06\/IMG_20220601_091003-2048x1536.jpg 2048w\" sizes=\"(max-width: 767px) 89vw, (max-width: 1000px) 54vw, (max-width: 1071px) 543px, 580px\" \/><\/a><\/figure><\/li><li class=\"blocks-gallery-item\"><figure><a href=\"http:\/\/www.donbosco.cz\/wp-content\/uploads\/2022\/06\/IMG_20220601_091604-scaled.jpg\"><img loading=\"lazy\" width=\"1024\" height=\"768\" src=\"http:\/\/www.donbosco.cz\/wp-content\/uploads\/2022\/06\/IMG_20220601_091604-1024x768.jpg\" alt=\"\" data-id=\"2395\" data-full-url=\"http:\/\/www.donbosco.cz\/wp-content\/uploads\/2022\/06\/IMG_20220601_091604-scaled.jpg\" data-link=\"https:\/\/www.donbosco.cz\/img_20220601_091604\/\" class=\"wp-image-2395\" srcset=\"https:\/\/www.donbosco.cz\/wp-content\/uploads\/2022\/06\/IMG_20220601_091604-1024x768.jpg 1024w, https:\/\/www.donbosco.cz\/wp-content\/uploads\/2022\/06\/IMG_20220601_091604-300x225.jpg 300w, https:\/\/www.donbosco.cz\/wp-content\/uploads\/2022\/06\/IMG_20220601_091604-768x576.jpg 768w, https:\/\/www.donbosco.cz\/wp-content\/uploads\/2022\/06\/IMG_20220601_091604-1536x1152.jpg 1536w, https:\/\/www.donbosco.cz\/wp-content\/uploads\/2022\/06\/IMG_20220601_091604-2048x1536.jpg 2048w\" sizes=\"(max-width: 767px) 89vw, (max-width: 1000px) 54vw, (max-width: 1071px) 543px, 580px\" \/><\/a><\/figure><\/li><li class=\"blocks-gallery-item\"><figure><a href=\"http:\/\/www.donbosco.cz\/wp-content\/uploads\/2022\/06\/IMG_20220601_091637-scaled.jpg\"><img loading=\"lazy\" width=\"1024\" height=\"768\" src=\"http:\/\/www.donbosco.cz\/wp-content\/uploads\/2022\/06\/IMG_20220601_091637-1024x768.jpg\" alt=\"\" data-id=\"2396\" data-full-url=\"http:\/\/www.donbosco.cz\/wp-content\/uploads\/2022\/06\/IMG_20220601_091637-scaled.jpg\" data-link=\"https:\/\/www.donbosco.cz\/img_20220601_091637\/\" class=\"wp-image-2396\" srcset=\"https:\/\/www.donbosco.cz\/wp-content\/uploads\/2022\/06\/IMG_20220601_091637-1024x768.jpg 1024w, https:\/\/www.donbosco.cz\/wp-content\/uploads\/2022\/06\/IMG_20220601_091637-300x225.jpg 300w, https:\/\/www.donbosco.cz\/wp-content\/uploads\/2022\/06\/IMG_20220601_091637-768x576.jpg 768w, https:\/\/www.donbosco.cz\/wp-content\/uploads\/2022\/06\/IMG_20220601_091637-1536x1152.jpg 1536w, https:\/\/www.donbosco.cz\/wp-content\/uploads\/2022\/06\/IMG_20220601_091637-2048x1536.jpg 2048w\" sizes=\"(max-width: 767px) 89vw, (max-width: 1000px) 54vw, (max-width: 1071px) 543px, 580px\" \/><\/a><\/figure><\/li><li class=\"blocks-gallery-item\"><figure><a href=\"http:\/\/www.donbosco.cz\/wp-content\/uploads\/2022\/06\/IMG_20220601_091645-scaled.jpg\"><img loading=\"lazy\" width=\"1024\" height=\"768\" src=\"http:\/\/www.donbosco.cz\/wp-content\/uploads\/2022\/06\/IMG_20220601_091645-1024x768.jpg\" alt=\"\" data-id=\"2397\" data-full-url=\"http:\/\/www.donbosco.cz\/wp-content\/uploads\/2022\/06\/IMG_20220601_091645-scaled.jpg\" data-link=\"https:\/\/www.donbosco.cz\/img_20220601_091645\/\" class=\"wp-image-2397\" srcset=\"https:\/\/www.donbosco.cz\/wp-content\/uploads\/2022\/06\/IMG_20220601_091645-1024x768.jpg 1024w, https:\/\/www.donbosco.cz\/wp-content\/uploads\/2022\/06\/IMG_20220601_091645-300x225.jpg 300w, https:\/\/www.donbosco.cz\/wp-content\/uploads\/2022\/06\/IMG_20220601_091645-768x576.jpg 768w, https:\/\/www.donbosco.cz\/wp-content\/uploads\/2022\/06\/IMG_20220601_091645-1536x1152.jpg 1536w, https:\/\/www.donbosco.cz\/wp-content\/uploads\/2022\/06\/IMG_20220601_091645-2048x1536.jpg 2048w\" sizes=\"(max-width: 767px) 89vw, (max-width: 1000px) 54vw, (max-width: 1071px) 543px, 580px\" \/><\/a><\/figure><\/li><li class=\"blocks-gallery-item\"><figure><a href=\"http:\/\/www.donbosco.cz\/wp-content\/uploads\/2022\/06\/IMG_20220601_091647-scaled.jpg\"><img loading=\"lazy\" width=\"1024\" height=\"768\" src=\"http:\/\/www.donbosco.cz\/wp-content\/uploads\/2022\/06\/IMG_20220601_091647-1024x768.jpg\" alt=\"\" data-id=\"2398\" data-full-url=\"http:\/\/www.donbosco.cz\/wp-content\/uploads\/2022\/06\/IMG_20220601_091647-scaled.jpg\" data-link=\"https:\/\/www.donbosco.cz\/img_20220601_091647\/\" class=\"wp-image-2398\" srcset=\"https:\/\/www.donbosco.cz\/wp-content\/uploads\/2022\/06\/IMG_20220601_091647-1024x768.jpg 1024w, https:\/\/www.donbosco.cz\/wp-content\/uploads\/2022\/06\/IMG_20220601_091647-300x225.jpg 300w, https:\/\/www.donbosco.cz\/wp-content\/uploads\/2022\/06\/IMG_20220601_091647-768x576.jpg 768w, https:\/\/www.donbosco.cz\/wp-content\/uploads\/2022\/06\/IMG_20220601_091647-1536x1152.jpg 1536w, https:\/\/www.donbosco.cz\/wp-content\/uploads\/2022\/06\/IMG_20220601_091647-2048x1536.jpg 2048w\" sizes=\"(max-width: 767px) 89vw, (max-width: 1000px) 54vw, (max-width: 1071px) 543px, 580px\" \/><\/a><\/figure><\/li><li class=\"blocks-gallery-item\"><figure><a href=\"http:\/\/www.donbosco.cz\/wp-content\/uploads\/2022\/06\/IMG_20220601_091709-scaled.jpg\"><img loading=\"lazy\" width=\"1024\" height=\"768\" src=\"http:\/\/www.donbosco.cz\/wp-content\/uploads\/2022\/06\/IMG_20220601_091709-1024x768.jpg\" alt=\"\" data-id=\"2399\" data-full-url=\"http:\/\/www.donbosco.cz\/wp-content\/uploads\/2022\/06\/IMG_20220601_091709-scaled.jpg\" data-link=\"https:\/\/www.donbosco.cz\/img_20220601_091709\/\" class=\"wp-image-2399\" srcset=\"https:\/\/www.donbosco.cz\/wp-content\/uploads\/2022\/06\/IMG_20220601_091709-1024x768.jpg 1024w, https:\/\/www.donbosco.cz\/wp-content\/uploads\/2022\/06\/IMG_20220601_091709-300x225.jpg 300w, https:\/\/www.donbosco.cz\/wp-content\/uploads\/2022\/06\/IMG_20220601_091709-768x576.jpg 768w, https:\/\/www.donbosco.cz\/wp-content\/uploads\/2022\/06\/IMG_20220601_091709-1536x1152.jpg 1536w, https:\/\/www.donbosco.cz\/wp-content\/uploads\/2022\/06\/IMG_20220601_091709-2048x1536.jpg 2048w\" sizes=\"(max-width: 767px) 89vw, (max-width: 1000px) 54vw, (max-width: 1071px) 543px, 580px\" \/><\/a><\/figure><\/li><li class=\"blocks-gallery-item\"><figure><a href=\"http:\/\/www.donbosco.cz\/wp-content\/uploads\/2022\/06\/IMG_20220601_091715-scaled.jpg\"><img loading=\"lazy\" width=\"1024\" height=\"768\" src=\"http:\/\/www.donbosco.cz\/wp-content\/uploads\/2022\/06\/IMG_20220601_091715-1024x768.jpg\" alt=\"\" data-id=\"2400\" data-full-url=\"http:\/\/www.donbosco.cz\/wp-content\/uploads\/2022\/06\/IMG_20220601_091715-scaled.jpg\" data-link=\"https:\/\/www.donbosco.cz\/img_20220601_091715\/\" class=\"wp-image-2400\" srcset=\"https:\/\/www.donbosco.cz\/wp-content\/uploads\/2022\/06\/IMG_20220601_091715-1024x768.jpg 1024w, https:\/\/www.donbosco.cz\/wp-content\/uploads\/2022\/06\/IMG_20220601_091715-300x225.jpg 300w, https:\/\/www.donbosco.cz\/wp-content\/uploads\/2022\/06\/IMG_20220601_091715-768x576.jpg 768w, https:\/\/www.donbosco.cz\/wp-content\/uploads\/2022\/06\/IMG_20220601_091715-1536x1152.jpg 1536w, https:\/\/www.donbosco.cz\/wp-content\/uploads\/2022\/06\/IMG_20220601_091715-2048x1536.jpg 2048w\" sizes=\"(max-width: 767px) 89vw, (max-width: 1000px) 54vw, (max-width: 1071px) 543px, 580px\" \/><\/a><\/figure><\/li><li class=\"blocks-gallery-item\"><figure><a href=\"http:\/\/www.donbosco.cz\/wp-content\/uploads\/2022\/06\/IMG_20220601_091940-scaled.jpg\"><img loading=\"lazy\" width=\"1024\" height=\"768\" src=\"http:\/\/www.donbosco.cz\/wp-content\/uploads\/2022\/06\/IMG_20220601_091940-1024x768.jpg\" alt=\"\" data-id=\"2401\" data-full-url=\"http:\/\/www.donbosco.cz\/wp-content\/uploads\/2022\/06\/IMG_20220601_091940-scaled.jpg\" data-link=\"https:\/\/www.donbosco.cz\/img_20220601_091940\/\" class=\"wp-image-2401\" srcset=\"https:\/\/www.donbosco.cz\/wp-content\/uploads\/2022\/06\/IMG_20220601_091940-1024x768.jpg 1024w, https:\/\/www.donbosco.cz\/wp-content\/uploads\/2022\/06\/IMG_20220601_091940-300x225.jpg 300w, https:\/\/www.donbosco.cz\/wp-content\/uploads\/2022\/06\/IMG_20220601_091940-768x576.jpg 768w, https:\/\/www.donbosco.cz\/wp-content\/uploads\/2022\/06\/IMG_20220601_091940-1536x1152.jpg 1536w, https:\/\/www.donbosco.cz\/wp-content\/uploads\/2022\/06\/IMG_20220601_091940-2048x1536.jpg 2048w\" sizes=\"(max-width: 767px) 89vw, (max-width: 1000px) 54vw, (max-width: 1071px) 543px, 580px\" \/><\/a><\/figure><\/li><\/ul><\/figure>\n","protected":false},"excerpt":{"rendered":"","protected":false},"author":5,"featured_media":0,"parent":0,"menu_order":0,"comment_status":"closed","ping_status":"closed","template":"","meta":[],"_links":{"self":[{"href":"https:\/\/www.donbosco.cz\/index.php\/wp-json\/wp\/v2\/pages\/2402"}],"collection":[{"href":"https:\/\/www.donbosco.cz\/index.php\/wp-json\/wp\/v2\/pages"}],"about":[{"href":"https:\/\/www.donbosco.cz\/index.php\/wp-json\/wp\/v2\/types\/page"}],"author":[{"embeddable":true,"href":"https:\/\/www.donbosco.cz\/index.php\/wp-json\/wp\/v2\/users\/5"}],"replies":[{"embeddable":true,"href":"https:\/\/www.donbosco.cz\/index.php\/wp-json\/wp\/v2\/comments?post=2402"}],"version-history":[{"count":1,"href":"https:\/\/www.donbosco.cz\/index.php\/wp-json\/wp\/v2\/pages\/2402\/revisions"}],"predecessor-version":[{"id":2403,"href":"https:\/\/www.donbosco.cz\/index.php\/wp-json\/wp\/v2\/pages\/2402\/revisions\/2403"}],"wp:attachment":[{"href":"https:\/\/www.donbosco.cz\/index.php\/wp-json\/wp\/v2\/media?parent=2402"}],"curies":[{"name":"wp","href":"https:\/\/api.w.org\/{rel}","templated":true}]}}