{"id":2389,"date":"2022-06-16T19:02:00","date_gmt":"2022-06-16T19:02:00","guid":{"rendered":"https:\/\/www.donbosco.cz\/?page_id=2389"},"modified":"2022-06-16T19:02:00","modified_gmt":"2022-06-16T19:02:00","slug":"5-a-v-zemedelskem-muzeu","status":"publish","type":"page","link":"https:\/\/www.donbosco.cz\/index.php\/5-a-v-zemedelskem-muzeu\/","title":{"rendered":"5. A v Zem\u011bd\u011blsk\u00e9m muzeu"},"content":{"rendered":"\n<figure class=\"wp-block-gallery columns-5 is-cropped\"><ul class=\"blocks-gallery-grid\"><li class=\"blocks-gallery-item\"><figure><a href=\"http:\/\/www.donbosco.cz\/wp-content\/uploads\/2022\/06\/IMG_20220531_091244-scaled.jpg\"><img loading=\"lazy\" width=\"768\" height=\"1024\" src=\"http:\/\/www.donbosco.cz\/wp-content\/uploads\/2022\/06\/IMG_20220531_091244-768x1024.jpg\" alt=\"\" data-id=\"2371\" data-full-url=\"http:\/\/www.donbosco.cz\/wp-content\/uploads\/2022\/06\/IMG_20220531_091244-scaled.jpg\" data-link=\"https:\/\/www.donbosco.cz\/img_20220531_091244\/\" class=\"wp-image-2371\" srcset=\"https:\/\/www.donbosco.cz\/wp-content\/uploads\/2022\/06\/IMG_20220531_091244-768x1024.jpg 768w, https:\/\/www.donbosco.cz\/wp-content\/uploads\/2022\/06\/IMG_20220531_091244-225x300.jpg 225w, https:\/\/www.donbosco.cz\/wp-content\/uploads\/2022\/06\/IMG_20220531_091244-1152x1536.jpg 1152w, https:\/\/www.donbosco.cz\/wp-content\/uploads\/2022\/06\/IMG_20220531_091244-1536x2048.jpg 1536w, https:\/\/www.donbosco.cz\/wp-content\/uploads\/2022\/06\/IMG_20220531_091244-scaled.jpg 1920w\" sizes=\"(max-width: 767px) 89vw, (max-width: 1000px) 54vw, (max-width: 1071px) 543px, 580px\" \/><\/a><\/figure><\/li><li class=\"blocks-gallery-item\"><figure><a href=\"http:\/\/www.donbosco.cz\/wp-content\/uploads\/2022\/06\/IMG_20220531_091253-scaled.jpg\"><img loading=\"lazy\" width=\"768\" height=\"1024\" src=\"http:\/\/www.donbosco.cz\/wp-content\/uploads\/2022\/06\/IMG_20220531_091253-768x1024.jpg\" alt=\"\" data-id=\"2372\" data-full-url=\"http:\/\/www.donbosco.cz\/wp-content\/uploads\/2022\/06\/IMG_20220531_091253-scaled.jpg\" data-link=\"https:\/\/www.donbosco.cz\/img_20220531_091253\/\" class=\"wp-image-2372\" srcset=\"https:\/\/www.donbosco.cz\/wp-content\/uploads\/2022\/06\/IMG_20220531_091253-768x1024.jpg 768w, https:\/\/www.donbosco.cz\/wp-content\/uploads\/2022\/06\/IMG_20220531_091253-225x300.jpg 225w, https:\/\/www.donbosco.cz\/wp-content\/uploads\/2022\/06\/IMG_20220531_091253-1152x1536.jpg 1152w, https:\/\/www.donbosco.cz\/wp-content\/uploads\/2022\/06\/IMG_20220531_091253-1536x2048.jpg 1536w, https:\/\/www.donbosco.cz\/wp-content\/uploads\/2022\/06\/IMG_20220531_091253-scaled.jpg 1920w\" sizes=\"(max-width: 767px) 89vw, (max-width: 1000px) 54vw, (max-width: 1071px) 543px, 580px\" \/><\/a><\/figure><\/li><li class=\"blocks-gallery-item\"><figure><a href=\"http:\/\/www.donbosco.cz\/wp-content\/uploads\/2022\/06\/IMG_20220531_091300-scaled.jpg\"><img loading=\"lazy\" width=\"768\" height=\"1024\" src=\"http:\/\/www.donbosco.cz\/wp-content\/uploads\/2022\/06\/IMG_20220531_091300-768x1024.jpg\" alt=\"\" data-id=\"2373\" data-full-url=\"http:\/\/www.donbosco.cz\/wp-content\/uploads\/2022\/06\/IMG_20220531_091300-scaled.jpg\" data-link=\"https:\/\/www.donbosco.cz\/img_20220531_091300\/\" class=\"wp-image-2373\" srcset=\"https:\/\/www.donbosco.cz\/wp-content\/uploads\/2022\/06\/IMG_20220531_091300-768x1024.jpg 768w, https:\/\/www.donbosco.cz\/wp-content\/uploads\/2022\/06\/IMG_20220531_091300-225x300.jpg 225w, https:\/\/www.donbosco.cz\/wp-content\/uploads\/2022\/06\/IMG_20220531_091300-1152x1536.jpg 1152w, https:\/\/www.donbosco.cz\/wp-content\/uploads\/2022\/06\/IMG_20220531_091300-1536x2048.jpg 1536w, https:\/\/www.donbosco.cz\/wp-content\/uploads\/2022\/06\/IMG_20220531_091300-scaled.jpg 1920w\" sizes=\"(max-width: 767px) 89vw, (max-width: 1000px) 54vw, (max-width: 1071px) 543px, 580px\" \/><\/a><\/figure><\/li><li class=\"blocks-gallery-item\"><figure><a href=\"http:\/\/www.donbosco.cz\/wp-content\/uploads\/2022\/06\/IMG_20220531_093008-scaled.jpg\"><img loading=\"lazy\" width=\"768\" height=\"1024\" src=\"http:\/\/www.donbosco.cz\/wp-content\/uploads\/2022\/06\/IMG_20220531_093008-768x1024.jpg\" alt=\"\" data-id=\"2374\" data-full-url=\"http:\/\/www.donbosco.cz\/wp-content\/uploads\/2022\/06\/IMG_20220531_093008-scaled.jpg\" data-link=\"https:\/\/www.donbosco.cz\/img_20220531_093008\/\" class=\"wp-image-2374\" srcset=\"https:\/\/www.donbosco.cz\/wp-content\/uploads\/2022\/06\/IMG_20220531_093008-768x1024.jpg 768w, https:\/\/www.donbosco.cz\/wp-content\/uploads\/2022\/06\/IMG_20220531_093008-225x300.jpg 225w, https:\/\/www.donbosco.cz\/wp-content\/uploads\/2022\/06\/IMG_20220531_093008-1152x1536.jpg 1152w, https:\/\/www.donbosco.cz\/wp-content\/uploads\/2022\/06\/IMG_20220531_093008-1536x2048.jpg 1536w, https:\/\/www.donbosco.cz\/wp-content\/uploads\/2022\/06\/IMG_20220531_093008-scaled.jpg 1920w\" sizes=\"(max-width: 767px) 89vw, (max-width: 1000px) 54vw, (max-width: 1071px) 543px, 580px\" \/><\/a><\/figure><\/li><li class=\"blocks-gallery-item\"><figure><a href=\"http:\/\/www.donbosco.cz\/wp-content\/uploads\/2022\/06\/IMG_20220531_093016-scaled.jpg\"><img loading=\"lazy\" width=\"768\" height=\"1024\" src=\"http:\/\/www.donbosco.cz\/wp-content\/uploads\/2022\/06\/IMG_20220531_093016-768x1024.jpg\" alt=\"\" data-id=\"2375\" data-full-url=\"http:\/\/www.donbosco.cz\/wp-content\/uploads\/2022\/06\/IMG_20220531_093016-scaled.jpg\" data-link=\"https:\/\/www.donbosco.cz\/img_20220531_093016\/\" class=\"wp-image-2375\" srcset=\"https:\/\/www.donbosco.cz\/wp-content\/uploads\/2022\/06\/IMG_20220531_093016-768x1024.jpg 768w, https:\/\/www.donbosco.cz\/wp-content\/uploads\/2022\/06\/IMG_20220531_093016-225x300.jpg 225w, https:\/\/www.donbosco.cz\/wp-content\/uploads\/2022\/06\/IMG_20220531_093016-1152x1536.jpg 1152w, https:\/\/www.donbosco.cz\/wp-content\/uploads\/2022\/06\/IMG_20220531_093016-1536x2048.jpg 1536w, https:\/\/www.donbosco.cz\/wp-content\/uploads\/2022\/06\/IMG_20220531_093016-scaled.jpg 1920w\" sizes=\"(max-width: 767px) 89vw, (max-width: 1000px) 54vw, (max-width: 1071px) 543px, 580px\" \/><\/a><\/figure><\/li><li class=\"blocks-gallery-item\"><figure><a href=\"http:\/\/www.donbosco.cz\/wp-content\/uploads\/2022\/06\/IMG_20220531_093032-scaled.jpg\"><img loading=\"lazy\" width=\"768\" height=\"1024\" src=\"http:\/\/www.donbosco.cz\/wp-content\/uploads\/2022\/06\/IMG_20220531_093032-768x1024.jpg\" alt=\"\" data-id=\"2376\" data-full-url=\"http:\/\/www.donbosco.cz\/wp-content\/uploads\/2022\/06\/IMG_20220531_093032-scaled.jpg\" data-link=\"https:\/\/www.donbosco.cz\/img_20220531_093032\/\" class=\"wp-image-2376\" srcset=\"https:\/\/www.donbosco.cz\/wp-content\/uploads\/2022\/06\/IMG_20220531_093032-768x1024.jpg 768w, https:\/\/www.donbosco.cz\/wp-content\/uploads\/2022\/06\/IMG_20220531_093032-225x300.jpg 225w, https:\/\/www.donbosco.cz\/wp-content\/uploads\/2022\/06\/IMG_20220531_093032-1152x1536.jpg 1152w, https:\/\/www.donbosco.cz\/wp-content\/uploads\/2022\/06\/IMG_20220531_093032-1536x2048.jpg 1536w, https:\/\/www.donbosco.cz\/wp-content\/uploads\/2022\/06\/IMG_20220531_093032-scaled.jpg 1920w\" sizes=\"(max-width: 767px) 89vw, (max-width: 1000px) 54vw, (max-width: 1071px) 543px, 580px\" \/><\/a><\/figure><\/li><li class=\"blocks-gallery-item\"><figure><a href=\"http:\/\/www.donbosco.cz\/wp-content\/uploads\/2022\/06\/IMG_20220531_094813-scaled.jpg\"><img loading=\"lazy\" width=\"768\" height=\"1024\" src=\"http:\/\/www.donbosco.cz\/wp-content\/uploads\/2022\/06\/IMG_20220531_094813-768x1024.jpg\" alt=\"\" data-id=\"2377\" data-full-url=\"http:\/\/www.donbosco.cz\/wp-content\/uploads\/2022\/06\/IMG_20220531_094813-scaled.jpg\" data-link=\"https:\/\/www.donbosco.cz\/img_20220531_094813\/\" class=\"wp-image-2377\" srcset=\"https:\/\/www.donbosco.cz\/wp-content\/uploads\/2022\/06\/IMG_20220531_094813-768x1024.jpg 768w, https:\/\/www.donbosco.cz\/wp-content\/uploads\/2022\/06\/IMG_20220531_094813-225x300.jpg 225w, https:\/\/www.donbosco.cz\/wp-content\/uploads\/2022\/06\/IMG_20220531_094813-1152x1536.jpg 1152w, https:\/\/www.donbosco.cz\/wp-content\/uploads\/2022\/06\/IMG_20220531_094813-1536x2048.jpg 1536w, https:\/\/www.donbosco.cz\/wp-content\/uploads\/2022\/06\/IMG_20220531_094813-scaled.jpg 1920w\" sizes=\"(max-width: 767px) 89vw, (max-width: 1000px) 54vw, (max-width: 1071px) 543px, 580px\" \/><\/a><\/figure><\/li><li class=\"blocks-gallery-item\"><figure><a href=\"http:\/\/www.donbosco.cz\/wp-content\/uploads\/2022\/06\/IMG_20220531_094831-scaled.jpg\"><img loading=\"lazy\" width=\"768\" height=\"1024\" src=\"http:\/\/www.donbosco.cz\/wp-content\/uploads\/2022\/06\/IMG_20220531_094831-768x1024.jpg\" alt=\"\" data-id=\"2378\" data-full-url=\"http:\/\/www.donbosco.cz\/wp-content\/uploads\/2022\/06\/IMG_20220531_094831-scaled.jpg\" data-link=\"https:\/\/www.donbosco.cz\/img_20220531_094831\/\" class=\"wp-image-2378\" srcset=\"https:\/\/www.donbosco.cz\/wp-content\/uploads\/2022\/06\/IMG_20220531_094831-768x1024.jpg 768w, https:\/\/www.donbosco.cz\/wp-content\/uploads\/2022\/06\/IMG_20220531_094831-225x300.jpg 225w, https:\/\/www.donbosco.cz\/wp-content\/uploads\/2022\/06\/IMG_20220531_094831-1152x1536.jpg 1152w, https:\/\/www.donbosco.cz\/wp-content\/uploads\/2022\/06\/IMG_20220531_094831-1536x2048.jpg 1536w, https:\/\/www.donbosco.cz\/wp-content\/uploads\/2022\/06\/IMG_20220531_094831-scaled.jpg 1920w\" sizes=\"(max-width: 767px) 89vw, (max-width: 1000px) 54vw, (max-width: 1071px) 543px, 580px\" \/><\/a><\/figure><\/li><li class=\"blocks-gallery-item\"><figure><a href=\"http:\/\/www.donbosco.cz\/wp-content\/uploads\/2022\/06\/IMG_20220531_095233-scaled.jpg\"><img loading=\"lazy\" width=\"768\" height=\"1024\" src=\"http:\/\/www.donbosco.cz\/wp-content\/uploads\/2022\/06\/IMG_20220531_095233-768x1024.jpg\" alt=\"\" data-id=\"2379\" data-full-url=\"http:\/\/www.donbosco.cz\/wp-content\/uploads\/2022\/06\/IMG_20220531_095233-scaled.jpg\" data-link=\"https:\/\/www.donbosco.cz\/img_20220531_095233\/\" class=\"wp-image-2379\" srcset=\"https:\/\/www.donbosco.cz\/wp-content\/uploads\/2022\/06\/IMG_20220531_095233-768x1024.jpg 768w, https:\/\/www.donbosco.cz\/wp-content\/uploads\/2022\/06\/IMG_20220531_095233-225x300.jpg 225w, https:\/\/www.donbosco.cz\/wp-content\/uploads\/2022\/06\/IMG_20220531_095233-1152x1536.jpg 1152w, https:\/\/www.donbosco.cz\/wp-content\/uploads\/2022\/06\/IMG_20220531_095233-1536x2048.jpg 1536w, https:\/\/www.donbosco.cz\/wp-content\/uploads\/2022\/06\/IMG_20220531_095233-scaled.jpg 1920w\" sizes=\"(max-width: 767px) 89vw, (max-width: 1000px) 54vw, (max-width: 1071px) 543px, 580px\" \/><\/a><\/figure><\/li><li class=\"blocks-gallery-item\"><figure><a href=\"http:\/\/www.donbosco.cz\/wp-content\/uploads\/2022\/06\/IMG_20220531_095241-scaled.jpg\"><img loading=\"lazy\" width=\"768\" height=\"1024\" src=\"http:\/\/www.donbosco.cz\/wp-content\/uploads\/2022\/06\/IMG_20220531_095241-768x1024.jpg\" alt=\"\" data-id=\"2380\" data-full-url=\"http:\/\/www.donbosco.cz\/wp-content\/uploads\/2022\/06\/IMG_20220531_095241-scaled.jpg\" data-link=\"https:\/\/www.donbosco.cz\/img_20220531_095241\/\" class=\"wp-image-2380\" srcset=\"https:\/\/www.donbosco.cz\/wp-content\/uploads\/2022\/06\/IMG_20220531_095241-768x1024.jpg 768w, https:\/\/www.donbosco.cz\/wp-content\/uploads\/2022\/06\/IMG_20220531_095241-225x300.jpg 225w, https:\/\/www.donbosco.cz\/wp-content\/uploads\/2022\/06\/IMG_20220531_095241-1152x1536.jpg 1152w, https:\/\/www.donbosco.cz\/wp-content\/uploads\/2022\/06\/IMG_20220531_095241-1536x2048.jpg 1536w, https:\/\/www.donbosco.cz\/wp-content\/uploads\/2022\/06\/IMG_20220531_095241-scaled.jpg 1920w\" sizes=\"(max-width: 767px) 89vw, (max-width: 1000px) 54vw, (max-width: 1071px) 543px, 580px\" \/><\/a><\/figure><\/li><li class=\"blocks-gallery-item\"><figure><a href=\"http:\/\/www.donbosco.cz\/wp-content\/uploads\/2022\/06\/IMG_20220531_095254-scaled.jpg\"><img loading=\"lazy\" width=\"768\" height=\"1024\" src=\"http:\/\/www.donbosco.cz\/wp-content\/uploads\/2022\/06\/IMG_20220531_095254-768x1024.jpg\" alt=\"\" data-id=\"2381\" data-full-url=\"http:\/\/www.donbosco.cz\/wp-content\/uploads\/2022\/06\/IMG_20220531_095254-scaled.jpg\" data-link=\"https:\/\/www.donbosco.cz\/img_20220531_095254\/\" class=\"wp-image-2381\" srcset=\"https:\/\/www.donbosco.cz\/wp-content\/uploads\/2022\/06\/IMG_20220531_095254-768x1024.jpg 768w, https:\/\/www.donbosco.cz\/wp-content\/uploads\/2022\/06\/IMG_20220531_095254-225x300.jpg 225w, https:\/\/www.donbosco.cz\/wp-content\/uploads\/2022\/06\/IMG_20220531_095254-1152x1536.jpg 1152w, https:\/\/www.donbosco.cz\/wp-content\/uploads\/2022\/06\/IMG_20220531_095254-1536x2048.jpg 1536w, https:\/\/www.donbosco.cz\/wp-content\/uploads\/2022\/06\/IMG_20220531_095254-scaled.jpg 1920w\" sizes=\"(max-width: 767px) 89vw, (max-width: 1000px) 54vw, (max-width: 1071px) 543px, 580px\" \/><\/a><\/figure><\/li><li class=\"blocks-gallery-item\"><figure><a href=\"http:\/\/www.donbosco.cz\/wp-content\/uploads\/2022\/06\/IMG_20220531_095605-scaled.jpg\"><img loading=\"lazy\" width=\"768\" height=\"1024\" src=\"http:\/\/www.donbosco.cz\/wp-content\/uploads\/2022\/06\/IMG_20220531_095605-768x1024.jpg\" alt=\"\" data-id=\"2382\" data-full-url=\"http:\/\/www.donbosco.cz\/wp-content\/uploads\/2022\/06\/IMG_20220531_095605-scaled.jpg\" data-link=\"https:\/\/www.donbosco.cz\/img_20220531_095605\/\" class=\"wp-image-2382\" srcset=\"https:\/\/www.donbosco.cz\/wp-content\/uploads\/2022\/06\/IMG_20220531_095605-768x1024.jpg 768w, https:\/\/www.donbosco.cz\/wp-content\/uploads\/2022\/06\/IMG_20220531_095605-225x300.jpg 225w, https:\/\/www.donbosco.cz\/wp-content\/uploads\/2022\/06\/IMG_20220531_095605-1152x1536.jpg 1152w, https:\/\/www.donbosco.cz\/wp-content\/uploads\/2022\/06\/IMG_20220531_095605-1536x2048.jpg 1536w, https:\/\/www.donbosco.cz\/wp-content\/uploads\/2022\/06\/IMG_20220531_095605-scaled.jpg 1920w\" sizes=\"(max-width: 767px) 89vw, (max-width: 1000px) 54vw, (max-width: 1071px) 543px, 580px\" \/><\/a><\/figure><\/li><li class=\"blocks-gallery-item\"><figure><a href=\"http:\/\/www.donbosco.cz\/wp-content\/uploads\/2022\/06\/IMG_20220531_100003-scaled.jpg\"><img loading=\"lazy\" width=\"768\" height=\"1024\" src=\"http:\/\/www.donbosco.cz\/wp-content\/uploads\/2022\/06\/IMG_20220531_100003-768x1024.jpg\" alt=\"\" data-id=\"2383\" data-full-url=\"http:\/\/www.donbosco.cz\/wp-content\/uploads\/2022\/06\/IMG_20220531_100003-scaled.jpg\" data-link=\"https:\/\/www.donbosco.cz\/img_20220531_100003\/\" class=\"wp-image-2383\" srcset=\"https:\/\/www.donbosco.cz\/wp-content\/uploads\/2022\/06\/IMG_20220531_100003-768x1024.jpg 768w, https:\/\/www.donbosco.cz\/wp-content\/uploads\/2022\/06\/IMG_20220531_100003-225x300.jpg 225w, https:\/\/www.donbosco.cz\/wp-content\/uploads\/2022\/06\/IMG_20220531_100003-1152x1536.jpg 1152w, https:\/\/www.donbosco.cz\/wp-content\/uploads\/2022\/06\/IMG_20220531_100003-1536x2048.jpg 1536w, https:\/\/www.donbosco.cz\/wp-content\/uploads\/2022\/06\/IMG_20220531_100003-scaled.jpg 1920w\" sizes=\"(max-width: 767px) 89vw, (max-width: 1000px) 54vw, (max-width: 1071px) 543px, 580px\" \/><\/a><\/figure><\/li><li class=\"blocks-gallery-item\"><figure><a href=\"http:\/\/www.donbosco.cz\/wp-content\/uploads\/2022\/06\/IMG_20220531_100824-scaled.jpg\"><img loading=\"lazy\" width=\"768\" height=\"1024\" src=\"http:\/\/www.donbosco.cz\/wp-content\/uploads\/2022\/06\/IMG_20220531_100824-768x1024.jpg\" alt=\"\" data-id=\"2384\" data-full-url=\"http:\/\/www.donbosco.cz\/wp-content\/uploads\/2022\/06\/IMG_20220531_100824-scaled.jpg\" data-link=\"https:\/\/www.donbosco.cz\/img_20220531_100824\/\" class=\"wp-image-2384\" srcset=\"https:\/\/www.donbosco.cz\/wp-content\/uploads\/2022\/06\/IMG_20220531_100824-768x1024.jpg 768w, https:\/\/www.donbosco.cz\/wp-content\/uploads\/2022\/06\/IMG_20220531_100824-225x300.jpg 225w, https:\/\/www.donbosco.cz\/wp-content\/uploads\/2022\/06\/IMG_20220531_100824-1152x1536.jpg 1152w, https:\/\/www.donbosco.cz\/wp-content\/uploads\/2022\/06\/IMG_20220531_100824-1536x2048.jpg 1536w, https:\/\/www.donbosco.cz\/wp-content\/uploads\/2022\/06\/IMG_20220531_100824-scaled.jpg 1920w\" sizes=\"(max-width: 767px) 89vw, (max-width: 1000px) 54vw, (max-width: 1071px) 543px, 580px\" \/><\/a><\/figure><\/li><li class=\"blocks-gallery-item\"><figure><a href=\"http:\/\/www.donbosco.cz\/wp-content\/uploads\/2022\/06\/IMG_20220531_101213-scaled.jpg\"><img loading=\"lazy\" width=\"768\" height=\"1024\" src=\"http:\/\/www.donbosco.cz\/wp-content\/uploads\/2022\/06\/IMG_20220531_101213-768x1024.jpg\" alt=\"\" data-id=\"2385\" data-full-url=\"http:\/\/www.donbosco.cz\/wp-content\/uploads\/2022\/06\/IMG_20220531_101213-scaled.jpg\" data-link=\"https:\/\/www.donbosco.cz\/img_20220531_101213\/\" class=\"wp-image-2385\" srcset=\"https:\/\/www.donbosco.cz\/wp-content\/uploads\/2022\/06\/IMG_20220531_101213-768x1024.jpg 768w, https:\/\/www.donbosco.cz\/wp-content\/uploads\/2022\/06\/IMG_20220531_101213-225x300.jpg 225w, https:\/\/www.donbosco.cz\/wp-content\/uploads\/2022\/06\/IMG_20220531_101213-1152x1536.jpg 1152w, https:\/\/www.donbosco.cz\/wp-content\/uploads\/2022\/06\/IMG_20220531_101213-1536x2048.jpg 1536w, https:\/\/www.donbosco.cz\/wp-content\/uploads\/2022\/06\/IMG_20220531_101213-scaled.jpg 1920w\" sizes=\"(max-width: 767px) 89vw, (max-width: 1000px) 54vw, (max-width: 1071px) 543px, 580px\" \/><\/a><\/figure><\/li><li class=\"blocks-gallery-item\"><figure><a href=\"http:\/\/www.donbosco.cz\/wp-content\/uploads\/2022\/06\/IMG_20220531_104019-scaled.jpg\"><img loading=\"lazy\" width=\"768\" height=\"1024\" src=\"http:\/\/www.donbosco.cz\/wp-content\/uploads\/2022\/06\/IMG_20220531_104019-768x1024.jpg\" alt=\"\" data-id=\"2386\" data-full-url=\"http:\/\/www.donbosco.cz\/wp-content\/uploads\/2022\/06\/IMG_20220531_104019-scaled.jpg\" data-link=\"https:\/\/www.donbosco.cz\/img_20220531_104019\/\" class=\"wp-image-2386\" srcset=\"https:\/\/www.donbosco.cz\/wp-content\/uploads\/2022\/06\/IMG_20220531_104019-768x1024.jpg 768w, https:\/\/www.donbosco.cz\/wp-content\/uploads\/2022\/06\/IMG_20220531_104019-225x300.jpg 225w, https:\/\/www.donbosco.cz\/wp-content\/uploads\/2022\/06\/IMG_20220531_104019-1152x1536.jpg 1152w, https:\/\/www.donbosco.cz\/wp-content\/uploads\/2022\/06\/IMG_20220531_104019-1536x2048.jpg 1536w, https:\/\/www.donbosco.cz\/wp-content\/uploads\/2022\/06\/IMG_20220531_104019-scaled.jpg 1920w\" sizes=\"(max-width: 767px) 89vw, (max-width: 1000px) 54vw, (max-width: 1071px) 543px, 580px\" \/><\/a><\/figure><\/li><li class=\"blocks-gallery-item\"><figure><a href=\"http:\/\/www.donbosco.cz\/wp-content\/uploads\/2022\/06\/IMG_20220531_105325-scaled.jpg\"><img loading=\"lazy\" width=\"1024\" height=\"768\" src=\"http:\/\/www.donbosco.cz\/wp-content\/uploads\/2022\/06\/IMG_20220531_105325-1024x768.jpg\" alt=\"\" data-id=\"2387\" data-full-url=\"http:\/\/www.donbosco.cz\/wp-content\/uploads\/2022\/06\/IMG_20220531_105325-scaled.jpg\" data-link=\"https:\/\/www.donbosco.cz\/img_20220531_105325\/\" class=\"wp-image-2387\" srcset=\"https:\/\/www.donbosco.cz\/wp-content\/uploads\/2022\/06\/IMG_20220531_105325-1024x768.jpg 1024w, https:\/\/www.donbosco.cz\/wp-content\/uploads\/2022\/06\/IMG_20220531_105325-300x225.jpg 300w, https:\/\/www.donbosco.cz\/wp-content\/uploads\/2022\/06\/IMG_20220531_105325-768x576.jpg 768w, https:\/\/www.donbosco.cz\/wp-content\/uploads\/2022\/06\/IMG_20220531_105325-1536x1152.jpg 1536w, https:\/\/www.donbosco.cz\/wp-content\/uploads\/2022\/06\/IMG_20220531_105325-2048x1536.jpg 2048w\" sizes=\"(max-width: 767px) 89vw, (max-width: 1000px) 54vw, (max-width: 1071px) 543px, 580px\" \/><\/a><\/figure><\/li><li class=\"blocks-gallery-item\"><figure><a href=\"http:\/\/www.donbosco.cz\/wp-content\/uploads\/2022\/06\/IMG_20220531_105344-scaled.jpg\"><img loading=\"lazy\" width=\"1024\" height=\"768\" src=\"http:\/\/www.donbosco.cz\/wp-content\/uploads\/2022\/06\/IMG_20220531_105344-1024x768.jpg\" alt=\"\" data-id=\"2388\" data-full-url=\"http:\/\/www.donbosco.cz\/wp-content\/uploads\/2022\/06\/IMG_20220531_105344-scaled.jpg\" data-link=\"https:\/\/www.donbosco.cz\/img_20220531_105344\/\" class=\"wp-image-2388\" srcset=\"https:\/\/www.donbosco.cz\/wp-content\/uploads\/2022\/06\/IMG_20220531_105344-1024x768.jpg 1024w, https:\/\/www.donbosco.cz\/wp-content\/uploads\/2022\/06\/IMG_20220531_105344-300x225.jpg 300w, https:\/\/www.donbosco.cz\/wp-content\/uploads\/2022\/06\/IMG_20220531_105344-768x576.jpg 768w, https:\/\/www.donbosco.cz\/wp-content\/uploads\/2022\/06\/IMG_20220531_105344-1536x1152.jpg 1536w, https:\/\/www.donbosco.cz\/wp-content\/uploads\/2022\/06\/IMG_20220531_105344-2048x1536.jpg 2048w\" sizes=\"(max-width: 767px) 89vw, (max-width: 1000px) 54vw, (max-width: 1071px) 543px, 580px\" \/><\/a><\/figure><\/li><\/ul><\/figure>\n","protected":false},"excerpt":{"rendered":"","protected":false},"author":5,"featured_media":0,"parent":0,"menu_order":0,"comment_status":"closed","ping_status":"closed","template":"","meta":[],"_links":{"self":[{"href":"https:\/\/www.donbosco.cz\/index.php\/wp-json\/wp\/v2\/pages\/2389"}],"collection":[{"href":"https:\/\/www.donbosco.cz\/index.php\/wp-json\/wp\/v2\/pages"}],"about":[{"href":"https:\/\/www.donbosco.cz\/index.php\/wp-json\/wp\/v2\/types\/page"}],"author":[{"embeddable":true,"href":"https:\/\/www.donbosco.cz\/index.php\/wp-json\/wp\/v2\/users\/5"}],"replies":[{"embeddable":true,"href":"https:\/\/www.donbosco.cz\/index.php\/wp-json\/wp\/v2\/comments?post=2389"}],"version-history":[{"count":1,"href":"https:\/\/www.donbosco.cz\/index.php\/wp-json\/wp\/v2\/pages\/2389\/revisions"}],"predecessor-version":[{"id":2390,"href":"https:\/\/www.donbosco.cz\/index.php\/wp-json\/wp\/v2\/pages\/2389\/revisions\/2390"}],"wp:attachment":[{"href":"https:\/\/www.donbosco.cz\/index.php\/wp-json\/wp\/v2\/media?parent=2389"}],"curies":[{"name":"wp","href":"https:\/\/api.w.org\/{rel}","templated":true}]}}