{"id":140,"date":"2018-09-05T08:17:47","date_gmt":"2018-09-05T08:17:47","guid":{"rendered":"http:\/\/www.donbosco.cz\/?page_id=140"},"modified":"2026-03-31T17:24:41","modified_gmt":"2026-03-31T17:24:41","slug":"kontakt","status":"publish","type":"page","link":"https:\/\/www.donbosco.cz\/index.php\/o-nas\/kontakt\/","title":{"rendered":"Kontaktn\u00ed \u00fadaje"},"content":{"rendered":"\n<h3><strong>C\u00cdRKEVN\u00cd Z\u00c1KLADN\u00cd \u0160KOLA LOGOPEDICK\u00c1 DON BOSCO A MATE\u0158SK\u00c1 \u0160KOLA LOGOPEDICK\u00c1<\/strong><\/h3>\n\n\n\n<figure class=\"wp-block-table\"><table><tbody><tr><td>Pr\u00e1vn\u00ed forma:<\/td><td>\u0160kolsk\u00e1 pr\u00e1vnick\u00e1 osoba <\/td><\/tr><tr><td>I\u010cO:<\/td><td>45770301 <\/td><\/tr><tr><td>REDIZO: <\/td><td>600021254 <\/td><\/tr><tr><td> IZO Z\u0160:  <\/td><td>102401420 <\/td><\/tr><tr><td>IZO M\u0160:<\/td><td>110007565 <\/td><\/tr><\/tbody><\/table><\/figure>\n\n\n\n<p><strong>Z\u00c1KLADN\u00cd \u0160KOLA<\/strong><\/p>\n\n\n\n<figure class=\"wp-block-table\"><table><tbody><tr><td>Adresa:<\/td><td>C\u00edrkevn\u00ed z\u00e1kladn\u00ed \u0161kola logopedick\u00e1 Don Bosco<br>Dol\u00e1kova 555\/1<br>181 00 Praha 8 &#8211; Bohnice<\/td><td><\/td><\/tr><tr><td>Datov\u00e1 schr\u00e1nka: <\/td><td> ua83cft <\/td><td><\/td><\/tr><tr><td>Kontaktn\u00ed email:   <\/td><td><a href=\"mailto:info@donbosco.cz\">info@donbosco.cz<\/a><\/td><td><\/td><\/tr><tr><td>Telefonn\u00ed kontakty:<\/td><td>\u0158editelka \u0161koly <br>Mgr. Daniela \u0160pinkov\u00e1<\/td><td><br>233 556 677  <br>daniela.spinkova@donbosco.cz             <\/td><\/tr><tr><td><\/td><td>Statut\u00e1rn\u00ed z\u00e1stupce, z\u00e1stupkyn\u011b \u0159editelky pro Z\u0160 <br>Mgr. Lenka Vajdov\u00e1<\/td><td><br>233 556 677  <br>lenka.vajdova@donbosco.cz         <\/td><\/tr><tr><td><\/td><td>Z\u00e1stupkyn\u011b pro logopedickou intervenci<br>Mgr. Kate\u0159ina Denemarkov\u00e1<\/td><td><br>608 962 407<br>katerina.denemarkova@donbosco.cz       <\/td><\/tr><tr><td><\/td><td>Kaplan \u0161koly<br>P. Mgr. \u0160p\u00e1n Michael Jan O.S.B.  <\/td><td>michael.span@donbosco.cz<\/td><\/tr><tr><td><\/td><td>Kancel\u00e1\u0159  &#8211; provoz<br>Blanka Fejtkov\u00e1<br>Bc. Pavlina Hanzl\u00edkov\u00e1 <br>Ing. Simona Kar\u00e1sek<\/td><td> 283 852 124 <\/td><\/tr><\/tbody><\/table><\/figure>\n\n\n\n<p><strong>MATE\u0158SK\u00c1 \u0160KOLA<\/strong><\/p>\n\n\n\n<figure class=\"wp-block-table\"><table><tbody><tr><td>Adresa: <\/td><td>C\u00edrkevn\u00ed mate\u0159sk\u00e1 \u0161kola logopedick\u00e1 Don Bosco<br>Pozna\u0148sk\u00e1 462<br>Praha 8 &#8211; Bohnice<\/td><td><\/td><\/tr><tr><td>Kontaktn\u00ed email:    <\/td><td><a href=\"skolka@donbosco.cz\">skolka@donbosco.cz <\/a><\/td><td><\/td><\/tr><tr><td>Telefonn\u00ed kontakty:  <\/td><td>Z\u00e1stupkyn\u011b \u0159editele \u0161koly pro M\u0160                            <br>PaedDr. Blanka Housarov\u00e1, Ph.D.                                                <\/td><td><br>233 542 796       <br>blanka.housarova@donbosco.cz        <\/td><\/tr><tr><td><\/td><td>T\u0159\u00edda E &#8211; Le\u0161ensk\u00e1<\/td><td>608 751 441<\/td><\/tr><tr><td><\/td><td>Kancel\u00e1\u0159 M\u0160<\/td><td>233 542 796<\/td><\/tr><\/tbody><\/table><\/figure>\n\n\n\n<p><strong>INTERN\u00c1T<\/strong><\/p>\n\n\n\n<figure class=\"wp-block-table\"><table><tbody><tr><td> Adresa:  <\/td><td>Intern\u00e1t <br>CZ\u0160 logopedick\u00e9 Don Bosco<br>Le\u0161ensk\u00e1 548<br>181 00 Praha 8 \u2013 Bohnice<\/td><td><\/td><\/tr><tr><td>Kontaktn\u00ed email:    <\/td><td>internat@donbosco.cz<\/td><td><\/td><\/tr><tr><td>Telefonn\u00ed kontakty:   <\/td><td>Vedouc\u00ed vychovatelka<br>Jana Vok\u00e1lov\u00e1<\/td><td>603 844 990<br>jana.vokalova@donbosco.cz <\/td><\/tr><\/tbody><\/table><\/figure>\n\n\n\n<p><strong><a href=\"https:\/\/www.donbosco.cz\/index.php\/o-nas\/ucitele-zs\/\" target=\"_blank\" rel=\"noreferrer noopener\">Seznam u\u010ditel\u016f pro \u0161koln\u00ed rok 2025\/2026<\/a><\/strong><\/p>\n\n\n\n<p><strong>Z\u0158IZOVATEL ARCIBISKUPSTV\u00cd PRA\u017dSK\u00c9<\/strong><\/p>\n\n\n\n<figure class=\"wp-block-table\"><table><tbody><tr><td><br>Adresa: <\/td><td>Arcibiskupstv\u00ed pra\u017esk\u00e9<br>Hrad\u010dansk\u00e9 n\u00e1m\u011bst\u00ed 16\/56<br>119 02 Praha 1 &#8211; Hrad\u010dany<\/td><td><\/td><\/tr><tr><td>I\u010cO: <\/td><td>00445100<\/td><td><\/td><\/tr><tr><td>DI\u010c:<\/td><td>CZ699006518<\/td><td><\/td><\/tr><tr><td>Kontaktn\u00ed email:     <\/td><td>apha@apha.cz<\/td><td><\/td><\/tr><tr><td>Telefonn\u00ed kontakty:    <\/td><td>Vedouc\u00ed odboru c\u00edrkevn\u00edho \u0161kolstv\u00ed<br>PhDr. Mgr. Ond\u0159ej Mrz\u00edlek, MBA<\/td><td>734 435 045<br>ondrej.mrzilek@apha.cz<\/td><\/tr><tr><td><\/td><td>Kancel\u00e1\u0159<\/td><td>220 392 111<\/td><\/tr><\/tbody><\/table><\/figure>\n\n\n\n<p><strong>POV\u011a\u0158ENEC PRO OCHRANU OSOBN\u00cdCH \u00daDAJ\u016e<\/strong><\/p>\n\n\n\n<figure class=\"wp-block-table\"><table><tbody><tr><td>Kontaktn\u00ed \u00fadaje:<\/td><td>Pavel Havr\u00e1nek<\/td><\/tr><tr><td><\/td><td>tel.:732 278 308<\/td><\/tr><tr><td><\/td><td>havranek@gdprgov.cz <\/td><\/tr><tr><td>Datov\u00e1 schr\u00e1nka:<\/td><td>2v7awpy<\/td><\/tr><tr><td>Ozn\u00e1men\u00ed o jmenov\u00e1n\u00ed<\/td><td><a href=\"https:\/\/www.donbosco.cz\/wp-content\/uploads\/2018\/11\/ozn%C3%A1men%C3%AD-o-jmenov%C3%A1n%C3%AD-pov%C4%9B%C5%99ence.pdf\" target=\"_blank\" rel=\"noreferrer noopener\">ZDE<\/a><\/td><\/tr><\/tbody><\/table><\/figure>\n","protected":false},"excerpt":{"rendered":"<p>C\u00cdRKEVN\u00cd Z\u00c1KLADN\u00cd \u0160KOLA LOGOPEDICK\u00c1 DON BOSCO A MATE\u0158SK\u00c1 \u0160KOLA LOGOPEDICK\u00c1 Pr\u00e1vn\u00ed forma: \u0160kolsk\u00e1 pr\u00e1vnick\u00e1 osoba I\u010cO: 45770301 REDIZO: 600021254 IZO Z\u0160: 102401420 IZO M\u0160: 110007565 Z\u00c1KLADN\u00cd \u0160KOLA Adresa: C\u00edrkevn\u00ed z\u00e1kladn\u00ed \u0161kola logopedick\u00e1 Don BoscoDol\u00e1kova 555\/1181 00 Praha 8 &#8211; Bohnice Datov\u00e1 schr\u00e1nka: ua83cft Kontaktn\u00ed email: info@donbosco.cz Telefonn\u00ed kontakty: \u0158editelka \u0161koly Mgr. Daniela \u0160pinkov\u00e1 233 556 &hellip; <\/p>\n<p class=\"link-more\"><a href=\"https:\/\/www.donbosco.cz\/index.php\/o-nas\/kontakt\/\" class=\"more-link\">Pokra\u010dovat ve \u010dten\u00ed<span class=\"screen-reader-text\"> &#8222;Kontaktn\u00ed \u00fadaje&#8220;<\/span><\/a><\/p>\n","protected":false},"author":2,"featured_media":0,"parent":32,"menu_order":0,"comment_status":"closed","ping_status":"closed","template":"","meta":[],"_links":{"self":[{"href":"https:\/\/www.donbosco.cz\/index.php\/wp-json\/wp\/v2\/pages\/140"}],"collection":[{"href":"https:\/\/www.donbosco.cz\/index.php\/wp-json\/wp\/v2\/pages"}],"about":[{"href":"https:\/\/www.donbosco.cz\/index.php\/wp-json\/wp\/v2\/types\/page"}],"author":[{"embeddable":true,"href":"https:\/\/www.donbosco.cz\/index.php\/wp-json\/wp\/v2\/users\/2"}],"replies":[{"embeddable":true,"href":"https:\/\/www.donbosco.cz\/index.php\/wp-json\/wp\/v2\/comments?post=140"}],"version-history":[{"count":36,"href":"https:\/\/www.donbosco.cz\/index.php\/wp-json\/wp\/v2\/pages\/140\/revisions"}],"predecessor-version":[{"id":5466,"href":"https:\/\/www.donbosco.cz\/index.php\/wp-json\/wp\/v2\/pages\/140\/revisions\/5466"}],"up":[{"embeddable":true,"href":"https:\/\/www.donbosco.cz\/index.php\/wp-json\/wp\/v2\/pages\/32"}],"wp:attachment":[{"href":"https:\/\/www.donbosco.cz\/index.php\/wp-json\/wp\/v2\/media?parent=140"}],"curies":[{"name":"wp","href":"https:\/\/api.w.org\/{rel}","templated":true}]}}